{"id":711228,"date":"2025-08-27T16:43:23","date_gmt":"2025-08-27T13:43:23","guid":{"rendered":"https:\/\/roveyayinevi.com.tr\/index.php\/urun\/anarsizm-mi-sosyalizm-mi\/"},"modified":"2025-12-30T10:10:14","modified_gmt":"2025-12-30T07:10:14","slug":"anarsizm-mi-sosyalizm-mi","status":"publish","type":"product","link":"https:\/\/roveyayinevi.com.tr\/index.php\/urun\/anarsizm-mi-sosyalizm-mi\/","title":{"rendered":"Anar\u015fizm mi Sosyalizm mi?"},"content":{"rendered":"<p>Baz\u0131lar\u0131 Marksizmle anar\u015fizmin ayn\u0131 ilkelere sahip olduklar\u0131n\u0131 ve aralar\u0131nda yaln\u0131zca taktik g\u00f6r\u00fc\u015f ayr\u0131l\u0131klar\u0131 bulundu\u011funu, bu nedenle de kendilerince bu iki ak\u0131m\u0131 birbirinin kar\u015f\u0131s\u0131na koyman\u0131n t\u00fcm\u00fcyle olanaks\u0131z oldu\u011funu s\u00f6yl\u00fcyorlar. Ama bu b\u00fcy\u00fck bir yan\u0131lg\u0131d\u0131r\u2026 Sorun, Marksizm ve anar\u015fizmin, her ikisinin de m\u00fccadele arenas\u0131nda sosyalist bayrak alt\u0131nda g\u00f6r\u00fcnmelerine kar\u015f\u0131n farkl\u0131 ilkelerden temellenmeleridir. Anar\u015fizmin temel ta\u015f\u0131 bireydir ve ona g\u00f6re bireyin kurtulu\u015fu, kitlenin, kolektifin kurtulu\u015funun ba\u015fl\u0131ca ko\u015fuludur. Anar\u015fistin d\u00fc\u015f\u00fcncesine g\u00f6re, birey kurtulmad\u0131\u011f\u0131 s\u00fcrece, kitlenin kurtulmas\u0131 olanaks\u0131zd\u0131r ve bu nedenle de slogan\u0131, \u201cHer \u015fey birey i\u00e7in\u201ddir. Buna kar\u015f\u0131l\u0131k Marksizmin temel ta\u015f\u0131 kitledir ve ona g\u00f6re kitlenin kurtulu\u015fu, bireyin kurtulu\u015funun ba\u015fl\u0131ca ko\u015fuludur. Yani, Marksizme g\u00f6re, kitle kurtulmad\u0131\u011f\u0131 s\u00fcrece bireyin kurtulu\u015fu olanaks\u0131zd\u0131r ve bu nedenle de slogan\u0131, \u201cHer \u015fey kitle i\u00e7in\u201ddir.<\/p>\n","protected":false},"excerpt":{"rendered":"<p>Baz\u0131lar\u0131 Marksizmle anar\u015fizmin ayn\u0131 ilkelere sahip olduklar\u0131n\u0131 ve aralar\u0131nda yaln\u0131zca taktik g\u00f6r\u00fc\u015f ayr\u0131l\u0131klar\u0131 bulundu\u011funu, bu nedenle de kendilerince bu iki ak\u0131m\u0131 birbirinin kar\u015f\u0131s\u0131na koyman\u0131n t\u00fcm\u00fcyle olanaks\u0131z<span class=\"excerpt-hellip\"> [\u2026]<\/span><\/p>\n","protected":false},"featured_media":0,"template":"","meta":{"_monsterinsights_skip_tracking":false,"_monsterinsights_sitenote_active":false,"_monsterinsights_sitenote_note":"","_monsterinsights_sitenote_category":0},"product_brand":[],"product_cat":[12351,12324],"product_tag":[],"class_list":{"0":"post-711228","1":"product","2":"type-product","3":"status-publish","5":"product_cat-siyaset-sosyolojisi","6":"product_cat-sosyoloji","7":"pa_cilt-ciltsiz","8":"pa_tur-kitap","9":"pa_yayinevi-kor-kitap","10":"pa_yazar-j-v-stalin","12":"first","13":"instock","14":"sale","15":"shipping-taxable","16":"purchasable","17":"product-type-simple"},"_links":{"self":[{"href":"https:\/\/roveyayinevi.com.tr\/index.php\/wp-json\/wp\/v2\/product\/711228","targetHints":{"allow":["GET"]}}],"collection":[{"href":"https:\/\/roveyayinevi.com.tr\/index.php\/wp-json\/wp\/v2\/product"}],"about":[{"href":"https:\/\/roveyayinevi.com.tr\/index.php\/wp-json\/wp\/v2\/types\/product"}],"wp:attachment":[{"href":"https:\/\/roveyayinevi.com.tr\/index.php\/wp-json\/wp\/v2\/media?parent=711228"}],"wp:term":[{"taxonomy":"product_brand","embeddable":true,"href":"https:\/\/roveyayinevi.com.tr\/index.php\/wp-json\/wp\/v2\/product_brand?post=711228"},{"taxonomy":"product_cat","embeddable":true,"href":"https:\/\/roveyayinevi.com.tr\/index.php\/wp-json\/wp\/v2\/product_cat?post=711228"},{"taxonomy":"product_tag","embeddable":true,"href":"https:\/\/roveyayinevi.com.tr\/index.php\/wp-json\/wp\/v2\/product_tag?post=711228"}],"curies":[{"name":"wp","href":"https:\/\/api.w.org\/{rel}","templated":true}]}}