{"id":711225,"date":"2025-08-27T16:43:21","date_gmt":"2025-08-27T13:43:21","guid":{"rendered":"https:\/\/roveyayinevi.com.tr\/index.php\/urun\/metis-bilim-dizisi-32-hayvanlarin-ne-kadar-zeki-oldugunu-anlayacak-kadar-zeki-miyiz\/"},"modified":"2025-11-22T04:24:24","modified_gmt":"2025-11-22T01:24:24","slug":"metis-bilim-dizisi-32-hayvanlarin-ne-kadar-zeki-oldugunu-anlayacak-kadar-zeki-miyiz","status":"publish","type":"product","link":"https:\/\/roveyayinevi.com.tr\/index.php\/urun\/metis-bilim-dizisi-32-hayvanlarin-ne-kadar-zeki-oldugunu-anlayacak-kadar-zeki-miyiz\/","title":{"rendered":"Metis Bilim Dizisi 32 &#8211; Hayvanlar\u0131n Ne Kadar Zeki Oldu\u011funu Anlayacak Kadar Zeki miyiz?"},"content":{"rendered":"<p>\u0130\u00c7ER\u0130K TANITIMI: \u201c\u0130nsanlar neden hayvan zek\u00e2s\u0131n\u0131 k\u00fc\u00e7\u00fcmsemeye bu kadar hevesli? Kendimiz s\u00f6z konusuyken hi\u00e7 sorgulamadan kabul etti\u011fimiz becerileri hayvanlar s\u00f6z konusu oldu\u011funda s\u00fcrekli reddediyoruz. Bunun ard\u0131nda ne var? Di\u011fer t\u00fcrlerin hangi zihinsel seviyede i\u015fledi\u011fini bulmaya \u00e7al\u0131\u015f\u0131rken, esas zorluk sadece hayvanlardan de\u011fil ayn\u0131 zamanda bizim kendimizden de kaynaklan\u0131yor. Hayvanlar\u0131n belli bir t\u00fcr zek\u00e2ya, \u00f6zellikle de kendimizde takdir etti\u011fimiz t\u00fcrden bir zek\u00e2ya sahip olup olmad\u0131klar\u0131n\u0131 sormadan \u00f6nce \u00fcstesinden gelmemiz gereken, bu olas\u0131l\u0131\u011f\u0131 d\u00fc\u015f\u00fcnmemize bile kar\u015f\u0131 \u00e7\u0131kan i\u00e7sel direncimizdir.\u201d Son y\u0131llarda hayvanlar\u0131n bilme yetisi konusunda yap\u0131lan ara\u015ft\u0131rmalar, insan zihnini hayvan zihninden \u00e7ok ayr\u0131, \u201c\u00f6zel\u201d bir yere koyma e\u011filimimizi g\u00f6zden ge\u00e7irmemize neden oluyor. Ahtapotlar\u0131n alet kulland\u0131\u011f\u0131n\u0131, daha iyi bir yiyecek gelece\u011fini bildiklerinde karga ve kuzgunlar\u0131n \u00f6nlerindeki yiyece\u011fi yemeden dakikalarca bekleyebildi\u011fini, \u015fempanzelerin ola\u011fan\u00fcst\u00fc haf\u0131zalar\u0131yla insanlara parmak \u0131s\u0131rtt\u0131\u011f\u0131n\u0131 g\u00f6steren bu ara\u015ft\u0131rmalar hayvanlar\u0131n sand\u0131\u011f\u0131m\u0131zdan \u00e7ok daha zeki, yarat\u0131c\u0131 ve kavray\u0131\u015fl\u0131 oldu\u011funa i\u015faret ediyor. Hayvanlarla ilgili \u00e7al\u0131\u015fmalarda insanmerkezci yakla\u015f\u0131m\u0131n de\u011fi\u015fmesinde \u00f6nemli bir rol oynayan Hollandal\u0131 primatolog Frans de Waal kargalar, yunuslar, papa\u011fanlar, koyunlar, e\u015fekar\u0131lar\u0131, yarasalar, balinalar ve elbette primatlarla ilgili son ara\u015ft\u0131rmalardan faydalanarak hayvan zek\u00e2s\u0131n\u0131n ger\u00e7ek boyutlar\u0131n\u0131 ke\u015ffe \u00e7\u0131k\u0131yor. \u0130nsanlar\u0131n en tepede oldu\u011fu bir bili\u015fsel hiyerar\u015fiyi reddeden de Waal, onun yerine insan dahil her hayvan\u0131n kendine \u00f6zg\u00fc zek\u00e2, yeti ve yetenekleriyle de\u011ferlendirilip takdir edildi\u011fi daha objektif bir model \u00f6neriyor. YAZAR HAKKINDA: 1948 do\u011fumlu Hollandal\u0131 psikolog, primatolog, etolog. 1975&#8217;te Arnhem Hayvanat Bah\u00e7esi&#8217;nde d\u00fcnyan\u0131n en b\u00fcy\u00fck \u015fempanze kolonisi \u00fczerine alt\u0131 y\u0131ll\u0131k bir proje ba\u015flatt\u0131; bu proje pek \u00e7ok bilimsel makale ve Chimpanzee Politics (\u015eempanze Siyaseti) adl\u0131 bir kitapla sonu\u00e7land\u0131.  Ara\u015ft\u0131rmalar\u0131nda primatlarda yemek payla\u015f\u0131m\u0131, toplumsal ili\u015fkiler ve sorun \u00e7\u00f6zme y\u00f6ntemlerinin yan\u0131 s\u0131ra insan toplumunda ahlak ve adaletin k\u00f6kenleri gibi konulara odaklanan de Waal, 1991&#8217;den beri \u00e7al\u0131\u015fmalar\u0131n\u0131 Atlanta&#8217;daki Emory \u00dcniversitesi&#8217;nin psikoloji b\u00f6l\u00fcm\u00fcnde ve Yerkes Ara\u015ft\u0131rma Merkezi&#8217;nde s\u00fcrd\u00fcr\u00fcyor.   PLANLANMI\u015e REKLAM \u00c7ALI\u015eMALARI: Kitap eki ilanlar\u0131. <\/p>\n","protected":false},"excerpt":{"rendered":"<p>\u0130\u00c7ER\u0130K TANITIMI: \u201c\u0130nsanlar neden hayvan zek\u00e2s\u0131n\u0131 k\u00fc\u00e7\u00fcmsemeye bu kadar hevesli? Kendimiz s\u00f6z konusuyken hi\u00e7 sorgulamadan kabul etti\u011fimiz becerileri hayvanlar s\u00f6z konusu oldu\u011funda s\u00fcrekli reddediyoruz. Bunun ard\u0131nda<span class=\"excerpt-hellip\"> [\u2026]<\/span><\/p>\n","protected":false},"featured_media":0,"template":"","meta":{"_monsterinsights_skip_tracking":false,"_monsterinsights_sitenote_active":false,"_monsterinsights_sitenote_note":"","_monsterinsights_sitenote_category":0},"product_brand":[],"product_cat":[13005,13006],"product_tag":[],"class_list":{"0":"post-711225","1":"product","2":"type-product","3":"status-publish","5":"product_cat-bilim-muhendislik","6":"product_cat-populer-bilim","7":"pa_cilt-ciltsiz","8":"pa_tur-kitap","9":"pa_yayinevi-metis-yayinlari","10":"pa_yazar-frans-de-waal","12":"first","13":"instock","14":"sale","15":"shipping-taxable","16":"purchasable","17":"product-type-simple"},"_links":{"self":[{"href":"https:\/\/roveyayinevi.com.tr\/index.php\/wp-json\/wp\/v2\/product\/711225","targetHints":{"allow":["GET"]}}],"collection":[{"href":"https:\/\/roveyayinevi.com.tr\/index.php\/wp-json\/wp\/v2\/product"}],"about":[{"href":"https:\/\/roveyayinevi.com.tr\/index.php\/wp-json\/wp\/v2\/types\/product"}],"wp:attachment":[{"href":"https:\/\/roveyayinevi.com.tr\/index.php\/wp-json\/wp\/v2\/media?parent=711225"}],"wp:term":[{"taxonomy":"product_brand","embeddable":true,"href":"https:\/\/roveyayinevi.com.tr\/index.php\/wp-json\/wp\/v2\/product_brand?post=711225"},{"taxonomy":"product_cat","embeddable":true,"href":"https:\/\/roveyayinevi.com.tr\/index.php\/wp-json\/wp\/v2\/product_cat?post=711225"},{"taxonomy":"product_tag","embeddable":true,"href":"https:\/\/roveyayinevi.com.tr\/index.php\/wp-json\/wp\/v2\/product_tag?post=711225"}],"curies":[{"name":"wp","href":"https:\/\/api.w.org\/{rel}","templated":true}]}}