{"id":711222,"date":"2025-08-27T16:43:19","date_gmt":"2025-08-27T13:43:19","guid":{"rendered":"https:\/\/roveyayinevi.com.tr\/index.php\/urun\/altindag-huzun-coskusu\/"},"modified":"2026-04-16T02:19:50","modified_gmt":"2026-04-15T23:19:50","slug":"altindag-huzun-coskusu","status":"publish","type":"product","link":"https:\/\/roveyayinevi.com.tr\/index.php\/urun\/altindag-huzun-coskusu\/","title":{"rendered":"Alt\u0131nda\u011f (H\u00fcz\u00fcn \u00c7o\u015fkusu)"},"content":{"rendered":"<p>Alt\u0131nda\u011f\u2019\u0131 i\u015flemek, bir co\u015fku, bir \u00fcrk\u00fc, bir korku, bir heyecan, bir devinim ki!.. Ars\u0131z bir sevda oldu. \u0130\u015fledik\u00e7e nak\u0131\u015f\u0131n zorlu\u011funu kavr\u0131yorum. Sorduk\u00e7a, ara\u015ft\u0131rd\u0131k\u00e7a \u00f6\u011frenme susuzlu\u011fum kaleme, k\u00e2\u011f\u0131da, bak\u0131\u015fa, y\u00fcr\u00fcy\u00fc\u015fe, d\u00fc\u015f\u00fcnceye yans\u0131yor. Bu yorgunlu\u011fun, bu devinimin dinginli\u011fini, yine bu \u00e7al\u0131\u015fman\u0131n g\u00fczelli\u011finde, deyiminde, t\u00fcrk\u00fcs\u00fcnde, y\u0131kay\u0131p ast\u0131\u011f\u0131 renk renk \u00e7ama\u015f\u0131r\u0131n\u0131n seyrinde buluyorum.Alt\u0131nda\u011f i\u00e7in, \u201cAlt\u0131 da\u011f, \u00fcst\u00fc g\u00f6k\u201d diyor bir k\u00fc\u00e7\u00fck kentsoylu ayd\u0131n. Baz\u0131lar\u0131na da Alt\u0131nda\u011f, \u201cgecekonduyu ve l\u00fcmpenli\u011fi\u201d \u00e7a\u011fr\u0131\u015ft\u0131r\u0131yor.Ben de yeni insan tipiyle gecekondular\u0131n \u00e7ekirde\u011fini anl\u0131yorum. Sevdaya uzaktan bakan kad\u0131nlar\u0131, yanl\u0131\u015flar\u0131 bol kabaday\u0131lara \u00f6yk\u00fcnen \u00e7ocuklar\u0131, \u015fi\u015feye teslim olan kumarc\u0131lar\u0131, gen\u00e7leri, k\u00fc\u00e7\u00fck saks\u0131larda bah\u00e7e \u00f6zlemini gideren, buna kar\u015f\u0131n bir-iki odal\u0131 evlerinde ya\u015fam co\u015fkular\u0131yla \u00e7ocuk say\u0131lar\u0131na \u00e7ocuk katan, sevdayla sevinci ve ac\u0131y\u0131 payla\u015fan insanlar\u0131m\u0131 anl\u0131yorum. <\/p>\n","protected":false},"excerpt":{"rendered":"<p>Alt\u0131nda\u011f\u2019\u0131 i\u015flemek, bir co\u015fku, bir \u00fcrk\u00fc, bir korku, bir heyecan, bir devinim ki!.. Ars\u0131z bir sevda oldu. \u0130\u015fledik\u00e7e nak\u0131\u015f\u0131n zorlu\u011funu kavr\u0131yorum. Sorduk\u00e7a, ara\u015ft\u0131rd\u0131k\u00e7a \u00f6\u011frenme susuzlu\u011fum kaleme,<span class=\"excerpt-hellip\"> [\u2026]<\/span><\/p>\n","protected":false},"featured_media":0,"template":"","meta":{"_monsterinsights_skip_tracking":false,"_monsterinsights_sitenote_active":false,"_monsterinsights_sitenote_note":"","_monsterinsights_sitenote_category":0},"product_brand":[],"product_cat":[18545,12291],"product_tag":[],"class_list":{"0":"post-711222","1":"product","2":"type-product","3":"status-publish","5":"product_cat-anlati","6":"product_cat-edebiyat","7":"pa_cilt-ciltsiz","8":"pa_tur-kitap","9":"pa_yayinevi-bilgi-yayinevi","10":"pa_yazar-yasar-seyman","12":"first","13":"instock","14":"sale","15":"shipping-taxable","16":"purchasable","17":"product-type-simple"},"_links":{"self":[{"href":"https:\/\/roveyayinevi.com.tr\/index.php\/wp-json\/wp\/v2\/product\/711222","targetHints":{"allow":["GET"]}}],"collection":[{"href":"https:\/\/roveyayinevi.com.tr\/index.php\/wp-json\/wp\/v2\/product"}],"about":[{"href":"https:\/\/roveyayinevi.com.tr\/index.php\/wp-json\/wp\/v2\/types\/product"}],"wp:attachment":[{"href":"https:\/\/roveyayinevi.com.tr\/index.php\/wp-json\/wp\/v2\/media?parent=711222"}],"wp:term":[{"taxonomy":"product_brand","embeddable":true,"href":"https:\/\/roveyayinevi.com.tr\/index.php\/wp-json\/wp\/v2\/product_brand?post=711222"},{"taxonomy":"product_cat","embeddable":true,"href":"https:\/\/roveyayinevi.com.tr\/index.php\/wp-json\/wp\/v2\/product_cat?post=711222"},{"taxonomy":"product_tag","embeddable":true,"href":"https:\/\/roveyayinevi.com.tr\/index.php\/wp-json\/wp\/v2\/product_tag?post=711222"}],"curies":[{"name":"wp","href":"https:\/\/api.w.org\/{rel}","templated":true}]}}