{"id":711221,"date":"2025-08-27T16:43:19","date_gmt":"2025-08-27T13:43:19","guid":{"rendered":"https:\/\/roveyayinevi.com.tr\/index.php\/urun\/muzaffer-izgu-ile-gulumsemek\/"},"modified":"2026-04-16T02:19:50","modified_gmt":"2026-04-15T23:19:50","slug":"muzaffer-izgu-ile-gulumsemek","status":"publish","type":"product","link":"https:\/\/roveyayinevi.com.tr\/index.php\/urun\/muzaffer-izgu-ile-gulumsemek\/","title":{"rendered":"Muzaffer \u0130zg\u00fc \u0130le G\u00fcl\u00fcmsemek"},"content":{"rendered":"<p>G\u00fclmece yaz\u0131n\u0131m\u0131za anas\u0131n\u0131n ar\u0131 sili T\u00fcrk\u00e7esini kararl\u0131l\u0131kla, a\u015fkla ta\u015f\u0131yan; yaz\u0131p durmalar\u0131m\u0131z\u0131n\/ sanat\u0131n \u00f6z\u00fcndeki \u201cHay\u0131r!\u201d \u00e7\u0131\u011fl\u0131\u011f\u0131n\u0131, muhalif halini her dem y\u00fcre\u011finde duyan; d\u00fc\u015f\u00fcnmenin, d\u00fc\u015flemenin, soru sorman\u0131n, veriliye kar\u015f\u0131 \u00e7\u0131kman\u0131n de\u011ferini \u00e7ok iyi bilen; \u00fclkesini, d\u00fcnyan\u0131n \u00e7ocuklar\u0131n\u0131 \u00e7ok seven; hep yoksulun\/ g\u00fc\u00e7s\u00fcz\u00fcn yan\u0131nda duran usta bir kalem i\u00e7in, Muzaffer \u0130zg\u00fc i\u00e7in haz\u0131rlad\u0131k bu yap\u0131t\u0131. \u0130zg\u00fc\u2019m\u00fcz bir g\u00fcn, bir ay, bir y\u0131l daha (daha \u00e7ok) kals\u0131n aram\u0131zda&#8230; o \u00e7ok sevdi\u011fi \u00e7ocuklar\u0131 \u00fczmesin diyeydi bu \u00e7abam\u0131z da&#8230; Ne ki olmad\u0131; \u0130zg\u00fc, bu yap\u0131t\u0131 (birka\u00e7 metni dinledi, haz\u0131rl\u0131\u011f\u0131m\u0131z\u0131 son anda \u00f6\u011frendiyse de) g\u00f6remeden ayr\u0131ld\u0131 aram\u0131zdan.Tesellimiz \u015fu ki T\u00fcrk g\u00fclmece ve \u00e7ocuk yaz\u0131n\u0131na \u00f6mr\u00fcn\u00fc vermi\u015f \u0130zg\u00fc\u2019y\u00fc bu yap\u0131tta b\u00fct\u00fcn y\u00f6nleriyle okurun, merakl\u0131lar\u0131n, ara\u015ft\u0131rmac\u0131lar\u0131n, \u00e7ocuklar\u0131m\u0131z\u0131n g\u00f6zleri \u00f6n\u00fcne sermi\u015f olduk.Onun \u00e7oktan hak etti\u011fi bir \u00e7al\u0131\u015fmayd\u0131 bu g\u00fcldeste.G\u00fczel an\u0131s\u0131 ve o b\u00fcy\u00fck eme\u011fi \u00f6n\u00fcnde sayg\u0131yla e\u011filerek&#8230; <\/p>\n","protected":false},"excerpt":{"rendered":"<p>G\u00fclmece yaz\u0131n\u0131m\u0131za anas\u0131n\u0131n ar\u0131 sili T\u00fcrk\u00e7esini kararl\u0131l\u0131kla, a\u015fkla ta\u015f\u0131yan; yaz\u0131p durmalar\u0131m\u0131z\u0131n\/ sanat\u0131n \u00f6z\u00fcndeki \u201cHay\u0131r!\u201d \u00e7\u0131\u011fl\u0131\u011f\u0131n\u0131, muhalif halini her dem y\u00fcre\u011finde duyan; d\u00fc\u015f\u00fcnmenin, d\u00fc\u015flemenin, soru sorman\u0131n, veriliye<span class=\"excerpt-hellip\"> [\u2026]<\/span><\/p>\n","protected":false},"featured_media":0,"template":"","meta":{"_monsterinsights_skip_tracking":false,"_monsterinsights_sitenote_active":false,"_monsterinsights_sitenote_note":"","_monsterinsights_sitenote_category":0},"product_brand":[],"product_cat":[13701,12291],"product_tag":[],"class_list":{"0":"post-711221","1":"product","2":"type-product","3":"status-publish","5":"product_cat-ani-mektup-gunluk","6":"product_cat-edebiyat","7":"pa_cilt-ciltsiz","8":"pa_tur-kitap","9":"pa_yayinevi-bilgi-yayinevi","10":"pa_yazar-kolektif","12":"first","13":"instock","14":"sale","15":"shipping-taxable","16":"purchasable","17":"product-type-simple"},"_links":{"self":[{"href":"https:\/\/roveyayinevi.com.tr\/index.php\/wp-json\/wp\/v2\/product\/711221","targetHints":{"allow":["GET"]}}],"collection":[{"href":"https:\/\/roveyayinevi.com.tr\/index.php\/wp-json\/wp\/v2\/product"}],"about":[{"href":"https:\/\/roveyayinevi.com.tr\/index.php\/wp-json\/wp\/v2\/types\/product"}],"wp:attachment":[{"href":"https:\/\/roveyayinevi.com.tr\/index.php\/wp-json\/wp\/v2\/media?parent=711221"}],"wp:term":[{"taxonomy":"product_brand","embeddable":true,"href":"https:\/\/roveyayinevi.com.tr\/index.php\/wp-json\/wp\/v2\/product_brand?post=711221"},{"taxonomy":"product_cat","embeddable":true,"href":"https:\/\/roveyayinevi.com.tr\/index.php\/wp-json\/wp\/v2\/product_cat?post=711221"},{"taxonomy":"product_tag","embeddable":true,"href":"https:\/\/roveyayinevi.com.tr\/index.php\/wp-json\/wp\/v2\/product_tag?post=711221"}],"curies":[{"name":"wp","href":"https:\/\/api.w.org\/{rel}","templated":true}]}}