{"id":711219,"date":"2025-08-27T16:43:18","date_gmt":"2025-08-27T13:43:18","guid":{"rendered":"https:\/\/roveyayinevi.com.tr\/index.php\/urun\/tom-bombadilin-maceralari-ciltli\/"},"modified":"2025-11-06T04:28:22","modified_gmt":"2025-11-06T01:28:22","slug":"tom-bombadilin-maceralari-ciltli","status":"publish","type":"product","link":"https:\/\/roveyayinevi.com.tr\/index.php\/urun\/tom-bombadilin-maceralari-ciltli\/","title":{"rendered":"Tom Bombadil\u2019in Maceralar\u0131 (Ciltli)"},"content":{"rendered":"<p>\u201cElinizdeki kitap, bu ilgi \u00e7ekici karakterlerin hik\u00e2yelerinin devam\u0131n\u0131 bekleyen Hobbit hayranlar\u0131n\u0131n ka\u00e7\u0131rmak istemeyece\u011fi bir kitapt\u0131r.\u201d Elli y\u0131l \u00f6nce ilk kez bas\u0131ld\u0131\u011f\u0131nda kitab\u0131n \u00fczerine bu s\u00f6zler yaz\u0131lm\u0131\u015ft\u0131. Y\u00fcz\u00fcklerin Efendisi\u2019ndeki en ilgin\u00e7 karakterlerden biri olan e\u011flence dolu ve esrarengiz Tom Bombadil, Hobbitlerin yazd\u0131\u011f\u0131na inan\u0131lan, Bilbo ile Frodo Baggins ve arkada\u015flar\u0131n\u0131n hik\u00e2yeleriyle beraber K\u0131rm\u0131z\u0131 Kitap\u2019a kaydedilen \u015fiirlerde de yer almaktad\u0131r. Tom Bombadil\u2019in Maceralar\u0131, bu \u015fiirlerin yan\u0131 s\u0131ra \u00dc\u00e7\u00fcnc\u00fc \u00c7a\u011f\u2019\u0131n sonunda Shire\u2019\u0131n efsanelerini konu alan di\u011fer \u015fiirleri de bir araya getiriyor. \u201cProfes\u00f6r Tolkien, Hobbit\u2019in i\u00e7erisine yerle\u015ftirdi\u011fi \u015fiirlerde \u015fark\u0131lara, tekerlemelere ve baladlara yetene\u011fi oldu\u011funu bize g\u00f6stermi\u015fti. Tom Bombadil\u2019in Maceralar\u0131\u2019nda bu yetene\u011fin deha seviyesinde oldu\u011fu anla\u015f\u0131l\u0131yor.\u201d Listener Bu \u00f6zel edisyon Tolkien\u2019in baz\u0131 \u015fiirlerinin ilk kez yay\u0131mlanacak \u00f6ncel versiyonlar\u0131, Tom Bombadil\u2019in nesir \u015feklinde yaz\u0131lmaya ba\u015flanan hik\u00e2yesinin bir par\u00e7as\u0131 ve Tolkien ara\u015ft\u0131rmac\u0131lar\u0131 Christina Scull ve Wayne G. Hammond\u2019\u0131n ayr\u0131nt\u0131l\u0131 notlar\u0131yla geni\u015fletilmi\u015ftir. <\/p>\n","protected":false},"excerpt":{"rendered":"<p>\u201cElinizdeki kitap, bu ilgi \u00e7ekici karakterlerin hik\u00e2yelerinin devam\u0131n\u0131 bekleyen Hobbit hayranlar\u0131n\u0131n ka\u00e7\u0131rmak istemeyece\u011fi bir kitapt\u0131r.\u201d Elli y\u0131l \u00f6nce ilk kez bas\u0131ld\u0131\u011f\u0131nda kitab\u0131n \u00fczerine bu s\u00f6zler yaz\u0131lm\u0131\u015ft\u0131.<span class=\"excerpt-hellip\"> [\u2026]<\/span><\/p>\n","protected":false},"featured_media":0,"template":"","meta":{"_monsterinsights_skip_tracking":false,"_monsterinsights_sitenote_active":false,"_monsterinsights_sitenote_note":"","_monsterinsights_sitenote_category":0},"product_brand":[],"product_cat":[12291,14777],"product_tag":[],"class_list":{"0":"post-711219","1":"product","2":"type-product","3":"status-publish","5":"product_cat-edebiyat","6":"product_cat-fantastik","7":"pa_cilt-ciltli","8":"pa_tur-kitap","9":"pa_yayinevi-ithaki-yayinlari","10":"pa_yazar-j-r-r-tolkien","12":"first","13":"instock","14":"sale","15":"shipping-taxable","16":"purchasable","17":"product-type-simple"},"_links":{"self":[{"href":"https:\/\/roveyayinevi.com.tr\/index.php\/wp-json\/wp\/v2\/product\/711219","targetHints":{"allow":["GET"]}}],"collection":[{"href":"https:\/\/roveyayinevi.com.tr\/index.php\/wp-json\/wp\/v2\/product"}],"about":[{"href":"https:\/\/roveyayinevi.com.tr\/index.php\/wp-json\/wp\/v2\/types\/product"}],"wp:attachment":[{"href":"https:\/\/roveyayinevi.com.tr\/index.php\/wp-json\/wp\/v2\/media?parent=711219"}],"wp:term":[{"taxonomy":"product_brand","embeddable":true,"href":"https:\/\/roveyayinevi.com.tr\/index.php\/wp-json\/wp\/v2\/product_brand?post=711219"},{"taxonomy":"product_cat","embeddable":true,"href":"https:\/\/roveyayinevi.com.tr\/index.php\/wp-json\/wp\/v2\/product_cat?post=711219"},{"taxonomy":"product_tag","embeddable":true,"href":"https:\/\/roveyayinevi.com.tr\/index.php\/wp-json\/wp\/v2\/product_tag?post=711219"}],"curies":[{"name":"wp","href":"https:\/\/api.w.org\/{rel}","templated":true}]}}