{"id":711218,"date":"2025-08-27T16:43:17","date_gmt":"2025-08-27T13:43:17","guid":{"rendered":"https:\/\/roveyayinevi.com.tr\/index.php\/urun\/vakif\/"},"modified":"2026-04-16T02:19:50","modified_gmt":"2026-04-15T23:19:50","slug":"vakif","status":"publish","type":"product","link":"https:\/\/roveyayinevi.com.tr\/index.php\/urun\/vakif\/","title":{"rendered":"Vak\u0131f"},"content":{"rendered":"<p>Hugo T\u00fcm Zamanlar\u0131n En \u0130yi Serisi \u00d6d\u00fcl\u00fc 1941 y\u0131l\u0131nda gen\u00e7 bir bilim insan\u0131 ve yazar olarak Isaac Asimov, Edward Gibbon\u2019\u0131n yazd\u0131\u011f\u0131 Roma \u0130mparatorlu\u011fu&#8217;nun Gerileyi\u015f ve \u00c7\u00f6k\u00fc\u015f Tarihi\u2019nden etkilenerek \u00e7a\u011f\u0131n\u0131n \u00e7ok \u00f6tesinde bir destan yazd\u0131: Galaktik \u0130mparatorluk\u2019un \u00e7\u00f6k\u00fc\u015f\u00fc ve feodalizmin d\u00f6n\u00fc\u015f\u00fc, \u0130kinci Galaktik \u0130mparatorluk d\u00f6nemindeki g\u00fcvenli ortamdan ge\u00e7mi\u015fe bakan bir bak\u0131\u015f a\u00e7\u0131s\u0131yla anlat\u0131ld\u0131. \u0130\u015fte bu s\u00fcre\u00e7 sonucunda \u201cTarih tahmin edilebilir mi?\u201d, \u201cToplum nas\u0131l y\u00f6netilmeli?\u201d ya da \u201c\u0130mparatorluklar neden y\u00fckselir ve \u00e7\u00f6ker?\u201d gibi sorular\u0131 sormaktan \u00e7ekinmeyen destans\u0131 Vak\u0131f Serisi ortaya \u00e7\u0131kt\u0131. Galaktik \u0130mparatorluk\u2019un alt\u0131n \u00e7a\u011f\u0131yd\u0131. Binlerce y\u0131ld\u0131r gezegenler bu kadim medeniyet\u00e7e y\u00f6netiliyordu. Ancak bir adam, imparatorlu\u011fun \u00e7\u00f6kece\u011fini \u00f6ng\u00f6rme c\u00fcretini g\u00f6sterdi: Psikotarih biliminin \u00f6nc\u00fcs\u00fc Hari Seldon. Tahminlerine g\u00f6re galaktik sava\u015f ka\u00e7\u0131n\u0131lmazd\u0131. Bu durumu olabildi\u011fince ertelemek ad\u0131na iki Vak\u0131f kurdu; biri imparatorlu\u011fun sahip oldu\u011fu binlerce y\u0131ll\u0131k bilgiyi korumakla y\u00fck\u00fcml\u00fcyd\u00fc, di\u011ferinin ise ne yeri ne de amac\u0131 biliniyordu. \u0130mparatorluk \u00e7\u00f6kmeye ba\u015flay\u0131nca Galaktik Ansiklopedi \u00fczerinde \u00e7al\u0131\u015fan Birinci Vak\u0131f sakinleri, Seldon\u2019\u0131n onlar i\u00e7in tahminlerinin de \u00f6tesinde bir rol bi\u00e7ti\u011fini anlayacakt\u0131. \u0130thaki Yay\u0131nlar\u0131, Vak\u0131f Serisi\u2019ni yay\u0131mlanma s\u0131ras\u0131na g\u00f6re yay\u0131mlamaya devam edecek. Yay\u0131mlan\u0131\u015f tarihine g\u00f6re: 1. kitap \/ Kronolojiye g\u00f6re: 3. kitap <\/p>\n","protected":false},"excerpt":{"rendered":"<p>Hugo T\u00fcm Zamanlar\u0131n En \u0130yi Serisi \u00d6d\u00fcl\u00fc 1941 y\u0131l\u0131nda gen\u00e7 bir bilim insan\u0131 ve yazar olarak Isaac Asimov, Edward Gibbon\u2019\u0131n yazd\u0131\u011f\u0131 Roma \u0130mparatorlu\u011fu&#8217;nun Gerileyi\u015f ve \u00c7\u00f6k\u00fc\u015f<span class=\"excerpt-hellip\"> [\u2026]<\/span><\/p>\n","protected":false},"featured_media":0,"template":"","meta":{"_monsterinsights_skip_tracking":false,"_monsterinsights_sitenote_active":false,"_monsterinsights_sitenote_note":"","_monsterinsights_sitenote_category":0},"product_brand":[],"product_cat":[12540,12291],"product_tag":[],"class_list":{"0":"post-711218","1":"product","2":"type-product","3":"status-publish","5":"product_cat-bilim-kurgu","6":"product_cat-edebiyat","7":"pa_cilt-ciltsiz","8":"pa_tur-kitap","9":"pa_yayinevi-ithaki-yayinlari","10":"pa_yazar-isaac-asimov","12":"first","13":"instock","14":"sale","15":"shipping-taxable","16":"purchasable","17":"product-type-simple"},"_links":{"self":[{"href":"https:\/\/roveyayinevi.com.tr\/index.php\/wp-json\/wp\/v2\/product\/711218","targetHints":{"allow":["GET"]}}],"collection":[{"href":"https:\/\/roveyayinevi.com.tr\/index.php\/wp-json\/wp\/v2\/product"}],"about":[{"href":"https:\/\/roveyayinevi.com.tr\/index.php\/wp-json\/wp\/v2\/types\/product"}],"wp:attachment":[{"href":"https:\/\/roveyayinevi.com.tr\/index.php\/wp-json\/wp\/v2\/media?parent=711218"}],"wp:term":[{"taxonomy":"product_brand","embeddable":true,"href":"https:\/\/roveyayinevi.com.tr\/index.php\/wp-json\/wp\/v2\/product_brand?post=711218"},{"taxonomy":"product_cat","embeddable":true,"href":"https:\/\/roveyayinevi.com.tr\/index.php\/wp-json\/wp\/v2\/product_cat?post=711218"},{"taxonomy":"product_tag","embeddable":true,"href":"https:\/\/roveyayinevi.com.tr\/index.php\/wp-json\/wp\/v2\/product_tag?post=711218"}],"curies":[{"name":"wp","href":"https:\/\/api.w.org\/{rel}","templated":true}]}}