{"id":711216,"date":"2025-08-27T16:43:16","date_gmt":"2025-08-27T13:43:16","guid":{"rendered":"https:\/\/roveyayinevi.com.tr\/index.php\/urun\/rakamlar-ve-tasitlar\/"},"modified":"2026-04-16T02:19:49","modified_gmt":"2026-04-15T23:19:49","slug":"rakamlar-ve-tasitlar","status":"publish","type":"product","link":"https:\/\/roveyayinevi.com.tr\/index.php\/urun\/rakamlar-ve-tasitlar\/","title":{"rendered":"Rakamlar Ve Ta\u015f\u0131tlar"},"content":{"rendered":"<p>Bu rakamlar \u00e7ocuklara bir \u015feyler f\u0131s\u0131ld\u0131yor. K\u00fc\u00e7\u00fck okurlar\u0131 rakamlarlatan\u0131\u015ft\u0131rmak, matemati\u011fi sevdirmek i\u00e7in \u201cRakamlar ve &#8230;\u201d farkl\u0131temalarda aktivite kitaplar\u0131 dizisi. Benzersiz, ilgin\u00e7, e\u011flenceli&#8230; \u00c7ocuklar\u0131nkonsantrasyon ve alg\u0131 yeteneklerini geli\u015ftirmeyi ama\u00e7layan kitap <\/p>\n","protected":false},"excerpt":{"rendered":"<p>Bu rakamlar \u00e7ocuklara bir \u015feyler f\u0131s\u0131ld\u0131yor. K\u00fc\u00e7\u00fck okurlar\u0131 rakamlarlatan\u0131\u015ft\u0131rmak, matemati\u011fi sevdirmek i\u00e7in \u201cRakamlar ve &#8230;\u201d farkl\u0131temalarda aktivite kitaplar\u0131 dizisi. Benzersiz, ilgin\u00e7, e\u011flenceli&#8230; \u00c7ocuklar\u0131nkonsantrasyon ve alg\u0131 yeteneklerini<span class=\"excerpt-hellip\"> [\u2026]<\/span><\/p>\n","protected":false},"featured_media":0,"template":"","meta":{"_monsterinsights_skip_tracking":false,"_monsterinsights_sitenote_active":false,"_monsterinsights_sitenote_note":"","_monsterinsights_sitenote_category":0},"product_brand":[],"product_cat":[12913,12274],"product_tag":[],"class_list":{"0":"post-711216","1":"product","2":"type-product","3":"status-publish","5":"product_cat-3-6-yas-kitaplari","6":"product_cat-cocuk-ve-genclik-kitaplari","7":"pa_cilt-ciltsiz","8":"pa_tur-kitap","9":"pa_yayinevi-iletisim-yayinlari","10":"pa_yazar-murat-celep","12":"first","13":"instock","14":"sale","15":"shipping-taxable","16":"purchasable","17":"product-type-simple"},"_links":{"self":[{"href":"https:\/\/roveyayinevi.com.tr\/index.php\/wp-json\/wp\/v2\/product\/711216","targetHints":{"allow":["GET"]}}],"collection":[{"href":"https:\/\/roveyayinevi.com.tr\/index.php\/wp-json\/wp\/v2\/product"}],"about":[{"href":"https:\/\/roveyayinevi.com.tr\/index.php\/wp-json\/wp\/v2\/types\/product"}],"wp:attachment":[{"href":"https:\/\/roveyayinevi.com.tr\/index.php\/wp-json\/wp\/v2\/media?parent=711216"}],"wp:term":[{"taxonomy":"product_brand","embeddable":true,"href":"https:\/\/roveyayinevi.com.tr\/index.php\/wp-json\/wp\/v2\/product_brand?post=711216"},{"taxonomy":"product_cat","embeddable":true,"href":"https:\/\/roveyayinevi.com.tr\/index.php\/wp-json\/wp\/v2\/product_cat?post=711216"},{"taxonomy":"product_tag","embeddable":true,"href":"https:\/\/roveyayinevi.com.tr\/index.php\/wp-json\/wp\/v2\/product_tag?post=711216"}],"curies":[{"name":"wp","href":"https:\/\/api.w.org\/{rel}","templated":true}]}}