{"id":711214,"date":"2025-08-27T16:43:15","date_gmt":"2025-08-27T13:43:15","guid":{"rendered":"https:\/\/roveyayinevi.com.tr\/index.php\/urun\/kirik-kadeh-sinemasi-iftiharla-sunar\/"},"modified":"2026-04-16T02:19:49","modified_gmt":"2026-04-15T23:19:49","slug":"kirik-kadeh-sinemasi-iftiharla-sunar","status":"publish","type":"product","link":"https:\/\/roveyayinevi.com.tr\/index.php\/urun\/kirik-kadeh-sinemasi-iftiharla-sunar\/","title":{"rendered":"K\u0131r\u0131k Kadeh Sinemas\u0131 \u0130ftiharla Sunar"},"content":{"rendered":"<p>Biz de bir g\u00fcn b\u00fcy\u00fcyecek ve \u00fcst kata \u00e7\u0131kacakt\u0131k. O kalabal\u0131k i\u00e7ersinde masam\u0131za oturacak, \u00e7evremizde edebiyat\u00e7\u0131lara, sanat kokanlara, sanat\u00e7\u0131 gibi i\u00e7en, i\u00e7kiye sanat tad\u0131 verenlere kar\u0131\u015facakt\u0131k. \u00c7\u00fcnk\u00fc meyhanede olmak bir sanatt\u0131. Birbirini k\u0131rmamak, incitmemekti. Alkolle incelen boya gibi d\u00fcnyay\u0131 yeniden boyamak, renklendirmekti. \u015eark\u0131lar, filmler, \u015fiirler, yeme-i\u00e7me al\u0131\u015fkanl\u0131klar\u0131 bir toplumun ortak haf\u0131zas\u0131n\u0131 belirleyen en \u00f6nemli yap\u0131ta\u015flar\u0131 aras\u0131ndad\u0131r. Bazen kula\u011f\u0131n\u0131za \u00e7al\u0131nan bir \u015fark\u0131, bir filmin karesinden f\u0131rlay\u0131p gelen bir karakteri yan\u0131 ba\u015f\u0131n\u0131za getirir. Bazen ortak hat\u0131rlanan bir \u015fiir dizesi derin bir dostlu\u011fun yerini tutar. Meyhaneler ise T\u00fcrkiye\u2019de, \u00f6zellikle de \u0130stanbul\u2019da ayr\u0131ca ku\u015faklar aras\u0131ndaki usta-\u00e7\u0131rak ili\u015fkisinin de alt\u0131n\u0131 \u00e7izer. Herhangi bir lokantada bulunmayan gizli bir hiyerar\u015fi, zamanla kazan\u0131lan bir  kabul&#8230; Kendi k\u00fclt\u00fcr\u00fcn\u00fc tan\u0131yanlara a\u00e7\u0131lan bir kap\u0131. \u00c7a\u011fda\u015f T\u00fcrk \u015fiirinin en \u00f6nemli isimlerinden k\u00fc\u00e7\u00fck \u0130skender\u2019in bu kitab\u0131 bir yeme-i\u00e7me kitab\u0131 de\u011fil. Filmler, \u015fiirler, \u015fark\u0131lar e\u015fli\u011finde hepimizin ortak haf\u0131zas\u0131n\u0131n geri plan\u0131nda var olan masumiyete sayg\u0131 duru\u015fu. <\/p>\n","protected":false},"excerpt":{"rendered":"<p>Biz de bir g\u00fcn b\u00fcy\u00fcyecek ve \u00fcst kata \u00e7\u0131kacakt\u0131k. O kalabal\u0131k i\u00e7ersinde masam\u0131za oturacak, \u00e7evremizde edebiyat\u00e7\u0131lara, sanat kokanlara, sanat\u00e7\u0131 gibi i\u00e7en, i\u00e7kiye sanat tad\u0131 verenlere kar\u0131\u015facakt\u0131k.<span class=\"excerpt-hellip\"> [\u2026]<\/span><\/p>\n","protected":false},"featured_media":0,"template":"","meta":{"_monsterinsights_skip_tracking":false,"_monsterinsights_sitenote_active":false,"_monsterinsights_sitenote_note":"","_monsterinsights_sitenote_category":0},"product_brand":[],"product_cat":[12777,12291],"product_tag":[],"class_list":{"0":"post-711214","1":"product","2":"type-product","3":"status-publish","5":"product_cat-deneme","6":"product_cat-edebiyat","7":"pa_cilt-ciltsiz","8":"pa_tur-kitap","9":"pa_yayinevi-can-yayinlari","10":"pa_yazar-kucuk-iskender","12":"first","13":"instock","14":"sale","15":"shipping-taxable","16":"purchasable","17":"product-type-simple"},"_links":{"self":[{"href":"https:\/\/roveyayinevi.com.tr\/index.php\/wp-json\/wp\/v2\/product\/711214","targetHints":{"allow":["GET"]}}],"collection":[{"href":"https:\/\/roveyayinevi.com.tr\/index.php\/wp-json\/wp\/v2\/product"}],"about":[{"href":"https:\/\/roveyayinevi.com.tr\/index.php\/wp-json\/wp\/v2\/types\/product"}],"wp:attachment":[{"href":"https:\/\/roveyayinevi.com.tr\/index.php\/wp-json\/wp\/v2\/media?parent=711214"}],"wp:term":[{"taxonomy":"product_brand","embeddable":true,"href":"https:\/\/roveyayinevi.com.tr\/index.php\/wp-json\/wp\/v2\/product_brand?post=711214"},{"taxonomy":"product_cat","embeddable":true,"href":"https:\/\/roveyayinevi.com.tr\/index.php\/wp-json\/wp\/v2\/product_cat?post=711214"},{"taxonomy":"product_tag","embeddable":true,"href":"https:\/\/roveyayinevi.com.tr\/index.php\/wp-json\/wp\/v2\/product_tag?post=711214"}],"curies":[{"name":"wp","href":"https:\/\/api.w.org\/{rel}","templated":true}]}}