{"id":711212,"date":"2025-08-27T16:43:14","date_gmt":"2025-08-27T13:43:14","guid":{"rendered":"https:\/\/roveyayinevi.com.tr\/index.php\/urun\/turkce-sozlu-hafif-mavi\/"},"modified":"2026-04-16T02:19:49","modified_gmt":"2026-04-15T23:19:49","slug":"turkce-sozlu-hafif-mavi","status":"publish","type":"product","link":"https:\/\/roveyayinevi.com.tr\/index.php\/urun\/turkce-sozlu-hafif-mavi\/","title":{"rendered":"T\u00fcrk\u00e7e S\u00f6zl\u00fc Hafif Mavi"},"content":{"rendered":"<p>\u0130nsan\u0131n olmad\u0131\u011f\u0131 yerde \u015fiir de yoktur. \u0130nsan, olmad\u0131\u011f\u0131, al\u0131nmad\u0131\u011f\u0131 yere \u015fiiri de yak\u0131\u015ft\u0131rmam\u0131\u015ft\u0131r. Merak m\u0131 daha fazla arzu uyand\u0131r\u0131c\u0131d\u0131r, ku\u015fku mu? \u015eiirin teklifsizli\u011findeki muamma, o unutulmu\u015f s\u0131r, o beklenilen maddesel mucize, yani saf \u015fiirin v\u00fccuda geli\u015fi, dile geli\u015fi yahut, herkesten saklanmal\u0131d\u0131r. \u015eair bu g\u00f6revle sorumludur. O y\u00fczden ketum, ola\u011fan ve sarpt\u0131r. K\u00fc\u00e7\u00fck \u0130skender, \u015fiir yazman\u0131n \u00f6tesinde \u015fiiri g\u00f6zleyen, kollayan da bir \u015fair. Deneme ile ele\u015ftiri, bazen de not almalar aras\u0131nda gidip gelen bu yaz\u0131lar; \u015fiire, edebiyata, genel olarak sanata ili\u015fkin bir rehber niteli\u011finde. Usta ve s\u00f6z\u00fcn\u00fc esirgemeyen bir sanat\u00e7\u0131n\u0131n yo\u011fun ve titiz izlenimleri sanatla aran\u0131zda yeni k\u00f6pr\u00fcler kurmaya davet ediyor sizi. <\/p>\n","protected":false},"excerpt":{"rendered":"<p>\u0130nsan\u0131n olmad\u0131\u011f\u0131 yerde \u015fiir de yoktur. \u0130nsan, olmad\u0131\u011f\u0131, al\u0131nmad\u0131\u011f\u0131 yere \u015fiiri de yak\u0131\u015ft\u0131rmam\u0131\u015ft\u0131r. Merak m\u0131 daha fazla arzu uyand\u0131r\u0131c\u0131d\u0131r, ku\u015fku mu? \u015eiirin teklifsizli\u011findeki muamma, o unutulmu\u015f<span class=\"excerpt-hellip\"> [\u2026]<\/span><\/p>\n","protected":false},"featured_media":0,"template":"","meta":{"_monsterinsights_skip_tracking":false,"_monsterinsights_sitenote_active":false,"_monsterinsights_sitenote_note":"","_monsterinsights_sitenote_category":0},"product_brand":[],"product_cat":[12777,12291],"product_tag":[],"class_list":{"0":"post-711212","1":"product","2":"type-product","3":"status-publish","5":"product_cat-deneme","6":"product_cat-edebiyat","7":"pa_cilt-ciltsiz","8":"pa_tur-kitap","9":"pa_yayinevi-can-yayinlari","10":"pa_yazar-kucuk-iskender","12":"first","13":"instock","14":"sale","15":"shipping-taxable","16":"purchasable","17":"product-type-simple"},"_links":{"self":[{"href":"https:\/\/roveyayinevi.com.tr\/index.php\/wp-json\/wp\/v2\/product\/711212","targetHints":{"allow":["GET"]}}],"collection":[{"href":"https:\/\/roveyayinevi.com.tr\/index.php\/wp-json\/wp\/v2\/product"}],"about":[{"href":"https:\/\/roveyayinevi.com.tr\/index.php\/wp-json\/wp\/v2\/types\/product"}],"wp:attachment":[{"href":"https:\/\/roveyayinevi.com.tr\/index.php\/wp-json\/wp\/v2\/media?parent=711212"}],"wp:term":[{"taxonomy":"product_brand","embeddable":true,"href":"https:\/\/roveyayinevi.com.tr\/index.php\/wp-json\/wp\/v2\/product_brand?post=711212"},{"taxonomy":"product_cat","embeddable":true,"href":"https:\/\/roveyayinevi.com.tr\/index.php\/wp-json\/wp\/v2\/product_cat?post=711212"},{"taxonomy":"product_tag","embeddable":true,"href":"https:\/\/roveyayinevi.com.tr\/index.php\/wp-json\/wp\/v2\/product_tag?post=711212"}],"curies":[{"name":"wp","href":"https:\/\/api.w.org\/{rel}","templated":true}]}}