{"id":711211,"date":"2025-08-27T16:43:13","date_gmt":"2025-08-27T13:43:13","guid":{"rendered":"https:\/\/roveyayinevi.com.tr\/index.php\/urun\/artistlik-yapma-yonetmenlerle-oyuncular-arasindaki-yaratici-mucadeleler\/"},"modified":"2026-04-16T02:19:49","modified_gmt":"2026-04-15T23:19:49","slug":"artistlik-yapma-yonetmenlerle-oyuncular-arasindaki-yaratici-mucadeleler","status":"publish","type":"product","link":"https:\/\/roveyayinevi.com.tr\/index.php\/urun\/artistlik-yapma-yonetmenlerle-oyuncular-arasindaki-yaratici-mucadeleler\/","title":{"rendered":"Artistlik Yapma : Y\u00f6netmenlerle Oyuncular Aras\u0131ndaki Yarat\u0131c\u0131 M\u00fccadeleler"},"content":{"rendered":"<p>Oyuncular s\u00f6yledi\u011finiz \u015feyleri yapmazlarsa ne yapars\u0131n\u0131z? Gen\u00e7 bir y\u00f6netmenken her zaman kendi fikirleri olan oyuncularla ilk \u00e7al\u0131\u015fmaya ba\u015flad\u0131\u011f\u0131ndaki beceriksizli\u011fini ve ya\u015fad\u0131\u011f\u0131 korkuyu anlatan y\u00f6netmen John Badham (Cumartesi Gecesi Ate\u015fi, Sava\u015f Oyunlar\u0131, \u00d6zel Takip) hem sinemaseverlerin hem de mesle\u011finin her a\u015famas\u0131ndaki oyuncu ve y\u00f6netmenlerin mutlaka okumas\u0131 gereken bu kitapta \u00e7ok de\u011ferli bilgiler veriyor. Gazeteci ve film yap\u0131mc\u0131s\u0131 Craig Modderno da kendi deneyimlerini aktararak bu ortak yap\u0131t\u0131 zenginle\u015ftiriyor.   Kitapta Sydney Pollack, Michael Mann, John Frankenheimer, Mel Gibson, James Woods, Anne Bancroft, Jenna Elfman, Clint Eastwood ve di\u011fer bir\u00e7ok \u00fcnl\u00fc y\u00f6netmen ve oyuncunun \u00f6nemli konularla ilgili a\u00e7\u0131klamalar\u0131 ve k\u0131sa r\u00f6portajlar\u0131 yer al\u0131yor.   &#8211; Bir oyuncuya s\u00f6yleyebilece\u011finiz en k\u00f6t\u00fc ve en iyi on \u015fey nedir? &#8211; Oyuncunun mizac\u0131n\u0131n ve katk\u0131s\u0131n\u0131n ger\u00e7ek do\u011fas\u0131 nedir? &#8211; Yarat\u0131c\u0131l\u0131\u011f\u0131n do\u011fas\u0131 ve bar\u0131nd\u0131rd\u0131\u011f\u0131 g\u00fc\u00e7l\u00fcklerin etkisi nas\u0131l y\u00f6nlendirilir? &#8211; Oyuncu se\u00e7imi ve prova s\u00fcre\u00e7leri nas\u0131l de\u011ferlendirilir? &#8211; Rol yaparken bir oyuncunun akl\u0131ndan neler ge\u00e7er? &#8211; Y\u00f6netmenler ne yaparsa oyuncular yabanc\u0131la\u015f\u0131r?   Gerek y\u00f6netmenlerin, gerek oyuncular\u0131n, gerekse seyircilerin kafas\u0131ndaki bu soru i\u015faretleri, kameran\u0131n arkas\u0131ndaki ve \u00f6n\u00fcndeki sanat\u00e7\u0131lar\u0131n farkl\u0131 bak\u0131\u015f a\u00e7\u0131lar\u0131yla yan\u0131tlan\u0131yor.   \u201cY\u00f6netmen olarak kariyer yapmay\u0131 d\u00fc\u015f\u00fcnen herkesin okumas\u0131 gereken son derece e\u011flenceli bir kitap. \u015eiddetle tavsiye edilir!\u201d                                                                      \u2013 Wayne Crawford <\/p>\n","protected":false},"excerpt":{"rendered":"<p>Oyuncular s\u00f6yledi\u011finiz \u015feyleri yapmazlarsa ne yapars\u0131n\u0131z? Gen\u00e7 bir y\u00f6netmenken her zaman kendi fikirleri olan oyuncularla ilk \u00e7al\u0131\u015fmaya ba\u015flad\u0131\u011f\u0131ndaki beceriksizli\u011fini ve ya\u015fad\u0131\u011f\u0131 korkuyu anlatan y\u00f6netmen John Badham<span class=\"excerpt-hellip\"> [\u2026]<\/span><\/p>\n","protected":false},"featured_media":0,"template":"","meta":{"_monsterinsights_skip_tracking":false,"_monsterinsights_sitenote_active":false,"_monsterinsights_sitenote_note":"","_monsterinsights_sitenote_category":0},"product_brand":[],"product_cat":[12409,12408],"product_tag":[],"class_list":{"0":"post-711211","1":"product","2":"type-product","3":"status-publish","5":"product_cat-fotograf-sinema-tiyatro","6":"product_cat-sanat","7":"pa_cilt-ciltsiz","8":"pa_tur-kitap","9":"pa_yayinevi-can-yayinlari","10":"pa_yazar-john-badham-craig-modderno","12":"first","13":"instock","14":"sale","15":"shipping-taxable","16":"purchasable","17":"product-type-simple"},"_links":{"self":[{"href":"https:\/\/roveyayinevi.com.tr\/index.php\/wp-json\/wp\/v2\/product\/711211","targetHints":{"allow":["GET"]}}],"collection":[{"href":"https:\/\/roveyayinevi.com.tr\/index.php\/wp-json\/wp\/v2\/product"}],"about":[{"href":"https:\/\/roveyayinevi.com.tr\/index.php\/wp-json\/wp\/v2\/types\/product"}],"wp:attachment":[{"href":"https:\/\/roveyayinevi.com.tr\/index.php\/wp-json\/wp\/v2\/media?parent=711211"}],"wp:term":[{"taxonomy":"product_brand","embeddable":true,"href":"https:\/\/roveyayinevi.com.tr\/index.php\/wp-json\/wp\/v2\/product_brand?post=711211"},{"taxonomy":"product_cat","embeddable":true,"href":"https:\/\/roveyayinevi.com.tr\/index.php\/wp-json\/wp\/v2\/product_cat?post=711211"},{"taxonomy":"product_tag","embeddable":true,"href":"https:\/\/roveyayinevi.com.tr\/index.php\/wp-json\/wp\/v2\/product_tag?post=711211"}],"curies":[{"name":"wp","href":"https:\/\/api.w.org\/{rel}","templated":true}]}}