{"id":711210,"date":"2025-08-27T16:43:13","date_gmt":"2025-08-27T13:43:13","guid":{"rendered":"https:\/\/roveyayinevi.com.tr\/index.php\/urun\/ahmet-ile-elif-kuran-okumayi-ogreniyor\/"},"modified":"2025-10-02T04:16:54","modified_gmt":"2025-10-02T01:16:54","slug":"ahmet-ile-elif-kuran-okumayi-ogreniyor","status":"publish","type":"product","link":"https:\/\/roveyayinevi.com.tr\/index.php\/urun\/ahmet-ile-elif-kuran-okumayi-ogreniyor\/","title":{"rendered":"Ahmet ile Elif Kur&#8217;an Okumay\u0131 \u00d6\u011freniyor"},"content":{"rendered":"<p>Haz\u0131rlam\u0131\u015f oldu\u011fumuz \u00fcr\u00fcn\u00fcm\u00fcz 18 y\u0131ll\u0131k tecr\u00fcbenin \u00fcr\u00fcn\u00fcd\u00fcr.Anlat\u0131lanlar ve yap\u0131lanlar birebir uygulanm\u0131\u015ft\u0131r. Kulland\u0131\u011f\u0131m\u0131z \u015fekil ve resimlerin se\u00e7imi,harf ve hareke \u00f6\u011fretim teknikleriyle ilgilidir.\u00d6rnek: Esre anlat\u0131m\u0131nda kitaptaki anlat\u0131ma paralel olarak g\u00fclen y\u00fcz resminin kullan\u0131lmas\u0131.Se\u00e7ilen kelimeler aras\u0131nda T\u00fcrk\u00e7e ifadeler bulunmaktad\u0131r.Bu kelimeleri okuduklar\u0131nda \u00f6\u011frencilerin \u00f6\u011frenmeye ilgilerinin daha \u00e7ok artt\u0131\u011f\u0131 g\u00f6zlemlenmi\u015ftir.Kelimeler,Arap\u00e7a,Osmanl\u0131ca,T\u00fcrk\u00e7e k\u00f6kenlidir.Konu anlat\u0131m\u0131nda slogan \u015feklinde hat\u0131rlatma kelimeleri kullan\u0131lm\u0131\u015ft\u0131r. (\u015eedde: tut b\u0131rak, cezm: s\u0131k\u0131ca tut.)Harekenin ismini mutlaka s\u00f6yleyiniz.Anlat\u0131m esnas\u0131nda \u00f6\u011frencinin g\u00f6rsel alg\u0131s\u0131n\u0131 desteklemek amac\u0131yla \u00f6nerilen kart ve yo\u011furma maddelerinden faydalan\u0131n.\u00d6\u011frencinizle birlikte mutlaka bir hedef belirleyin ve hedefinizi zaman zaman hat\u0131rlat\u0131n. <\/p>\n","protected":false},"excerpt":{"rendered":"<p>Haz\u0131rlam\u0131\u015f oldu\u011fumuz \u00fcr\u00fcn\u00fcm\u00fcz 18 y\u0131ll\u0131k tecr\u00fcbenin \u00fcr\u00fcn\u00fcd\u00fcr.Anlat\u0131lanlar ve yap\u0131lanlar birebir uygulanm\u0131\u015ft\u0131r. Kulland\u0131\u011f\u0131m\u0131z \u015fekil ve resimlerin se\u00e7imi,harf ve hareke \u00f6\u011fretim teknikleriyle ilgilidir.\u00d6rnek: Esre anlat\u0131m\u0131nda kitaptaki anlat\u0131ma paralel<span class=\"excerpt-hellip\"> [\u2026]<\/span><\/p>\n","protected":false},"featured_media":0,"template":"","meta":{"_monsterinsights_skip_tracking":false,"_monsterinsights_sitenote_active":false,"_monsterinsights_sitenote_note":"","_monsterinsights_sitenote_category":0},"product_brand":[],"product_cat":[12275,12274],"product_tag":[],"class_list":{"0":"post-711210","1":"product","2":"type-product","3":"status-publish","5":"product_cat-6-12-yas-kitaplari","6":"product_cat-cocuk-ve-genclik-kitaplari","7":"pa_cilt-ciltsiz","8":"pa_tur-kitap","9":"pa_yayinevi-cinaralti-yayinlari","10":"pa_yazar-zehra-aras","12":"first","13":"instock","14":"sale","15":"shipping-taxable","16":"purchasable","17":"product-type-simple"},"_links":{"self":[{"href":"https:\/\/roveyayinevi.com.tr\/index.php\/wp-json\/wp\/v2\/product\/711210","targetHints":{"allow":["GET"]}}],"collection":[{"href":"https:\/\/roveyayinevi.com.tr\/index.php\/wp-json\/wp\/v2\/product"}],"about":[{"href":"https:\/\/roveyayinevi.com.tr\/index.php\/wp-json\/wp\/v2\/types\/product"}],"wp:attachment":[{"href":"https:\/\/roveyayinevi.com.tr\/index.php\/wp-json\/wp\/v2\/media?parent=711210"}],"wp:term":[{"taxonomy":"product_brand","embeddable":true,"href":"https:\/\/roveyayinevi.com.tr\/index.php\/wp-json\/wp\/v2\/product_brand?post=711210"},{"taxonomy":"product_cat","embeddable":true,"href":"https:\/\/roveyayinevi.com.tr\/index.php\/wp-json\/wp\/v2\/product_cat?post=711210"},{"taxonomy":"product_tag","embeddable":true,"href":"https:\/\/roveyayinevi.com.tr\/index.php\/wp-json\/wp\/v2\/product_tag?post=711210"}],"curies":[{"name":"wp","href":"https:\/\/api.w.org\/{rel}","templated":true}]}}