{"id":711209,"date":"2025-08-27T16:43:12","date_gmt":"2025-08-27T13:43:12","guid":{"rendered":"https:\/\/roveyayinevi.com.tr\/index.php\/urun\/perspektif-kodlari-1\/"},"modified":"2026-04-16T02:19:49","modified_gmt":"2026-04-15T23:19:49","slug":"perspektif-kodlari-1","status":"publish","type":"product","link":"https:\/\/roveyayinevi.com.tr\/index.php\/urun\/perspektif-kodlari-1\/","title":{"rendered":"Perspektif Kodlar\u0131 1"},"content":{"rendered":"<p>&#8220;\u0130yi bir akademisyeni belirleyen sadece \u201cara\u015ft\u0131rmac\u0131l\u0131\u011f\u0131\u201d de\u011fildir. As\u0131l \u00f6nemli olan \u201cg\u00fcncel\u201d sorunlar\u0131 irdeleyebilme kapasitesi ve \u00e7\u00f6z\u00fcm \u00f6nerebilme dehas\u0131d\u0131r. Tahlil, tenkit; tamam da, \u00e2lim olandan beklenen \u201ctavsiyedir\u201d. \u0130yi niyetli, yap\u0131c\u0131, yap\u0131\u015ft\u0131r\u0131c\u0131\u2026 \u0130\u015fte Y\u00fccel O\u011furlu K\u00fcresel D\u00fcnyan\u0131n ve \u00fclkemizin konular\u0131n\u0131, ilim-irfan imbi\u011finden ge\u00e7irerek bize sunmakta, bu makaleler demetinde\u2026 Tebrike \u015fayan bir eser olmu\u015f.&#8221;-Prof. Dr. Mim Kemal \u00d6KE-&#8220;De\u011ferli meslekta\u015f\u0131m Prof. Dr. Y\u00fccel O\u011furlu tek boyutlu olmayan bak\u0131\u015f a\u00e7\u0131s\u0131na sahip akademik meslek mensubu olarak dar bir uzmanl\u0131k alan\u0131na tutsak de\u011fildir. Bu eseri de zevkle ve dikkatle okunacakt\u0131r. Nicelerini yay\u0131mlaman\u0131n m\u00fcyesser olmas\u0131 dile\u011fiyle&#8230;&#8221;-Prof. Dr. H\u00fcseyin Hatemi-\u201cBir bilgenin kaleminden bin y\u0131l\u0131n tecr\u00fcbesi ile bug\u00fcne tutulmu\u015f bir \u0131\u015f\u0131k\u2026 Al\u0131\u015f\u0131k olmad\u0131\u011f\u0131m\u0131z \u00f6l\u00e7\u00fcde yap\u0131c\u0131 bir ele\u015ftirel nazar. Bu kitap, ihtilafa d\u00fc\u015ft\u00fc\u011f\u00fcm\u00fcz ve \u015fik\u00e2yet edip durdu\u011fumuz konulara ele\u015ftirel mant\u0131kla yakla\u015f\u0131yor. Ayd\u0131n ve berrak bir zihnin \u00fcr\u00fcn\u00fc olarak apayr\u0131 bir yer tutacak ve \u015eark\u2019\u0131n m\u00fcktesebat\u0131nda \u00f6nemli bir k\u00f6\u015fe ta\u015f\u0131 olarak yerini alacakt\u0131r.\u201d-Yazar Av. Hulusi \u00dcst\u00fcn-\u201cProf. Dr. O\u011furlu farkl\u0131 analiz kabiliyeti ve g\u00fczel \u00fcslubu ile hukuk, idare, Kamu y\u00f6netimi, e\u011fitim, \u00e7evre, k\u00fclt\u00fcr, aile gibi \u00e7ok farkl\u0131 konularda ve sosyal meselelerdeki yaz\u0131lar\u0131 ile okuyucular\u0131 ile bulu\u015fuyor. Ufuk a\u00e7\u0131c\u0131 ve vizyoner bir bak\u0131\u015f a\u00e7\u0131s\u0131 ile kaleme al\u0131nan bu farkl\u0131 alanlardaki y\u0131llar\u0131n tecr\u00fcbe birikimi, \u00f6yle inan\u0131yorum ki fikir ve k\u00fclt\u00fcr hayat\u0131m\u0131za \u00e7ok \u015feyler katacakt\u0131r.\u201d-Prof. Dr. Mustafa Said Yaz\u0131c\u0131o\u011flu-****\u201cTali ve g\u00fcndelik bak\u0131\u015f a\u00e7\u0131lar\u0131ndan ziyade hayat\u0131n asli meseleleri \u00fczerine d\u00fc\u015f\u00fcnmeye ihtiyac\u0131m\u0131z var. Elinizdeki bu kitapta geni\u015f bir yelpazede kavranan ve i\u015flenen mevzular, muhta\u00e7 oldu\u011fumuz \u00f6zg\u00fcn ak\u0131l ve d\u00fc\u015f\u00fcnce eylemine i\u015faret etmektedir\u201d.-Do\u00e7. Dr. R\u0131dvan \u015eent\u00fcrk- <\/p>\n","protected":false},"excerpt":{"rendered":"<p>&#8220;\u0130yi bir akademisyeni belirleyen sadece \u201cara\u015ft\u0131rmac\u0131l\u0131\u011f\u0131\u201d de\u011fildir. As\u0131l \u00f6nemli olan \u201cg\u00fcncel\u201d sorunlar\u0131 irdeleyebilme kapasitesi ve \u00e7\u00f6z\u00fcm \u00f6nerebilme dehas\u0131d\u0131r. Tahlil, tenkit; tamam da, \u00e2lim olandan beklenen \u201ctavsiyedir\u201d.<span class=\"excerpt-hellip\"> [\u2026]<\/span><\/p>\n","protected":false},"featured_media":0,"template":"","meta":{"_monsterinsights_skip_tracking":false,"_monsterinsights_sitenote_active":false,"_monsterinsights_sitenote_note":"","_monsterinsights_sitenote_category":0},"product_brand":[],"product_cat":[12337],"product_tag":[],"class_list":{"0":"post-711209","1":"product","2":"type-product","3":"status-publish","5":"product_cat-politika-siyaset","6":"pa_cilt-ciltsiz","7":"pa_tur-kitap","8":"pa_yayinevi-cinaralti-yayinlari","9":"pa_yazar-yucel-ogurlu","11":"first","12":"instock","13":"sale","14":"shipping-taxable","15":"purchasable","16":"product-type-simple"},"_links":{"self":[{"href":"https:\/\/roveyayinevi.com.tr\/index.php\/wp-json\/wp\/v2\/product\/711209","targetHints":{"allow":["GET"]}}],"collection":[{"href":"https:\/\/roveyayinevi.com.tr\/index.php\/wp-json\/wp\/v2\/product"}],"about":[{"href":"https:\/\/roveyayinevi.com.tr\/index.php\/wp-json\/wp\/v2\/types\/product"}],"wp:attachment":[{"href":"https:\/\/roveyayinevi.com.tr\/index.php\/wp-json\/wp\/v2\/media?parent=711209"}],"wp:term":[{"taxonomy":"product_brand","embeddable":true,"href":"https:\/\/roveyayinevi.com.tr\/index.php\/wp-json\/wp\/v2\/product_brand?post=711209"},{"taxonomy":"product_cat","embeddable":true,"href":"https:\/\/roveyayinevi.com.tr\/index.php\/wp-json\/wp\/v2\/product_cat?post=711209"},{"taxonomy":"product_tag","embeddable":true,"href":"https:\/\/roveyayinevi.com.tr\/index.php\/wp-json\/wp\/v2\/product_tag?post=711209"}],"curies":[{"name":"wp","href":"https:\/\/api.w.org\/{rel}","templated":true}]}}