{"id":711208,"date":"2025-08-27T16:43:12","date_gmt":"2025-08-27T13:43:12","guid":{"rendered":"https:\/\/roveyayinevi.com.tr\/index.php\/urun\/siraze\/"},"modified":"2026-04-16T02:19:49","modified_gmt":"2026-04-15T23:19:49","slug":"siraze","status":"publish","type":"product","link":"https:\/\/roveyayinevi.com.tr\/index.php\/urun\/siraze\/","title":{"rendered":"\u015eiraze"},"content":{"rendered":"<p>\u015eirazeleri kaym\u0131\u015ft\u0131 kitaplar\u0131n\u2026Mart\u0131lar didik didik etmi\u015flerdi sahile vurmu\u015f onlarca kitab\u0131n cildini.Gagalam\u0131\u015flar, y\u0131rtm\u0131\u015flar, \u00e7eki\u015ftirmi\u015fler, sayfalar\u0131n\u0131 kar\u0131\u015ft\u0131rm\u0131\u015flar\u2026 Sorsayd\u0131m; \u201cMart\u0131 Jonathan\u2019\u0131 ar\u0131yoruz\u201d diyeceklerdi belki de kim bilir\u2026Kim bilir\u2026Sizi de kar\u0131\u015ft\u0131ran oluyor mu?Akl\u0131n\u0131z\u0131, kalbinizi, d\u00fc\u015f\u00fcncelerinizi, yedi\u011finizi, i\u00e7ti\u011finizi, d\u00fc\u015f\u00fcnd\u00fc\u011f\u00fcn\u00fcz\u00fc hatta d\u00fc\u015flerinizi\u2026\u015e\u00f6yle dedi\u011finiz oldu mu hi\u00e7: \u201c\u015firazem kayd\u0131\u201d ya da duymad\u0131n\u0131z m\u0131 hi\u00e7; \u201c\u015firazesi kaym\u0131\u015f\u201d\u2026Hayatta ters gider bir \u015feyler bazen; \u201cvicdan\u201d dersiniz, yoktur ortalarda\u2026\u201cAdalet\u201d diye hayk\u0131r\u0131rs\u0131n\u0131z, \u00e7oktan gitmi\u015ftir yan\u0131n\u0131zdan\u2026\u201c\u00d6zg\u00fcrl\u00fck\u201d dersiniz, ses gelmez ne yak\u0131ndan ne de uzaklardan.\u201c\u00c7ocuklu\u011fum\u201d dersiniz \u00f6zlemle, ama o da \u00e7oktan terk etmi\u015ftir sizi.\u201cA\u015fk\u201d dersiniz \u00fcmitle, belki size hi\u00e7 u\u011framad\u0131 bile.Duydu\u011funuz kendi sesinizdir ancak. \u00dcz\u00fcl\u00fcrs\u00fcn\u00fcz. Ve tutunmak istersiniz birine ya da bir \u015feylere t\u0131pk\u0131 bir kitab\u0131n sayfalar\u0131n\u0131n \u015firazesine tutundu\u011fu gibi.Sahile vurmas\u0131n hi\u00e7bir g\u00fczellik, kurda ku\u015fa yem olmas\u0131n iyilik\u2026Ve tutunaca\u011f\u0131n\u0131z bir dal\u0131n\u0131z olsun; o da kitap olsun!Size bir s\u0131r; sayfalar\u0131n i\u00e7ine saklanm\u0131\u015f aynalar\u0131 g\u00f6r\u00fcn, bakmaya korkmay\u0131n \u00e7\u00fcnk\u00fc size anlatacaklar\u0131 \u00e7ok \u015feyler var\u2026 <\/p>\n","protected":false},"excerpt":{"rendered":"<p>\u015eirazeleri kaym\u0131\u015ft\u0131 kitaplar\u0131n\u2026Mart\u0131lar didik didik etmi\u015flerdi sahile vurmu\u015f onlarca kitab\u0131n cildini.Gagalam\u0131\u015flar, y\u0131rtm\u0131\u015flar, \u00e7eki\u015ftirmi\u015fler, sayfalar\u0131n\u0131 kar\u0131\u015ft\u0131rm\u0131\u015flar\u2026 Sorsayd\u0131m; \u201cMart\u0131 Jonathan\u2019\u0131 ar\u0131yoruz\u201d diyeceklerdi belki de kim bilir\u2026Kim bilir\u2026Sizi de<span class=\"excerpt-hellip\"> [\u2026]<\/span><\/p>\n","protected":false},"featured_media":0,"template":"","meta":{"_monsterinsights_skip_tracking":false,"_monsterinsights_sitenote_active":false,"_monsterinsights_sitenote_note":"","_monsterinsights_sitenote_category":0},"product_brand":[],"product_cat":[12777,12291],"product_tag":[],"class_list":{"0":"post-711208","1":"product","2":"type-product","3":"status-publish","5":"product_cat-deneme","6":"product_cat-edebiyat","7":"pa_cilt-ciltsiz","8":"pa_tur-kitap","9":"pa_yayinevi-cinaralti-yayinlari","10":"pa_yazar-betul-asik","12":"first","13":"instock","14":"sale","15":"shipping-taxable","16":"purchasable","17":"product-type-simple"},"_links":{"self":[{"href":"https:\/\/roveyayinevi.com.tr\/index.php\/wp-json\/wp\/v2\/product\/711208","targetHints":{"allow":["GET"]}}],"collection":[{"href":"https:\/\/roveyayinevi.com.tr\/index.php\/wp-json\/wp\/v2\/product"}],"about":[{"href":"https:\/\/roveyayinevi.com.tr\/index.php\/wp-json\/wp\/v2\/types\/product"}],"wp:attachment":[{"href":"https:\/\/roveyayinevi.com.tr\/index.php\/wp-json\/wp\/v2\/media?parent=711208"}],"wp:term":[{"taxonomy":"product_brand","embeddable":true,"href":"https:\/\/roveyayinevi.com.tr\/index.php\/wp-json\/wp\/v2\/product_brand?post=711208"},{"taxonomy":"product_cat","embeddable":true,"href":"https:\/\/roveyayinevi.com.tr\/index.php\/wp-json\/wp\/v2\/product_cat?post=711208"},{"taxonomy":"product_tag","embeddable":true,"href":"https:\/\/roveyayinevi.com.tr\/index.php\/wp-json\/wp\/v2\/product_tag?post=711208"}],"curies":[{"name":"wp","href":"https:\/\/api.w.org\/{rel}","templated":true}]}}