{"id":711207,"date":"2025-08-27T16:43:11","date_gmt":"2025-08-27T13:43:11","guid":{"rendered":"https:\/\/roveyayinevi.com.tr\/index.php\/urun\/sanat-bazi-seyler-ve-elestiri\/"},"modified":"2026-04-16T02:19:49","modified_gmt":"2026-04-15T23:19:49","slug":"sanat-bazi-seyler-ve-elestiri","status":"publish","type":"product","link":"https:\/\/roveyayinevi.com.tr\/index.php\/urun\/sanat-bazi-seyler-ve-elestiri\/","title":{"rendered":"Sanat Baz\u0131 \u015eeyler ve Ele\u015ftiri"},"content":{"rendered":"<p>\u201cNeyle y\u00fczle\u015filece\u011fi, neyin ve ni\u00e7in ele\u015ftirilece\u011fi, bunun i\u00e7in nas\u0131l bir \u2018ele\u015ftiri dili\u2019nin icat edilmesi gerekti\u011fi ve kanonla\u015fma s\u00fcre\u00e7lerinin modern ili\u015fkilerinin ne oldu\u011fu anla\u015f\u0131lamazsa, \u2018ele\u015ftiri yapmak etkinli\u011fi\u2019nin g\u00fcna\u015f\u0131r\u0131 ba\u015fvuraca\u011f\u0131 strateji, \u2018ele\u015ftiri var-m\u0131\u015f\u2019 duygusunu yaymaktan ve nedensizce alarm sirenleri \u00e7almaktan ibaret kalacakt\u0131r.\u201dEmre Zeytino\u011flu, yaz\u0131n\u0131n; g\u00fcncel pragmatizmlerin \u00f6tesinde, olas\u0131l\u0131klar bak\u0131m\u0131ndan zengin ve \u2018ba\u015fka\u2019 d\u00fcnyas\u0131na bak\u0131yor. Siyaset, ideoloji, ekonomi, felsefe, sosyoloji, psikoloji, tarih, g\u00fcncel olaylar, g\u00f6\u00e7menlik olgusu, intihar, intihal, sa\u00e7mal\u0131k, \u00f6zg\u00fcrl\u00fck kavramlar\u0131 \u0131\u015f\u0131\u011f\u0131nda, sanat ile metin aras\u0131ndaki olas\u0131 mesafeleri irdeliyor. Sanat, Ele\u015ftiri ve Baz\u0131 \u015eeyler, sanat\u0131n farkl\u0131 zamanlarda, farkl\u0131 yerlerde ve farkl\u0131 durumlarda ba\u011f kurabilece\u011fi \u201cher \u015fey\u201dle ilgiliya da kendi s\u0131n\u0131rlar\u0131n\u0131 zorlad\u0131\u011f\u0131, o s\u0131n\u0131r\u0131 ihlal etti\u011fi ve \u00f6tesine ge\u00e7ti\u011fi anlardaki\u201cbaz\u0131 \u015feyler\u201d ile&#8230; <\/p>\n","protected":false},"excerpt":{"rendered":"<p>\u201cNeyle y\u00fczle\u015filece\u011fi, neyin ve ni\u00e7in ele\u015ftirilece\u011fi, bunun i\u00e7in nas\u0131l bir \u2018ele\u015ftiri dili\u2019nin icat edilmesi gerekti\u011fi ve kanonla\u015fma s\u00fcre\u00e7lerinin modern ili\u015fkilerinin ne oldu\u011fu anla\u015f\u0131lamazsa, \u2018ele\u015ftiri yapmak etkinli\u011fi\u2019nin<span class=\"excerpt-hellip\"> [\u2026]<\/span><\/p>\n","protected":false},"featured_media":0,"template":"","meta":{"_monsterinsights_skip_tracking":false,"_monsterinsights_sitenote_active":false,"_monsterinsights_sitenote_note":"","_monsterinsights_sitenote_category":0},"product_brand":[],"product_cat":[12408],"product_tag":[],"class_list":{"0":"post-711207","1":"product","2":"type-product","3":"status-publish","5":"product_cat-sanat","6":"pa_cilt-ciltsiz","7":"pa_tur-kitap","8":"pa_yayinevi-corpus-yayinlari","9":"pa_yazar-emre-zeytinoglu","11":"first","12":"instock","13":"sale","14":"shipping-taxable","15":"purchasable","16":"product-type-simple"},"_links":{"self":[{"href":"https:\/\/roveyayinevi.com.tr\/index.php\/wp-json\/wp\/v2\/product\/711207","targetHints":{"allow":["GET"]}}],"collection":[{"href":"https:\/\/roveyayinevi.com.tr\/index.php\/wp-json\/wp\/v2\/product"}],"about":[{"href":"https:\/\/roveyayinevi.com.tr\/index.php\/wp-json\/wp\/v2\/types\/product"}],"wp:attachment":[{"href":"https:\/\/roveyayinevi.com.tr\/index.php\/wp-json\/wp\/v2\/media?parent=711207"}],"wp:term":[{"taxonomy":"product_brand","embeddable":true,"href":"https:\/\/roveyayinevi.com.tr\/index.php\/wp-json\/wp\/v2\/product_brand?post=711207"},{"taxonomy":"product_cat","embeddable":true,"href":"https:\/\/roveyayinevi.com.tr\/index.php\/wp-json\/wp\/v2\/product_cat?post=711207"},{"taxonomy":"product_tag","embeddable":true,"href":"https:\/\/roveyayinevi.com.tr\/index.php\/wp-json\/wp\/v2\/product_tag?post=711207"}],"curies":[{"name":"wp","href":"https:\/\/api.w.org\/{rel}","templated":true}]}}