{"id":711206,"date":"2025-08-27T16:43:11","date_gmt":"2025-08-27T13:43:11","guid":{"rendered":"https:\/\/roveyayinevi.com.tr\/index.php\/urun\/sayilarin-en-buyugu\/"},"modified":"2026-04-16T02:19:49","modified_gmt":"2026-04-15T23:19:49","slug":"sayilarin-en-buyugu","status":"publish","type":"product","link":"https:\/\/roveyayinevi.com.tr\/index.php\/urun\/sayilarin-en-buyugu\/","title":{"rendered":"Say\u0131lar\u0131n En B\u00fcy\u00fc\u011f\u00fc"},"content":{"rendered":"<p>\u0130nsan sonsuza dek saymaya devam edebilir mi?Taray\u0131c\u0131da g\u00f6rmek i\u00e7in t\u0131klay\u0131n\ufffcS\u00f6yleyin bakal\u0131m, her \u015feyi sayabilir misiniz? Mesela yery\u00fcz\u00fcndeki t\u00fcm insanlar\u0131, hayvanlar\u0131 ve nesneleri? G\u00f6kteki t\u00fcm y\u0131ld\u0131zlar\u0131, uydular\u0131 ve gezegenleri?Be\u015f ya\u015f\u0131ndaki Lina saymaya bay\u0131l\u0131yor, hatta da\u011f evlerine giderken yol \u00fczerindeki b\u00fct\u00fcn telefon direklerini sayabiliyor. Tam\u0131 tam\u0131na iki y\u00fcz k\u0131rk adet direk say\u0131yor ve bir anda direklerin sonu geliyor! S\u0131f\u0131r en k\u00fc\u00e7\u00fck say\u0131 diye d\u00fc\u015f\u00fcn\u00fcyor Lina. Peki ya en b\u00fcy\u00fck say\u0131?Bin say\u0131s\u0131 b\u00fcy\u00fck. Y\u00fczden daha b\u00fcy\u00fck. Ama en b\u00fcy\u00fck de\u011fil. Milyon daha b\u00fcy\u00fck. Ama en b\u00fcy\u00fck m\u00fc? Googolpleks bir say\u0131. \u00dcstelik b\u00fcy\u00fck bir say\u0131. D\u00fczg\u00fcn bir ismi olan en b\u00fcy\u00fck say\u0131lardan bir tanesi. Acaba anlamam\u0131z\u0131n bile m\u00fcmk\u00fcn olmad\u0131\u011f\u0131 bu kadar b\u00fcy\u00fck bir say\u0131 ile neler yapabiliriz? Lina da googolpleksi bir t\u00fcrl\u00fc anlayam\u0131yor. Var olan her \u015feyden. Olmu\u015f olan her \u015feyden. Ve her \u015feyi olu\u015fturan her \u015feyden de b\u00fcy\u00fck bir say\u0131 oldu\u011funu d\u00fc\u015f\u00fcn\u00fcyor ama yine de bir yerlerde t\u0131kan\u0131p kal\u0131yor\u2026 Sahi, biz insanlar o kadar b\u00fcy\u00fck bir say\u0131 bulmu\u015fuz ki, kendimiz bile anlayam\u0131yoruz. Bir d\u00fc\u015f\u00fcnsenize! Bunun sebebi ne olabilir? Norve\u00e7li yazar Magnus Holm ile ressam Rune Markhus&#8217;un imzas\u0131n\u0131 ta\u015f\u0131yan bu dikkat \u00e7ekici kitap, belki de \u015fimdiye dek say\u0131lar \u00fczerine haz\u0131rlanm\u0131\u015f en s\u0131ra d\u0131\u015f\u0131 \u00e7al\u0131\u015fma. K\u00fc\u00e7\u00fc\u011f\u00fcnden b\u00fcy\u00fc\u011f\u00fcne, hatta say\u0131lamaz boyuttaki devasa, \u015fa\u015f\u0131rt\u0131c\u0131 bir say\u0131 olan googolplekse uzanan Say\u0131lar\u0131n En B\u00fcy\u00fc\u011f\u00fc deyim yerindeyse evrendeki b\u00fct\u00fcn say\u0131lar hakk\u0131nda. Bir de ailesiyle da\u011f evine do\u011fru yolculu\u011fa \u00e7\u0131kan k\u00fc\u00e7\u00fck k\u0131z Lina var tabii&#8230;O zaman sayma s\u0131ras\u0131 sizde! \u015eu ad\u0131 da kendi gibi tuhaf olan googolpleks say\u0131s\u0131 ger\u00e7ekte ne kadar B\u00dcY\u00dcK olabilir? Haydi, tahminleri alal\u0131m?.. <\/p>\n","protected":false},"excerpt":{"rendered":"<p>\u0130nsan sonsuza dek saymaya devam edebilir mi?Taray\u0131c\u0131da g\u00f6rmek i\u00e7in t\u0131klay\u0131n\ufffcS\u00f6yleyin bakal\u0131m, her \u015feyi sayabilir misiniz? Mesela yery\u00fcz\u00fcndeki t\u00fcm insanlar\u0131, hayvanlar\u0131 ve nesneleri? G\u00f6kteki t\u00fcm y\u0131ld\u0131zlar\u0131, uydular\u0131<span class=\"excerpt-hellip\"> [\u2026]<\/span><\/p>\n","protected":false},"featured_media":0,"template":"","meta":{"_monsterinsights_skip_tracking":false,"_monsterinsights_sitenote_active":false,"_monsterinsights_sitenote_note":"","_monsterinsights_sitenote_category":0},"product_brand":[],"product_cat":[12913,12274],"product_tag":[],"class_list":{"0":"post-711206","1":"product","2":"type-product","3":"status-publish","5":"product_cat-3-6-yas-kitaplari","6":"product_cat-cocuk-ve-genclik-kitaplari","7":"pa_cilt-ciltsiz","8":"pa_tur-kitap","9":"pa_yayinevi-ucanbalik-yayincilik","10":"pa_yazar-magnus-holm","12":"first","13":"instock","14":"sale","15":"shipping-taxable","16":"purchasable","17":"product-type-simple"},"_links":{"self":[{"href":"https:\/\/roveyayinevi.com.tr\/index.php\/wp-json\/wp\/v2\/product\/711206","targetHints":{"allow":["GET"]}}],"collection":[{"href":"https:\/\/roveyayinevi.com.tr\/index.php\/wp-json\/wp\/v2\/product"}],"about":[{"href":"https:\/\/roveyayinevi.com.tr\/index.php\/wp-json\/wp\/v2\/types\/product"}],"wp:attachment":[{"href":"https:\/\/roveyayinevi.com.tr\/index.php\/wp-json\/wp\/v2\/media?parent=711206"}],"wp:term":[{"taxonomy":"product_brand","embeddable":true,"href":"https:\/\/roveyayinevi.com.tr\/index.php\/wp-json\/wp\/v2\/product_brand?post=711206"},{"taxonomy":"product_cat","embeddable":true,"href":"https:\/\/roveyayinevi.com.tr\/index.php\/wp-json\/wp\/v2\/product_cat?post=711206"},{"taxonomy":"product_tag","embeddable":true,"href":"https:\/\/roveyayinevi.com.tr\/index.php\/wp-json\/wp\/v2\/product_tag?post=711206"}],"curies":[{"name":"wp","href":"https:\/\/api.w.org\/{rel}","templated":true}]}}