{"id":711205,"date":"2025-08-27T16:43:10","date_gmt":"2025-08-27T13:43:10","guid":{"rendered":"https:\/\/roveyayinevi.com.tr\/index.php\/urun\/a-takimi-kos-cilizim-kos\/"},"modified":"2026-04-16T02:19:49","modified_gmt":"2026-04-15T23:19:49","slug":"a-takimi-kos-cilizim-kos","status":"publish","type":"product","link":"https:\/\/roveyayinevi.com.tr\/index.php\/urun\/a-takimi-kos-cilizim-kos\/","title":{"rendered":"A Tak\u0131m\u0131 &#8211; Ko\u015f C\u0131l\u0131z\u0131m Ko\u015f"},"content":{"rendered":"<p>\u0130z S\u00fcr\u00fcc\u00fc K\u00f6pekler Dizisi \/ A Tak\u0131m\u0131 ekibi ser\u00fcvendenser\u00fcvene ko\u015fuyor. A Tak\u0131m\u0131\u2019n\u0131 olu\u015fturan k\u00f6peklerin her biri\u00fcstlendikleri g\u00f6revleri canlar\u0131n\u0131 hi\u00e7e sayarak yerinegetiriyorlar. \u00c7\u00fcnk\u00fc onlar \u00e7ok zor e\u011fitim a\u015famalar\u0131ndange\u00e7erek iz s\u00fcr\u00fcc\u00fc k\u00f6pek diplomas\u0131 ald\u0131lar.Sevgili \u00e7ocuklar, Ko\u015f C\u0131l\u0131z\u0131m Ko\u015f kitab\u0131 ad\u0131ndan daanla\u015f\u0131laca\u011f\u0131 gibi C\u0131l\u0131z\u0131m\u2019\u0131n ba\u015f\u0131ndan ge\u00e7en y\u00fcrek hoplat\u0131c\u0131olaylar\u0131 anlatmaya devam ediyor. C\u0131l\u0131z\u0131m, Silivri\u2019deki okulad\u00f6nebilmek i\u00e7in can\u0131n\u0131 di\u015fine takarak tutsak edildi\u011fi evdenka\u00e7\u0131yor. Bu tehlikeli yolculu\u011funda ona mart\u0131 dostlar\u0131 yard\u0131mediyor. \u00dcstelik, beklenmedik bir anda yaralansa da&#8230;Bakal\u0131m, C\u0131l\u0131z\u0131m hedefine ula\u015fabilecek mi? <\/p>\n","protected":false},"excerpt":{"rendered":"<p>\u0130z S\u00fcr\u00fcc\u00fc K\u00f6pekler Dizisi \/ A Tak\u0131m\u0131 ekibi ser\u00fcvendenser\u00fcvene ko\u015fuyor. A Tak\u0131m\u0131\u2019n\u0131 olu\u015fturan k\u00f6peklerin her biri\u00fcstlendikleri g\u00f6revleri canlar\u0131n\u0131 hi\u00e7e sayarak yerinegetiriyorlar. \u00c7\u00fcnk\u00fc onlar \u00e7ok zor e\u011fitim<span class=\"excerpt-hellip\"> [\u2026]<\/span><\/p>\n","protected":false},"featured_media":0,"template":"","meta":{"_monsterinsights_skip_tracking":false,"_monsterinsights_sitenote_active":false,"_monsterinsights_sitenote_note":"","_monsterinsights_sitenote_category":0},"product_brand":[],"product_cat":[12291,12711],"product_tag":[],"class_list":{"0":"post-711205","1":"product","2":"type-product","3":"status-publish","5":"product_cat-edebiyat","6":"product_cat-roman-oyku","7":"pa_cilt-ciltsiz","8":"pa_tur-kitap","9":"pa_yayinevi-altin-kitaplar-cocuk-kitaplari","10":"pa_yazar-gulten-dayioglu","12":"first","13":"instock","14":"sale","15":"shipping-taxable","16":"purchasable","17":"product-type-simple"},"_links":{"self":[{"href":"https:\/\/roveyayinevi.com.tr\/index.php\/wp-json\/wp\/v2\/product\/711205","targetHints":{"allow":["GET"]}}],"collection":[{"href":"https:\/\/roveyayinevi.com.tr\/index.php\/wp-json\/wp\/v2\/product"}],"about":[{"href":"https:\/\/roveyayinevi.com.tr\/index.php\/wp-json\/wp\/v2\/types\/product"}],"wp:attachment":[{"href":"https:\/\/roveyayinevi.com.tr\/index.php\/wp-json\/wp\/v2\/media?parent=711205"}],"wp:term":[{"taxonomy":"product_brand","embeddable":true,"href":"https:\/\/roveyayinevi.com.tr\/index.php\/wp-json\/wp\/v2\/product_brand?post=711205"},{"taxonomy":"product_cat","embeddable":true,"href":"https:\/\/roveyayinevi.com.tr\/index.php\/wp-json\/wp\/v2\/product_cat?post=711205"},{"taxonomy":"product_tag","embeddable":true,"href":"https:\/\/roveyayinevi.com.tr\/index.php\/wp-json\/wp\/v2\/product_tag?post=711205"}],"curies":[{"name":"wp","href":"https:\/\/api.w.org\/{rel}","templated":true}]}}