{"id":711204,"date":"2025-08-27T16:43:10","date_gmt":"2025-08-27T13:43:10","guid":{"rendered":"https:\/\/roveyayinevi.com.tr\/index.php\/urun\/gonul-kusu\/"},"modified":"2025-11-22T04:24:16","modified_gmt":"2025-11-22T01:24:16","slug":"gonul-kusu","status":"publish","type":"product","link":"https:\/\/roveyayinevi.com.tr\/index.php\/urun\/gonul-kusu\/","title":{"rendered":"G\u00f6n\u00fcl Ku\u015fu"},"content":{"rendered":"<p>&#8220;G\u00f6n\u00fcl Ku\u015fu i\u00e7imizde bir yerlerde ya\u015far.Hi\u00e7birimiz g\u00f6rmedik onu \u015fimdiye dek, ama biliriz onun orada oldu\u011funu.Do\u011fdu\u011fumuz an ilk kez \u00e7\u0131rpar kanatlar\u0131n\u0131.Ya\u015fad\u0131\u011f\u0131m\u0131z s\u00fcrece bir kez bile bizi terk etmez, hep bizimledir.&#8221; Bug\u00fcne dek 25&#8217;ten fazla dile \u00e7evrilen ve ilk yay\u0131mland\u0131\u011f\u0131 g\u00fcnden bu yana \u00e7ok satan listelerinden inmeyen G\u00f6n\u00fcl Ku\u015fu yeniden Mavibulut etiketiyle okurlar\u0131yla bulu\u015fuyor! \u00dcstelik bu kez Sedat Girgin&#8217;in resimleri ve yine Fatih Erdo\u011fan&#8217;\u0131n T\u00fcrk\u00e7esiyle&#8230; \u00c7ocuk yeti\u015fkin her okurun kitapl\u0131\u011f\u0131nda ba\u015fk\u00f6\u015feye yerle\u015fecek e\u015fsiz bir eser. <\/p>\n","protected":false},"excerpt":{"rendered":"<p>&#8220;G\u00f6n\u00fcl Ku\u015fu i\u00e7imizde bir yerlerde ya\u015far.Hi\u00e7birimiz g\u00f6rmedik onu \u015fimdiye dek, ama biliriz onun orada oldu\u011funu.Do\u011fdu\u011fumuz an ilk kez \u00e7\u0131rpar kanatlar\u0131n\u0131.Ya\u015fad\u0131\u011f\u0131m\u0131z s\u00fcrece bir kez bile bizi terk<span class=\"excerpt-hellip\"> [\u2026]<\/span><\/p>\n","protected":false},"featured_media":0,"template":"","meta":{"_monsterinsights_skip_tracking":false,"_monsterinsights_sitenote_active":false,"_monsterinsights_sitenote_note":"","_monsterinsights_sitenote_category":0},"product_brand":[],"product_cat":[12913,12274],"product_tag":[],"class_list":{"0":"post-711204","1":"product","2":"type-product","3":"status-publish","5":"product_cat-3-6-yas-kitaplari","6":"product_cat-cocuk-ve-genclik-kitaplari","7":"pa_cilt-ciltsiz","8":"pa_tur-kitap","9":"pa_yayinevi-mavi-bulut-yayinlari","10":"pa_yazar-michal-snunit","12":"first","13":"instock","14":"sale","15":"shipping-taxable","16":"purchasable","17":"product-type-simple"},"_links":{"self":[{"href":"https:\/\/roveyayinevi.com.tr\/index.php\/wp-json\/wp\/v2\/product\/711204","targetHints":{"allow":["GET"]}}],"collection":[{"href":"https:\/\/roveyayinevi.com.tr\/index.php\/wp-json\/wp\/v2\/product"}],"about":[{"href":"https:\/\/roveyayinevi.com.tr\/index.php\/wp-json\/wp\/v2\/types\/product"}],"wp:attachment":[{"href":"https:\/\/roveyayinevi.com.tr\/index.php\/wp-json\/wp\/v2\/media?parent=711204"}],"wp:term":[{"taxonomy":"product_brand","embeddable":true,"href":"https:\/\/roveyayinevi.com.tr\/index.php\/wp-json\/wp\/v2\/product_brand?post=711204"},{"taxonomy":"product_cat","embeddable":true,"href":"https:\/\/roveyayinevi.com.tr\/index.php\/wp-json\/wp\/v2\/product_cat?post=711204"},{"taxonomy":"product_tag","embeddable":true,"href":"https:\/\/roveyayinevi.com.tr\/index.php\/wp-json\/wp\/v2\/product_tag?post=711204"}],"curies":[{"name":"wp","href":"https:\/\/api.w.org\/{rel}","templated":true}]}}