{"id":711203,"date":"2025-08-27T16:43:09","date_gmt":"2025-08-27T13:43:09","guid":{"rendered":"https:\/\/roveyayinevi.com.tr\/index.php\/urun\/ida-ve-mila\/"},"modified":"2026-04-16T02:19:49","modified_gmt":"2026-04-15T23:19:49","slug":"ida-ve-mila","status":"publish","type":"product","link":"https:\/\/roveyayinevi.com.tr\/index.php\/urun\/ida-ve-mila\/","title":{"rendered":"\u0130da ve Mila"},"content":{"rendered":"<p>\u0130da ve Mila iki yak\u0131n arkada\u015ft\u0131r. Birbirleriyle oyuncaklar\u0131n\u0131, yiyeceklerini, giysilerini ve boyalar\u0131n\u0131 ama en \u00e7ok da hayallerini payla\u015f\u0131rlar.Bu iki arkada\u015f\u0131n renkli ve \u00e7ocuksu d\u00fcnyas\u0131nda bir geziye \u00e7\u0131k\u0131yoruz.Bu gezide \u0130da bize ku\u015flar\u0131 tan\u0131t\u0131rken Mila da kula\u011f\u0131m\u0131za hayallerimizi f\u0131s\u0131ld\u0131yor.Hayata, do\u011faya, hayvanlara ve hayallere dair s\u0131ms\u0131cak \u00f6yk\u00fcler bu seride seni bekliyor!\u0130da ve Mila&#8217;ya e\u015flik edip, ke\u015ffe \u00e7\u0131kmaya haz\u0131r m\u0131s\u0131n? <\/p>\n","protected":false},"excerpt":{"rendered":"<p>\u0130da ve Mila iki yak\u0131n arkada\u015ft\u0131r. Birbirleriyle oyuncaklar\u0131n\u0131, yiyeceklerini, giysilerini ve boyalar\u0131n\u0131 ama en \u00e7ok da hayallerini payla\u015f\u0131rlar.Bu iki arkada\u015f\u0131n renkli ve \u00e7ocuksu d\u00fcnyas\u0131nda bir geziye<span class=\"excerpt-hellip\"> [\u2026]<\/span><\/p>\n","protected":false},"featured_media":0,"template":"","meta":{"_monsterinsights_skip_tracking":false,"_monsterinsights_sitenote_active":false,"_monsterinsights_sitenote_note":"","_monsterinsights_sitenote_category":0},"product_brand":[],"product_cat":[12913,12274],"product_tag":[],"class_list":{"0":"post-711203","1":"product","2":"type-product","3":"status-publish","5":"product_cat-3-6-yas-kitaplari","6":"product_cat-cocuk-ve-genclik-kitaplari","7":"pa_cilt-ciltsiz","8":"pa_tur-kitap","9":"pa_yayinevi-dinozor-cocuk","10":"pa_yazar-hafize-cinar-guner","12":"first","13":"instock","14":"sale","15":"shipping-taxable","16":"purchasable","17":"product-type-simple"},"_links":{"self":[{"href":"https:\/\/roveyayinevi.com.tr\/index.php\/wp-json\/wp\/v2\/product\/711203","targetHints":{"allow":["GET"]}}],"collection":[{"href":"https:\/\/roveyayinevi.com.tr\/index.php\/wp-json\/wp\/v2\/product"}],"about":[{"href":"https:\/\/roveyayinevi.com.tr\/index.php\/wp-json\/wp\/v2\/types\/product"}],"wp:attachment":[{"href":"https:\/\/roveyayinevi.com.tr\/index.php\/wp-json\/wp\/v2\/media?parent=711203"}],"wp:term":[{"taxonomy":"product_brand","embeddable":true,"href":"https:\/\/roveyayinevi.com.tr\/index.php\/wp-json\/wp\/v2\/product_brand?post=711203"},{"taxonomy":"product_cat","embeddable":true,"href":"https:\/\/roveyayinevi.com.tr\/index.php\/wp-json\/wp\/v2\/product_cat?post=711203"},{"taxonomy":"product_tag","embeddable":true,"href":"https:\/\/roveyayinevi.com.tr\/index.php\/wp-json\/wp\/v2\/product_tag?post=711203"}],"curies":[{"name":"wp","href":"https:\/\/api.w.org\/{rel}","templated":true}]}}