{"id":711202,"date":"2025-08-27T16:43:08","date_gmt":"2025-08-27T13:43:08","guid":{"rendered":"https:\/\/roveyayinevi.com.tr\/index.php\/urun\/siirin-soyagaci\/"},"modified":"2026-04-16T02:19:49","modified_gmt":"2026-04-15T23:19:49","slug":"siirin-soyagaci","status":"publish","type":"product","link":"https:\/\/roveyayinevi.com.tr\/index.php\/urun\/siirin-soyagaci\/","title":{"rendered":"\u015eiirin Soya\u011fac\u0131"},"content":{"rendered":"<p>Tu\u011frul Tanyol, 1980\u2019lerden g\u00fcn\u00fcm\u00fcze d\u00f6nemlere, ki\u015filere ve \u015fiire dair g\u00f6zlem ve an\u0131lar\u0131n\u0131 payla\u015ft\u0131\u011f\u0131 yaz\u0131lar\u0131nda, \u015fiirimizin farkl\u0131 kaynaklardan beslenerek bi\u00e7im alan g\u00f6vdesinin hatlar\u0131n\u0131 ortaya \u00e7\u0131kar\u0131yor. Kim kimi nas\u0131l etkilemi\u015f, kim kimden hareket etmi\u015f, kimin kimle nas\u0131l ba\u011flant\u0131lar\u0131 var? Tanyol, bir soya\u011fac\u0131 fikrini izlek edinerek bu ve benzeri sorulara cevap bulmaya, \u015fiir d\u00fc\u015f\u00fcncesindeki t\u00fcmsekleri ve \u00e7ukurlar\u0131 saptamaya \u00e7al\u0131\u015f\u0131yor. <\/p>\n","protected":false},"excerpt":{"rendered":"<p>Tu\u011frul Tanyol, 1980\u2019lerden g\u00fcn\u00fcm\u00fcze d\u00f6nemlere, ki\u015filere ve \u015fiire dair g\u00f6zlem ve an\u0131lar\u0131n\u0131 payla\u015ft\u0131\u011f\u0131 yaz\u0131lar\u0131nda, \u015fiirimizin farkl\u0131 kaynaklardan beslenerek bi\u00e7im alan g\u00f6vdesinin hatlar\u0131n\u0131 ortaya \u00e7\u0131kar\u0131yor. Kim kimi<span class=\"excerpt-hellip\"> [\u2026]<\/span><\/p>\n","protected":false},"featured_media":0,"template":"","meta":{"_monsterinsights_skip_tracking":false,"_monsterinsights_sitenote_active":false,"_monsterinsights_sitenote_note":"","_monsterinsights_sitenote_category":0},"product_brand":[],"product_cat":[13072,12291],"product_tag":[],"class_list":{"0":"post-711202","1":"product","2":"type-product","3":"status-publish","5":"product_cat-arastirma-inceleme-referans","6":"product_cat-edebiyat","7":"pa_cilt-ciltsiz","8":"pa_tur-kitap","9":"pa_yayinevi-kirmizi-kedi-yayinevi","10":"pa_yazar-tugrul-tanyol","12":"first","13":"instock","14":"sale","15":"shipping-taxable","16":"purchasable","17":"product-type-simple"},"_links":{"self":[{"href":"https:\/\/roveyayinevi.com.tr\/index.php\/wp-json\/wp\/v2\/product\/711202","targetHints":{"allow":["GET"]}}],"collection":[{"href":"https:\/\/roveyayinevi.com.tr\/index.php\/wp-json\/wp\/v2\/product"}],"about":[{"href":"https:\/\/roveyayinevi.com.tr\/index.php\/wp-json\/wp\/v2\/types\/product"}],"wp:attachment":[{"href":"https:\/\/roveyayinevi.com.tr\/index.php\/wp-json\/wp\/v2\/media?parent=711202"}],"wp:term":[{"taxonomy":"product_brand","embeddable":true,"href":"https:\/\/roveyayinevi.com.tr\/index.php\/wp-json\/wp\/v2\/product_brand?post=711202"},{"taxonomy":"product_cat","embeddable":true,"href":"https:\/\/roveyayinevi.com.tr\/index.php\/wp-json\/wp\/v2\/product_cat?post=711202"},{"taxonomy":"product_tag","embeddable":true,"href":"https:\/\/roveyayinevi.com.tr\/index.php\/wp-json\/wp\/v2\/product_tag?post=711202"}],"curies":[{"name":"wp","href":"https:\/\/api.w.org\/{rel}","templated":true}]}}