{"id":711201,"date":"2025-08-27T16:43:08","date_gmt":"2025-08-27T13:43:08","guid":{"rendered":"https:\/\/roveyayinevi.com.tr\/index.php\/urun\/kuyrukluyildiz\/"},"modified":"2026-04-16T02:19:49","modified_gmt":"2026-04-15T23:19:49","slug":"kuyrukluyildiz","status":"publish","type":"product","link":"https:\/\/roveyayinevi.com.tr\/index.php\/urun\/kuyrukluyildiz\/","title":{"rendered":"Kuyrukluy\u0131ld\u0131z"},"content":{"rendered":"<p>G\u00f6ky\u00fcz\u00fcm\u00fczdeki bu zarif ziyaret\u00e7iler neyin nesidir? An itibariyle biliyoruz ki, onlar hem hayat\u0131 hem de \u00f6l\u00fcm\u00fc getirmi\u015f; bize kendi k\u00f6kenlerimizi \u00f6\u011fretmi\u015flerdir&#8230; Kuyrukluy\u0131ld\u0131z, uzay\u0131 bir ba\u015ftan di\u011ferine kat eden bir y\u0131ld\u0131z\u0131n nefes kesen bir yolculu\u011fuyla ba\u015flar. Pulitzer \u00f6d\u00fcl\u00fcne lay\u0131k g\u00f6r\u00fclen astronom Carl Sagan ve yazar Ann Druyan bu kitapta, egzotik mit ve i\u015faretlerle bezeli kuyrukluy\u0131ld\u0131zlar\u0131n k\u00f6kenini, do\u011fas\u0131n\u0131 ve gelece\u011fini ara\u015ft\u0131rmak \u00fczere ke\u015ffe \u00e7\u0131k\u0131yorlar. Yazarlar kuyrukluy\u0131ld\u0131zlar\u0131n bilim tarihindeki baz\u0131 b\u00fcy\u00fck ke\u015fifleri ne \u015fekilde k\u0131\u015fk\u0131rtt\u0131klar\u0131n\u0131; y\u0131ld\u0131zlar aras\u0131ndaki karanl\u0131klardan par\u0131lt\u0131larla \u00e7\u0131k\u0131p gelen bu ziyaret\u00e7iler hakk\u0131ndaki b\u00fcy\u00fcleyici sorular\u0131 nas\u0131l \u00e7o\u011faltt\u0131klar\u0131n\u0131 g\u00f6zler \u00f6n\u00fcne sermektedir. Foto\u011fraf ve \u00f6zel olarak haz\u0131rlanm\u0131\u015f bol renkli resimleriyle Kuyrukluy\u0131ld\u0131z, g\u00f6zlerini g\u00f6ky\u00fcz\u00fcne dikip de ni\u00e7in diye merak eden herkes i\u00e7in olmazsa olmaz bir kitap, b\u00fcy\u00fcleyici bir macera&#8230; \u201cB\u00fcy\u00fcleyici, yarat\u0131c\u0131 ve ilham verici.\u201d-The Washington Post- \u201cTek kelimeyle en iyisi.\u201d-Times of London- \u201cKuyrukluy\u0131ld\u0131z bilimi herkesin anlayaca\u011f\u0131 hale getirmi\u015f, g\u00fczel ve ilgin\u00e7 bir kitap.\u201d-United Press International- \u201cBir ba\u015fyap\u0131t&#8230; Bilim, \u015fiir ve hayal g\u00fcc\u00fc.\u201d-The Atlanta Journal &amp; Constitution- <\/p>\n","protected":false},"excerpt":{"rendered":"<p>G\u00f6ky\u00fcz\u00fcm\u00fczdeki bu zarif ziyaret\u00e7iler neyin nesidir? An itibariyle biliyoruz ki, onlar hem hayat\u0131 hem de \u00f6l\u00fcm\u00fc getirmi\u015f; bize kendi k\u00f6kenlerimizi \u00f6\u011fretmi\u015flerdir&#8230; Kuyrukluy\u0131ld\u0131z, uzay\u0131 bir ba\u015ftan di\u011ferine<span class=\"excerpt-hellip\"> [\u2026]<\/span><\/p>\n","protected":false},"featured_media":0,"template":"","meta":{"_monsterinsights_skip_tracking":false,"_monsterinsights_sitenote_active":false,"_monsterinsights_sitenote_note":"","_monsterinsights_sitenote_category":0},"product_brand":[],"product_cat":[13005],"product_tag":[],"class_list":{"0":"post-711201","1":"product","2":"type-product","3":"status-publish","5":"product_cat-bilim-muhendislik","6":"pa_cilt-ciltsiz","7":"pa_tur-kitap","8":"pa_yayinevi-ayrinti-yayinlari","9":"pa_yazar-carl-sagan","11":"first","12":"instock","13":"sale","14":"shipping-taxable","15":"purchasable","16":"product-type-simple"},"_links":{"self":[{"href":"https:\/\/roveyayinevi.com.tr\/index.php\/wp-json\/wp\/v2\/product\/711201","targetHints":{"allow":["GET"]}}],"collection":[{"href":"https:\/\/roveyayinevi.com.tr\/index.php\/wp-json\/wp\/v2\/product"}],"about":[{"href":"https:\/\/roveyayinevi.com.tr\/index.php\/wp-json\/wp\/v2\/types\/product"}],"wp:attachment":[{"href":"https:\/\/roveyayinevi.com.tr\/index.php\/wp-json\/wp\/v2\/media?parent=711201"}],"wp:term":[{"taxonomy":"product_brand","embeddable":true,"href":"https:\/\/roveyayinevi.com.tr\/index.php\/wp-json\/wp\/v2\/product_brand?post=711201"},{"taxonomy":"product_cat","embeddable":true,"href":"https:\/\/roveyayinevi.com.tr\/index.php\/wp-json\/wp\/v2\/product_cat?post=711201"},{"taxonomy":"product_tag","embeddable":true,"href":"https:\/\/roveyayinevi.com.tr\/index.php\/wp-json\/wp\/v2\/product_tag?post=711201"}],"curies":[{"name":"wp","href":"https:\/\/api.w.org\/{rel}","templated":true}]}}