{"id":711199,"date":"2025-08-27T16:43:07","date_gmt":"2025-08-27T13:43:07","guid":{"rendered":"https:\/\/roveyayinevi.com.tr\/index.php\/urun\/ardahandan-gelen-mektup\/"},"modified":"2026-04-16T02:19:49","modified_gmt":"2026-04-15T23:19:49","slug":"ardahandan-gelen-mektup","status":"publish","type":"product","link":"https:\/\/roveyayinevi.com.tr\/index.php\/urun\/ardahandan-gelen-mektup\/","title":{"rendered":"Ardahan&#8217;dan Gelen Mektup"},"content":{"rendered":"<p>Mustafa Ardahan\u2019da ya\u015f\u0131yordu. Her sabah k\u00f6y\u00fcn hayvanlar\u0131n\u0131 besleyip bak\u0131mlar\u0131n\u0131 yapt\u0131\u011f\u0131ndan biraz ge\u00e7 kal\u0131yordu okula. \u0130lk dersler genelde Zeynep \u00d6\u011fretmen\u2019in dersiydi. Zeynep \u00d6\u011fretmen yapt\u0131\u011f\u0131 i\u015fleri, sorumluluklar\u0131n\u0131 bildi\u011finden Mustafa\u2019ya k\u0131zmazd\u0131. Yine okula ge\u00e7 kald\u0131\u011f\u0131 sabahlardan birinde Mustafa, s\u0131n\u0131f arkada\u015flar\u0131n\u0131 di\u011fer g\u00fcnlere g\u00f6re daha bir d\u00fc\u015f\u00fcnceli buldu. Zeynep \u00d6\u011fretmen onlara bir \u00f6dev vermi\u015fti. Mustafa\u2019n\u0131n da \u00e7ok yak\u0131nda \u00f6\u011frenece\u011fi gibi bamba\u015fka bir d\u00fcnyan\u0131n kap\u0131lar\u0131n\u0131 a\u00e7m\u0131\u015f, onlara birer mektup arkada\u015f\u0131 bulmu\u015ftu. <\/p>\n","protected":false},"excerpt":{"rendered":"<p>Mustafa Ardahan\u2019da ya\u015f\u0131yordu. Her sabah k\u00f6y\u00fcn hayvanlar\u0131n\u0131 besleyip bak\u0131mlar\u0131n\u0131 yapt\u0131\u011f\u0131ndan biraz ge\u00e7 kal\u0131yordu okula. \u0130lk dersler genelde Zeynep \u00d6\u011fretmen\u2019in dersiydi. Zeynep \u00d6\u011fretmen yapt\u0131\u011f\u0131 i\u015fleri, sorumluluklar\u0131n\u0131 bildi\u011finden<span class=\"excerpt-hellip\"> [\u2026]<\/span><\/p>\n","protected":false},"featured_media":0,"template":"","meta":{"_monsterinsights_skip_tracking":false,"_monsterinsights_sitenote_active":false,"_monsterinsights_sitenote_note":"","_monsterinsights_sitenote_category":0},"product_brand":[],"product_cat":[12275,12274],"product_tag":[],"class_list":{"0":"post-711199","1":"product","2":"type-product","3":"status-publish","5":"product_cat-6-12-yas-kitaplari","6":"product_cat-cocuk-ve-genclik-kitaplari","7":"pa_cilt-ciltsiz","8":"pa_tur-kitap","9":"pa_yayinevi-kirmizi-kedi-yayinevi","10":"pa_yazar-feyza-hepcilingirler","12":"first","13":"instock","14":"sale","15":"shipping-taxable","16":"purchasable","17":"product-type-simple"},"_links":{"self":[{"href":"https:\/\/roveyayinevi.com.tr\/index.php\/wp-json\/wp\/v2\/product\/711199","targetHints":{"allow":["GET"]}}],"collection":[{"href":"https:\/\/roveyayinevi.com.tr\/index.php\/wp-json\/wp\/v2\/product"}],"about":[{"href":"https:\/\/roveyayinevi.com.tr\/index.php\/wp-json\/wp\/v2\/types\/product"}],"wp:attachment":[{"href":"https:\/\/roveyayinevi.com.tr\/index.php\/wp-json\/wp\/v2\/media?parent=711199"}],"wp:term":[{"taxonomy":"product_brand","embeddable":true,"href":"https:\/\/roveyayinevi.com.tr\/index.php\/wp-json\/wp\/v2\/product_brand?post=711199"},{"taxonomy":"product_cat","embeddable":true,"href":"https:\/\/roveyayinevi.com.tr\/index.php\/wp-json\/wp\/v2\/product_cat?post=711199"},{"taxonomy":"product_tag","embeddable":true,"href":"https:\/\/roveyayinevi.com.tr\/index.php\/wp-json\/wp\/v2\/product_tag?post=711199"}],"curies":[{"name":"wp","href":"https:\/\/api.w.org\/{rel}","templated":true}]}}