{"id":711198,"date":"2025-08-27T16:43:07","date_gmt":"2025-08-27T13:43:07","guid":{"rendered":"https:\/\/roveyayinevi.com.tr\/index.php\/urun\/akdeniz-ve-akdeniz-dunyasi-i\/"},"modified":"2026-04-16T02:19:49","modified_gmt":"2026-04-15T23:19:49","slug":"akdeniz-ve-akdeniz-dunyasi-i","status":"publish","type":"product","link":"https:\/\/roveyayinevi.com.tr\/index.php\/urun\/akdeniz-ve-akdeniz-dunyasi-i\/","title":{"rendered":"Akdeniz Ve Akdeniz D\u00fcnyas\u0131 I"},"content":{"rendered":"<p>Venedik, Roma, \u0130stanbul, Atina, Barcelona, \u0130skenderiye, Marsilya ve Napoli\u2026 Her biri kadim d\u00fcnyan\u0131n merkezinde \u0131\u015f\u0131l \u0131\u015f\u0131l parlayan ebedi g\u00fczellikteki kentler&#8230; Muazzam bir k\u00fclt\u00fcrel hareketlili\u011fin, uygarl\u0131\u011f\u0131n, siyasi rekabetlerin, ticaretin, ihtiraslar\u0131n ve dinsel \u00e7eki\u015fmelerin kalbi\u2026 Akdeniz bir denizden hep daha fazlas\u0131n\u0131 ta\u015f\u0131m\u0131\u015ft\u0131r. O ayn\u0131 zamanda Balt\u0131k, Sahra, Mezopotamya, Atlantik ve Kuzey Afrika \u00e7\u00f6lleri de\u011fil midir? Liman ve k\u0131y\u0131lar\u0131yla birlikte da\u011flar, ovalar ve yaylalar da bir denizin kaderini payla\u015fm\u0131\u015f, yenilgi ve zaferlerini benzer ritimde ya\u015fam\u0131\u015ft\u0131r. Akdeniz halklar\u0131n\u0131n tarihini uzun ve karma\u015f\u0131k b\u00fct\u00fcnl\u00fc\u011f\u00fc i\u00e7inde kavramak gibi kelimenin tek anlam\u0131yla \u00e7\u0131lg\u0131nca bir \u00e7aba i\u00e7ine giren ve e\u015fsiz bir senteze ula\u015fan b\u00fcy\u00fck bir tarih\u00e7inin, tutkulu bir Akdenizlinin eseri duruyor kar\u015f\u0131m\u0131zda, bir ba\u015fyap\u0131t: II. Felipe D\u00f6neminde Akdeniz ve Akdeniz D\u00fcnyas\u0131. Braudel\u2019in Akdeniz\u2019inde, Fransa\u2019y\u0131 anlamak i\u00e7in Cezayir\u2019i, Suriye\u2019yi anlamak i\u00e7in \u0130spanya\u2019y\u0131, Anadolu\u2019yu anlamak i\u00e7in M\u0131s\u0131r\u2019\u0131 anlamak gerekir. Bu \u00e7er\u00e7evede tarihin geni\u015f alanlar yelpazesinde sorun-odakl\u0131 tarih, kar\u015f\u0131la\u015ft\u0131rmal\u0131 tarih, tarihsel psikoloji, jeo-tarih, uzun s\u00fcrenin tarihi, dizisel tarih, tarihsel antropolojinin yan\u0131s\u0131ra iklimbilim, iktisat, n\u00fcfusbilim, biyoloji vb. pek \u00e7ok disiplinin ba\u015far\u0131l\u0131 sentezi Akdeniz ve Akdeniz D\u00fcnyas\u0131\u2019nda bir araya gelmektedir. Birinci cilt, hemen hemen hareketsiz bir tarihi, insan\u0131n onu \u00e7evreleyen ortamla ili\u015fkileri i\u00e7indeki tarihini g\u00fcndeme getirmektedir; bu tarih yava\u015f akan ve yava\u015f de\u011fi\u015fen, s\u0131kl\u0131kla \u0131srarl\u0131 geri d\u00f6n\u00fc\u015flerden ve s\u00fcrekli yenilenen devrelerden meydana gelen bir tarihtir. <\/p>\n","protected":false},"excerpt":{"rendered":"<p>Venedik, Roma, \u0130stanbul, Atina, Barcelona, \u0130skenderiye, Marsilya ve Napoli\u2026 Her biri kadim d\u00fcnyan\u0131n merkezinde \u0131\u015f\u0131l \u0131\u015f\u0131l parlayan ebedi g\u00fczellikteki kentler&#8230; Muazzam bir k\u00fclt\u00fcrel hareketlili\u011fin, uygarl\u0131\u011f\u0131n, siyasi<span class=\"excerpt-hellip\"> [\u2026]<\/span><\/p>\n","protected":false},"featured_media":0,"template":"","meta":{"_monsterinsights_skip_tracking":false,"_monsterinsights_sitenote_active":false,"_monsterinsights_sitenote_note":"","_monsterinsights_sitenote_category":0},"product_brand":[],"product_cat":[12370,12304],"product_tag":[],"class_list":{"0":"post-711198","1":"product","2":"type-product","3":"status-publish","5":"product_cat-arastirma-inceleme","6":"product_cat-tarih","7":"pa_cilt-ciltsiz","8":"pa_tur-kitap","9":"pa_yayinevi-dogu-bati-yayinlari","10":"pa_yazar-fernand-braudel","12":"first","13":"instock","14":"sale","15":"shipping-taxable","16":"purchasable","17":"product-type-simple"},"_links":{"self":[{"href":"https:\/\/roveyayinevi.com.tr\/index.php\/wp-json\/wp\/v2\/product\/711198","targetHints":{"allow":["GET"]}}],"collection":[{"href":"https:\/\/roveyayinevi.com.tr\/index.php\/wp-json\/wp\/v2\/product"}],"about":[{"href":"https:\/\/roveyayinevi.com.tr\/index.php\/wp-json\/wp\/v2\/types\/product"}],"wp:attachment":[{"href":"https:\/\/roveyayinevi.com.tr\/index.php\/wp-json\/wp\/v2\/media?parent=711198"}],"wp:term":[{"taxonomy":"product_brand","embeddable":true,"href":"https:\/\/roveyayinevi.com.tr\/index.php\/wp-json\/wp\/v2\/product_brand?post=711198"},{"taxonomy":"product_cat","embeddable":true,"href":"https:\/\/roveyayinevi.com.tr\/index.php\/wp-json\/wp\/v2\/product_cat?post=711198"},{"taxonomy":"product_tag","embeddable":true,"href":"https:\/\/roveyayinevi.com.tr\/index.php\/wp-json\/wp\/v2\/product_tag?post=711198"}],"curies":[{"name":"wp","href":"https:\/\/api.w.org\/{rel}","templated":true}]}}