{"id":711197,"date":"2025-08-27T16:43:06","date_gmt":"2025-08-27T13:43:06","guid":{"rendered":"https:\/\/roveyayinevi.com.tr\/index.php\/urun\/turk-sosyalistlerinin-el-kitabi-onlar-uyanirken\/"},"modified":"2026-04-16T02:19:49","modified_gmt":"2026-04-15T23:19:49","slug":"turk-sosyalistlerinin-el-kitabi-onlar-uyanirken","status":"publish","type":"product","link":"https:\/\/roveyayinevi.com.tr\/index.php\/urun\/turk-sosyalistlerinin-el-kitabi-onlar-uyanirken\/","title":{"rendered":"T\u00fcrk Sosyalistlerinin El Kitab\u0131 &#8211; Onlar Uyan\u0131rken"},"content":{"rendered":"<p>T\u00fcrkiye\u2019de Sosyalist D\u00fc\u015f\u00fcncenin Klasikleri dizisinin \u00fc\u00e7\u00fcnc\u00fc kitab\u0131 olan Onlar Uyan\u0131rken, T\u00fcrkiye emek\u00e7i halk\u0131n\u0131n 1960\u2019l\u0131 y\u0131llarda kurulu d\u00fczeni sorgulayan bilin\u00e7 ve eylemlerinin, yan\u0131 s\u0131ra da sosyalizm aray\u0131\u015flar\u0131n\u0131n \u00e7arp\u0131c\u0131 bir yans\u0131mas\u0131d\u0131r. Onlar Uyan\u0131rken\u2019in iki yazar\u0131 vard\u0131r. Kitab\u0131n birinci k\u0131sm\u0131nda yer alan T\u00fcrk Sosyalistlerinin El Kitab\u0131 ba\u015fl\u0131kl\u0131 b\u00f6l\u00fcm\u00fcn yazar\u0131 \u00c7etin Altan\u2019d\u0131r. Parlamento k\u00fcrs\u00fcs\u00fcnde kapitalizme y\u00f6neltti\u011fi \u00f6ld\u00fcr\u00fcc\u00fc ele\u015ftirileri, miting meydanlar\u0131nda yapt\u0131\u011f\u0131 co\u015fkulu konu\u015fmalar\u0131, kahvehanelerde anlatt\u0131\u011f\u0131 \u00e7arp\u0131c\u0131 \u00fclke sorunlar\u0131 ve gazetelerde ikna edici bir dille yazd\u0131\u011f\u0131 alternatif sosyalist toplum tahayy\u00fclleriyle 1960\u2019l\u0131 y\u0131llar\u0131n siyasal y\u0131ld\u0131z\u0131d\u0131r \u00c7etin Altan. Kapitalizm yanda\u015flar\u0131n\u0131n d\u00fc\u015fman\u0131, sosyalizm aray\u0131\u015flar\u0131 i\u00e7indeki emek\u00e7ilerin sevgilisidir. T\u00fcrk Sosyalistlerinin El Kitab\u0131, sosyalist d\u00fc\u015f\u00fcnce ve toplum d\u00fczeninin herkes taraf\u0131ndan anla\u015f\u0131labilecek bir yal\u0131nl\u0131kla ve akla gelebilecek her t\u00fcrl\u00fc soruyu \u00f6nceden hesap edip yan\u0131tlayan bir ustal\u0131kla yaz\u0131lm\u0131\u015ft\u0131r. Ak\u0131c\u0131 ritmi, canl\u0131 anlat\u0131m\u0131, berrak \u00fcslubu, ak\u0131l y\u00fckl\u00fc kurgusu, kahredici ele\u015ftirileri ve a\u015f\u0131lad\u0131\u011f\u0131 umutlar\u0131yla sosyalist fikirlerin pop\u00fclerle\u015ftirilmesinde e\u015fine ender rastlanabilecek d\u00fczeyde vurucu bir metindir. Kitab\u0131n ikinci k\u0131sm\u0131nda yer alan Mektuplar\u2019\u0131n yazar\u0131 i\u015f\u00e7isi, \u0131rgat\u0131, marabas\u0131, \u015fof\u00f6r\u00fc, kahvecisi, bakkal\u0131, terzisi, zanaatk\u00e2r\u0131 ve arkas\u0131z memuruyla T\u00fcrkiye emek\u00e7i halk\u0131d\u0131r. Yurdun do\u011fusundan, bat\u0131s\u0131ndan, g\u00fcneyinden ve kuzeyinden gelen binlerce mektup aras\u0131ndan kura usul\u00fcyle \u00c7etin Altan taraf\u0131ndan se\u00e7ilen bu k\u00fc\u00e7\u00fck demet, devrin emek\u00e7i halk\u0131n\u0131n s\u0131n\u0131f bilincini ve siyasal da\u011farc\u0131\u011f\u0131n\u0131 yans\u0131tmas\u0131 bak\u0131m\u0131ndan e\u015fsiz bir tarihsel belge niteli\u011findedir. Onlar Uyan\u0131rken, bir g\u00fcnde on \u00fc\u00e7 bin kopya sat\u0131lan ilk bask\u0131s\u0131n\u0131n \u00fczerinden tam 50 y\u0131l sonra, T\u00fcrkiye Marksizminin ya\u015fayan en \u00f6nemli temsilcilerinden Metin \u00c7ulhao\u011flu\u2019nun \u2018Sunu\u015f\u2019uyla yeniden okuyucuyla bulu\u015fmaktad\u0131r. <\/p>\n","protected":false},"excerpt":{"rendered":"<p>T\u00fcrkiye\u2019de Sosyalist D\u00fc\u015f\u00fcncenin Klasikleri dizisinin \u00fc\u00e7\u00fcnc\u00fc kitab\u0131 olan Onlar Uyan\u0131rken, T\u00fcrkiye emek\u00e7i halk\u0131n\u0131n 1960\u2019l\u0131 y\u0131llarda kurulu d\u00fczeni sorgulayan bilin\u00e7 ve eylemlerinin, yan\u0131 s\u0131ra da sosyalizm aray\u0131\u015flar\u0131n\u0131n<span class=\"excerpt-hellip\"> [\u2026]<\/span><\/p>\n","protected":false},"featured_media":0,"template":"","meta":{"_monsterinsights_skip_tracking":false,"_monsterinsights_sitenote_active":false,"_monsterinsights_sitenote_note":"","_monsterinsights_sitenote_category":0},"product_brand":[],"product_cat":[13590,12337],"product_tag":[],"class_list":{"0":"post-711197","1":"product","2":"type-product","3":"status-publish","5":"product_cat-arastirma-inceleme-politika-siyaset","6":"product_cat-politika-siyaset","7":"pa_cilt-ciltsiz","8":"pa_tur-kitap","9":"pa_yayinevi-yordam-kitap","10":"pa_yazar-kollektif","12":"first","13":"instock","14":"sale","15":"shipping-taxable","16":"purchasable","17":"product-type-simple"},"_links":{"self":[{"href":"https:\/\/roveyayinevi.com.tr\/index.php\/wp-json\/wp\/v2\/product\/711197","targetHints":{"allow":["GET"]}}],"collection":[{"href":"https:\/\/roveyayinevi.com.tr\/index.php\/wp-json\/wp\/v2\/product"}],"about":[{"href":"https:\/\/roveyayinevi.com.tr\/index.php\/wp-json\/wp\/v2\/types\/product"}],"wp:attachment":[{"href":"https:\/\/roveyayinevi.com.tr\/index.php\/wp-json\/wp\/v2\/media?parent=711197"}],"wp:term":[{"taxonomy":"product_brand","embeddable":true,"href":"https:\/\/roveyayinevi.com.tr\/index.php\/wp-json\/wp\/v2\/product_brand?post=711197"},{"taxonomy":"product_cat","embeddable":true,"href":"https:\/\/roveyayinevi.com.tr\/index.php\/wp-json\/wp\/v2\/product_cat?post=711197"},{"taxonomy":"product_tag","embeddable":true,"href":"https:\/\/roveyayinevi.com.tr\/index.php\/wp-json\/wp\/v2\/product_tag?post=711197"}],"curies":[{"name":"wp","href":"https:\/\/api.w.org\/{rel}","templated":true}]}}