{"id":711196,"date":"2025-08-27T16:43:06","date_gmt":"2025-08-27T13:43:06","guid":{"rendered":"https:\/\/roveyayinevi.com.tr\/index.php\/urun\/yazarlarin-ve-sairlerin-gozuyle-lenin-ciltli\/"},"modified":"2026-04-16T02:19:49","modified_gmt":"2026-04-15T23:19:49","slug":"yazarlarin-ve-sairlerin-gozuyle-lenin-ciltli","status":"publish","type":"product","link":"https:\/\/roveyayinevi.com.tr\/index.php\/urun\/yazarlarin-ve-sairlerin-gozuyle-lenin-ciltli\/","title":{"rendered":"Yazarlar\u0131n ve \u015eairlerin G\u00f6z\u00fcyle Lenin (Ciltli)"},"content":{"rendered":"<p>Jorge Amado, Louis Aragon, Henri Barbusse, Bertolt Brecht, \u0130lya Ehrenburg, Julius Fu\u010dik, Maksim Gorki, Anatoli Luna\u00e7arski, Heinrich Mann, Pablo Neruda, John Reed, Romain Rolland, Anna Seghers, Bernard Shaw, H. G. Wells, Clara Zetkin ve daha \u00e7ok say\u0131da b\u00fcy\u00fck yazar Lenin\u2019e bak \u0131yor, Lenin\u2019i duyuyor, Lenin\u2019i anlat\u0131yor&#8230; \u201cGeni\u015f bir y\u00fcz\u00fc, \u00e7\u0131k\u0131k elmac\u0131k kemikleri, ince bir sakal\u0131, b\u00fcy\u00fck bir burnu, par\u0131lt\u0131l\u0131 g\u00f6zleri ve dudaklar\u0131nda hafif bir g\u00fcl\u00fcmsemesi olan\u201d k\u0131sa boylu bir adam\u0131&#8230; K\u0131rlarda gezmeyi, \u00e7i\u00e7ek toplamay\u0131, bisiklete binmeyi, Beethoven dinlemeyi, Tolstoy okumay\u0131 seven bir adam\u0131&#8230; \u201cTarihin, tavan aras\u0131 odalardan ve s\u00fcrg\u00fcn k\u00fct\u00fcphanelerinden \u00e7\u0131kar\u0131p d\u00fcnya tarihinin girdab\u0131na oturttu\u011fu adam\u0131&#8230;\u201d Z\u00fcrih\u2019te, ayda yirmi sekiz franka oturdu\u011fu dik bir sokaktaki tek odal\u0131 dairesinden yola \u00e7\u0131karak m\u00fch\u00fcrl\u00fc bir vagon i\u00e7inde Rusya\u2019ya hareket eden ve yedi ay sonra \u201cd\u00fcnyay\u0131 sarsan on g\u00fcn\u201d\u00fc ba\u015flatan adam\u0131&#8230; Bir k\u00f6yl\u00fcn\u00fcn, tabutunun ard\u0131ndan, \u201c\u0130yi adamd\u0131, biz k\u00f6yl\u00fcler i\u00e7in yaln\u0131zca o iyi \u015feyler yapt\u0131,\u201d dedi\u011fi insan\u0131&#8230; Pablo Neruda\u2019n\u0131n, \u201cAkl\u0131 hep ate\u015fliydi, ama hi\u00e7 k\u00fcl olmad\u0131, \/ Ve \u00f6l\u00fcm, alev alm\u0131\u015f kalbini so\u011futamad\u0131&#8230;\u201d dedi\u011fi adam\u0131&#8230; Bu kitap, i\u015fte onu, Vladimir \u0130lyi\u00e7 Lenin\u2019i anlat\u0131yor. D\u00fcnyan\u0131n d\u00f6rt bir yan\u0131ndan yazar ve sanat\u00e7\u0131lar\u0131n diliyle&#8230; B\u00fcy\u00fck eseri Sosyalist Ekim Devrimi\u2019nin 100. y\u0131l\u0131nda! <\/p>\n","protected":false},"excerpt":{"rendered":"<p>Jorge Amado, Louis Aragon, Henri Barbusse, Bertolt Brecht, \u0130lya Ehrenburg, Julius Fu\u010dik, Maksim Gorki, Anatoli Luna\u00e7arski, Heinrich Mann, Pablo Neruda, John Reed, Romain Rolland, Anna Seghers,<span class=\"excerpt-hellip\"> [\u2026]<\/span><\/p>\n","protected":false},"featured_media":0,"template":"","meta":{"_monsterinsights_skip_tracking":false,"_monsterinsights_sitenote_active":false,"_monsterinsights_sitenote_note":"","_monsterinsights_sitenote_category":0},"product_brand":[],"product_cat":[13946,12304],"product_tag":[],"class_list":{"0":"post-711196","1":"product","2":"type-product","3":"status-publish","5":"product_cat-biyografi-otobiyografi","6":"product_cat-tarih","7":"pa_cilt-ciltli","8":"pa_tur-kitap","9":"pa_yayinevi-yordam-kitap","10":"pa_yazar-kollektif","12":"first","13":"instock","14":"sale","15":"shipping-taxable","16":"purchasable","17":"product-type-simple"},"_links":{"self":[{"href":"https:\/\/roveyayinevi.com.tr\/index.php\/wp-json\/wp\/v2\/product\/711196","targetHints":{"allow":["GET"]}}],"collection":[{"href":"https:\/\/roveyayinevi.com.tr\/index.php\/wp-json\/wp\/v2\/product"}],"about":[{"href":"https:\/\/roveyayinevi.com.tr\/index.php\/wp-json\/wp\/v2\/types\/product"}],"wp:attachment":[{"href":"https:\/\/roveyayinevi.com.tr\/index.php\/wp-json\/wp\/v2\/media?parent=711196"}],"wp:term":[{"taxonomy":"product_brand","embeddable":true,"href":"https:\/\/roveyayinevi.com.tr\/index.php\/wp-json\/wp\/v2\/product_brand?post=711196"},{"taxonomy":"product_cat","embeddable":true,"href":"https:\/\/roveyayinevi.com.tr\/index.php\/wp-json\/wp\/v2\/product_cat?post=711196"},{"taxonomy":"product_tag","embeddable":true,"href":"https:\/\/roveyayinevi.com.tr\/index.php\/wp-json\/wp\/v2\/product_tag?post=711196"}],"curies":[{"name":"wp","href":"https:\/\/api.w.org\/{rel}","templated":true}]}}