{"id":711195,"date":"2025-08-27T16:43:05","date_gmt":"2025-08-27T13:43:05","guid":{"rendered":"https:\/\/roveyayinevi.com.tr\/index.php\/urun\/devrimler-cagi-1848-1871-1917\/"},"modified":"2026-04-16T02:19:49","modified_gmt":"2026-04-15T23:19:49","slug":"devrimler-cagi-1848-1871-1917","status":"publish","type":"product","link":"https:\/\/roveyayinevi.com.tr\/index.php\/urun\/devrimler-cagi-1848-1871-1917\/","title":{"rendered":"Devrimler \u00c7a\u011f\u0131: 1848, 1871, 1917"},"content":{"rendered":"<p>Tarih, siyaset ve felsefenin kesi\u015fim noktalar\u0131nda ufkumuzu geni\u015fleten yeni \u00e7al\u0131\u015fmalara imza atan Taner Timur, \u015fimdi de Devrimler \u00c7a\u011f\u0131\u2019na bak\u0131yor. Timur, 19 ve 20. y\u00fczy\u0131l\u0131n \u00fc\u00e7 \u00f6nemli devrimci kalk\u0131\u015fmas\u0131nda, 1848, 1871 ve 1917 y\u0131llar\u0131nda ya\u015fananlar\u0131 d\u00f6rt ayr\u0131 b\u00f6l\u00fcmde ele al\u0131yor.   Kitab\u0131n ilk iki b\u00f6l\u00fcm\u00fcnde hem 1848 \u015eubat\u0131n\u0131n \u015fanl\u0131 devrim g\u00fcnlerini, hem de ayn\u0131 y\u0131l\u0131n Haziran ay\u0131ndaki kar\u015f\u0131-devrim d\u00f6nemini inceleyen Taner Timur, bir\u00e7ok y\u00f6n\u00fcyle bug\u00fcnleri de anlamam\u0131za yard\u0131mc\u0131 olan bu olaylar\u0131, Marx ve Engels\u2019in Kom\u00fcnist Manifesto ve Marx\u2019\u0131n Louis Bonaparte\u2019\u0131n 18 Brumaire\u2019i eserlerinin rehberli\u011finde ayd\u0131nlatmaya \u00e7al\u0131\u015f\u0131yor. \u201cParis Kom\u00fcn\u00fc ve Marx\u201d ba\u015fl\u0131\u011f\u0131n\u0131 ta\u015f\u0131yan \u00fc\u00e7\u00fcnc\u00fc b\u00f6l\u00fcmde, 1871 Kom\u00fcn deneyiminin do\u011fu\u015fu, g\u00fc\u00e7ler aras\u0131ndaki orans\u0131zl\u0131\u011fa ra\u011fmen sava\u015f\u0131n g\u00f6ze al\u0131nmas\u0131, I. Enternasyonal\u2019in konumu gibi konular ele al\u0131n\u0131yor.   Son b\u00f6l\u00fcm, \u201cDo\u011fu Sorunu, Payla\u015f\u0131m Sava\u015f\u0131 ve 1917 Devrimi\u201d ba\u015fl\u0131\u011f\u0131n\u0131 ta\u015f\u0131yor. Bu b\u00f6l\u00fcmde 1917 Sovyet Devrimi\u2019ni ana hatlar\u0131yla inceleyen Taner Timur \u015funlar\u0131 s\u00f6yl\u00fcyor: \u201cBu y\u0131l 100. y\u0131ld\u00f6n\u00fcm\u00fcn\u00fc and\u0131\u011f\u0131m\u0131z bu b\u00fcy\u00fck devrim, milyonlarca insan\u0131n \u00f6ld\u00fc\u011f\u00fc korkun\u00e7 bir sava\u015f\u0131n sonlar\u0131nda t\u00fcm insanl\u0131\u011fa b\u00fcy\u00fck umutlar sa\u00e7m\u0131\u015ft\u0131. Oysa uluslararas\u0131 kapitalizm, daha ilk g\u00fcnden itibaren onu ku\u015fatt\u0131; emek\u00e7i y\u00f6netimine kar\u015f\u0131 fa\u015fist barajlar kurdu; yeni ve daha korkun\u00e7 sava\u015flar \u00e7\u0131kard\u0131 ve sonunda da sistemi \u2018demir perde\u2019 k\u0131skac\u0131 alt\u0131nda nefessiz k\u0131larak bir \u00e7e\u015fit \u00f6l\u00fcme mahk\u00fbm etti.\u201d   Devrimci kalk\u0131\u015fmalar\u0131 ve kar\u015f\u0131-devrimci manevralar\u0131yla bug\u00fcn\u00fcm\u00fcze \u0131\u015f\u0131k tutan \u00fc\u00e7 \u00f6nemli tarihsel kesiti anlatan Devrimler \u00c7a\u011f\u0131, her k\u00fct\u00fcphanede bulunmas\u0131 gereken bir eser. <\/p>\n","protected":false},"excerpt":{"rendered":"<p>Tarih, siyaset ve felsefenin kesi\u015fim noktalar\u0131nda ufkumuzu geni\u015fleten yeni \u00e7al\u0131\u015fmalara imza atan Taner Timur, \u015fimdi de Devrimler \u00c7a\u011f\u0131\u2019na bak\u0131yor. Timur, 19 ve 20. y\u00fczy\u0131l\u0131n \u00fc\u00e7 \u00f6nemli<span class=\"excerpt-hellip\"> [\u2026]<\/span><\/p>\n","protected":false},"featured_media":0,"template":"","meta":{"_monsterinsights_skip_tracking":false,"_monsterinsights_sitenote_active":false,"_monsterinsights_sitenote_note":"","_monsterinsights_sitenote_category":0},"product_brand":[],"product_cat":[12370,12304],"product_tag":[],"class_list":{"0":"post-711195","1":"product","2":"type-product","3":"status-publish","5":"product_cat-arastirma-inceleme","6":"product_cat-tarih","7":"pa_cilt-ciltsiz","8":"pa_tur-kitap","9":"pa_yayinevi-yordam-kitap","10":"pa_yazar-taner-timur","12":"first","13":"instock","14":"sale","15":"shipping-taxable","16":"purchasable","17":"product-type-simple"},"_links":{"self":[{"href":"https:\/\/roveyayinevi.com.tr\/index.php\/wp-json\/wp\/v2\/product\/711195","targetHints":{"allow":["GET"]}}],"collection":[{"href":"https:\/\/roveyayinevi.com.tr\/index.php\/wp-json\/wp\/v2\/product"}],"about":[{"href":"https:\/\/roveyayinevi.com.tr\/index.php\/wp-json\/wp\/v2\/types\/product"}],"wp:attachment":[{"href":"https:\/\/roveyayinevi.com.tr\/index.php\/wp-json\/wp\/v2\/media?parent=711195"}],"wp:term":[{"taxonomy":"product_brand","embeddable":true,"href":"https:\/\/roveyayinevi.com.tr\/index.php\/wp-json\/wp\/v2\/product_brand?post=711195"},{"taxonomy":"product_cat","embeddable":true,"href":"https:\/\/roveyayinevi.com.tr\/index.php\/wp-json\/wp\/v2\/product_cat?post=711195"},{"taxonomy":"product_tag","embeddable":true,"href":"https:\/\/roveyayinevi.com.tr\/index.php\/wp-json\/wp\/v2\/product_tag?post=711195"}],"curies":[{"name":"wp","href":"https:\/\/api.w.org\/{rel}","templated":true}]}}