{"id":711192,"date":"2025-08-27T16:43:03","date_gmt":"2025-08-27T13:43:03","guid":{"rendered":"https:\/\/roveyayinevi.com.tr\/index.php\/urun\/insanin-dusunmekten-cani-yanar-mi\/"},"modified":"2026-02-03T02:31:41","modified_gmt":"2026-02-02T23:31:41","slug":"insanin-dusunmekten-cani-yanar-mi","status":"publish","type":"product","link":"https:\/\/roveyayinevi.com.tr\/index.php\/urun\/insanin-dusunmekten-cani-yanar-mi\/","title":{"rendered":"\u0130nsan\u0131n D\u00fc\u015f\u00fcnmekten Can\u0131 Yanar M\u0131?"},"content":{"rendered":"<p>Nev\u015fin Meng\u00fc\u2019den z\u00fclfiyare dokunan bir kitap.\u0130lk kitap. Bu kitab\u0131n yazar\u0131n\u0131 televizyon ekran\u0131ndan tan\u0131yoruz daha \u00e7ok. S\u00f6z\u00fcn\u00fc sak\u0131nmayan, dobra dobra konu\u015fan, gazetecilik gelene\u011finin hakk\u0131n\u0131 vermeye \u00e7al\u0131\u015fan biriydi Meng\u00fc. Burada, bu kitapta da asl\u0131nda t\u00fcm bunlar\u0131 beraber yap\u0131yor: S\u00f6z\u00fcn\u00fc sak\u0131nm\u0131yor, kitapta bahsetti\u011fi insanlar\u0131n \u00e7o\u011fuyla ve okuyucusuyla dobra dobra konu\u015fuyor, gazetecilik gelene\u011finin hakk\u0131n\u0131 vermeye \u00e7al\u0131\u015f\u0131yor. 2009 y\u0131l\u0131nda, gen\u00e7 bir muhabir \u0130ran\u2019a giderse neler olur? Dahas\u0131, 2009 y\u0131l\u0131nda gen\u00e7 bir muhabir olan Nev\u015fin Meng\u00fc \u0130ran\u2019a giderse neler olur? Gazetecilik yapar ve bir yandan g\u00f6rd\u00fcklerini, hissettiklerini, ya\u015fad\u0131klar\u0131n\u0131 kaydeder. Ortaya bu \u201canlat\u0131\u201d \u00e7\u0131kar b\u00f6ylelikle. \u0130nsan\u0131n D\u00fc\u015f\u00fcnmekten Can\u0131 Yanar m\u0131? hassas zamanlar\u0131n kitab\u0131. Hassas zamanlar\u0131 adeta s\u0131radanla\u015ft\u0131rm\u0131\u015f bir \u00fclkenin gazetecisinden, kom\u015fu \u00fclkeye bakan bir ilk kitap. \u201c\u0130yiler yine kaybetti sonu\u00e7ta \u0130ran\u2019da. Hep \u00f6yle olmuyor mu son d\u00f6nemlerde buralarda&#8230;\u201d <\/p>\n","protected":false},"excerpt":{"rendered":"<p>Nev\u015fin Meng\u00fc\u2019den z\u00fclfiyare dokunan bir kitap.\u0130lk kitap. Bu kitab\u0131n yazar\u0131n\u0131 televizyon ekran\u0131ndan tan\u0131yoruz daha \u00e7ok. S\u00f6z\u00fcn\u00fc sak\u0131nmayan, dobra dobra konu\u015fan, gazetecilik gelene\u011finin hakk\u0131n\u0131 vermeye \u00e7al\u0131\u015fan biriydi<span class=\"excerpt-hellip\"> [\u2026]<\/span><\/p>\n","protected":false},"featured_media":0,"template":"","meta":{"_monsterinsights_skip_tracking":false,"_monsterinsights_sitenote_active":false,"_monsterinsights_sitenote_note":"","_monsterinsights_sitenote_category":0},"product_brand":[],"product_cat":[13590,12337],"product_tag":[],"class_list":{"0":"post-711192","1":"product","2":"type-product","3":"status-publish","5":"product_cat-arastirma-inceleme-politika-siyaset","6":"product_cat-politika-siyaset","7":"pa_cilt-ciltsiz","8":"pa_tur-kitap","9":"pa_yayinevi-everest-yayinlari","10":"pa_yazar-nevsin-mengu","12":"first","13":"instock","14":"sale","15":"shipping-taxable","16":"purchasable","17":"product-type-simple"},"_links":{"self":[{"href":"https:\/\/roveyayinevi.com.tr\/index.php\/wp-json\/wp\/v2\/product\/711192","targetHints":{"allow":["GET"]}}],"collection":[{"href":"https:\/\/roveyayinevi.com.tr\/index.php\/wp-json\/wp\/v2\/product"}],"about":[{"href":"https:\/\/roveyayinevi.com.tr\/index.php\/wp-json\/wp\/v2\/types\/product"}],"wp:attachment":[{"href":"https:\/\/roveyayinevi.com.tr\/index.php\/wp-json\/wp\/v2\/media?parent=711192"}],"wp:term":[{"taxonomy":"product_brand","embeddable":true,"href":"https:\/\/roveyayinevi.com.tr\/index.php\/wp-json\/wp\/v2\/product_brand?post=711192"},{"taxonomy":"product_cat","embeddable":true,"href":"https:\/\/roveyayinevi.com.tr\/index.php\/wp-json\/wp\/v2\/product_cat?post=711192"},{"taxonomy":"product_tag","embeddable":true,"href":"https:\/\/roveyayinevi.com.tr\/index.php\/wp-json\/wp\/v2\/product_tag?post=711192"}],"curies":[{"name":"wp","href":"https:\/\/api.w.org\/{rel}","templated":true}]}}