{"id":711191,"date":"2025-08-27T16:43:03","date_gmt":"2025-08-27T13:43:03","guid":{"rendered":"https:\/\/roveyayinevi.com.tr\/index.php\/urun\/gokkusagi-tutulmasi-kulkedisi-2\/"},"modified":"2026-04-16T02:19:49","modified_gmt":"2026-04-15T23:19:49","slug":"gokkusagi-tutulmasi-kulkedisi-2","status":"publish","type":"product","link":"https:\/\/roveyayinevi.com.tr\/index.php\/urun\/gokkusagi-tutulmasi-kulkedisi-2\/","title":{"rendered":"G\u00f6kku\u015fa\u011f\u0131 Tutulmas\u0131 K\u00fclkedisi 2"},"content":{"rendered":"<p>MODERN K\u00dcLKED\u0130S\u0130 MASALI DEVAM ED\u0130YOR!   PEL\u0130N RENKL\u0130 D\u00dc\u015eLER\u0130N\u0130 SAHNELED\u0130\u011e\u0130 D\u00dcNYADA BAS\u0130T B\u0130R K\u00dcLKED\u0130S\u0130 OLMADI\u011eINI HERKESE G\u00d6STERM\u0130\u015eT\u0130. SAH\u0130P OLDU\u011eU ARKADA\u015eLARINI GER\u0130DE BIRAKIP Z\u00dcMR\u00dcT EVLER\u0130\u2019NE D\u00d6ND\u00dc\u011e\u00dcNDE, ORANIN BIRAKTI\u011eI G\u0130B\u0130 OLMADI\u011eINI KE\u015eFETM\u0130\u015e, YEN\u0130 DOSTLAR ED\u0130N\u0130P, A\u015eKA YELKEN A\u00c7MI\u015eTI.   Tan\u0131d\u0131\u011f\u0131n\u0131 sand\u0131\u011f\u0131 prensinin s\u0131rlar\u0131 ortaya \u00e7\u0131kt\u0131\u011f\u0131nda ise Pelin&#8217;in etraf\u0131ndaki renkler tek tek solmaya ba\u015flar. Yalan ve ger\u00e7ekler birbirine kar\u0131\u015ft\u0131\u011f\u0131nda, kendini bir anda renkli d\u00fc\u015fler sahnesinden kopar\u0131l\u0131rken bulur.   VE ARTIK G\u00d6KKU\u015eA\u011eI TUTULMASI da BA\u015eLIYORDU! <\/p>\n","protected":false},"excerpt":{"rendered":"<p>MODERN K\u00dcLKED\u0130S\u0130 MASALI DEVAM ED\u0130YOR! PEL\u0130N RENKL\u0130 D\u00dc\u015eLER\u0130N\u0130 SAHNELED\u0130\u011e\u0130 D\u00dcNYADA BAS\u0130T B\u0130R K\u00dcLKED\u0130S\u0130 OLMADI\u011eINI HERKESE G\u00d6STERM\u0130\u015eT\u0130. SAH\u0130P OLDU\u011eU ARKADA\u015eLARINI GER\u0130DE BIRAKIP Z\u00dcMR\u00dcT EVLER\u0130\u2019NE D\u00d6ND\u00dc\u011e\u00dcNDE, ORANIN BIRAKTI\u011eI<span class=\"excerpt-hellip\"> [\u2026]<\/span><\/p>\n","protected":false},"featured_media":0,"template":"","meta":{"_monsterinsights_skip_tracking":false,"_monsterinsights_sitenote_active":false,"_monsterinsights_sitenote_note":"","_monsterinsights_sitenote_category":0},"product_brand":[],"product_cat":[12291,12711],"product_tag":[],"class_list":{"0":"post-711191","1":"product","2":"type-product","3":"status-publish","5":"product_cat-edebiyat","6":"product_cat-roman-oyku","7":"pa_cilt-ciltsiz","8":"pa_tur-kitap","9":"pa_yayinevi-ephesus-yayinlari","10":"pa_yazar-meryem-nart","12":"first","13":"instock","14":"sale","15":"shipping-taxable","16":"purchasable","17":"product-type-simple"},"_links":{"self":[{"href":"https:\/\/roveyayinevi.com.tr\/index.php\/wp-json\/wp\/v2\/product\/711191","targetHints":{"allow":["GET"]}}],"collection":[{"href":"https:\/\/roveyayinevi.com.tr\/index.php\/wp-json\/wp\/v2\/product"}],"about":[{"href":"https:\/\/roveyayinevi.com.tr\/index.php\/wp-json\/wp\/v2\/types\/product"}],"wp:attachment":[{"href":"https:\/\/roveyayinevi.com.tr\/index.php\/wp-json\/wp\/v2\/media?parent=711191"}],"wp:term":[{"taxonomy":"product_brand","embeddable":true,"href":"https:\/\/roveyayinevi.com.tr\/index.php\/wp-json\/wp\/v2\/product_brand?post=711191"},{"taxonomy":"product_cat","embeddable":true,"href":"https:\/\/roveyayinevi.com.tr\/index.php\/wp-json\/wp\/v2\/product_cat?post=711191"},{"taxonomy":"product_tag","embeddable":true,"href":"https:\/\/roveyayinevi.com.tr\/index.php\/wp-json\/wp\/v2\/product_tag?post=711191"}],"curies":[{"name":"wp","href":"https:\/\/api.w.org\/{rel}","templated":true}]}}