{"id":711190,"date":"2025-08-27T16:43:02","date_gmt":"2025-08-27T13:43:02","guid":{"rendered":"https:\/\/roveyayinevi.com.tr\/index.php\/urun\/paylasilamayan-kupa-dunden-bugune-sampiyonlar-ligi-eglenceli-bilgi\/"},"modified":"2026-04-16T02:19:49","modified_gmt":"2026-04-15T23:19:49","slug":"paylasilamayan-kupa-dunden-bugune-sampiyonlar-ligi-eglenceli-bilgi","status":"publish","type":"product","link":"https:\/\/roveyayinevi.com.tr\/index.php\/urun\/paylasilamayan-kupa-dunden-bugune-sampiyonlar-ligi-eglenceli-bilgi\/","title":{"rendered":"Payla\u015f\u0131lamayan Kupa D\u00fcnden Bug\u00fcne \u015eampiyonlar Ligi &#8211; E\u011flenceli Bilgi"},"content":{"rendered":"<p>\u201cSampiyonlar Ligi tarihini eglenerek \u00f6grenmek isteyenlere\u201dSampiyonlar Ligi heyecan\u0131 her sezon yeniden yasan\u0131yor. Acaba bu sene kim sampiyon olacak diye merak ediyor musunuz? Busorunun cevab\u0131 i\u00e7in sezonun bitmesini beklememiz gerekecekama bundan \u00f6nceki sampiyonlar\u0131 ve ma\u00e7larda yasanan ilgin\u00e7 olaylar\u0131 merak ediyorsan\u0131z bu kitab\u0131 okuman\u0131z yeterli.Sampiyonlar Ligi\u2019nin 60 y\u0131l\u0131 asan tarihinde neler oldu neler\u2026Baba-ogul kupay\u0131 kazanan futbolcular ve baskanlar, \u00e7ocukken alay edilen ama sonra d\u00fcnya y\u0131ld\u0131z\u0131 olan oyuncular, yaz\u0131 tura at\u0131s\u0131yla tur ge\u00e7en tak\u0131mlar, kupay\u0131 hi\u00e7 kazanamayan d\u00fcnya y\u0131ld\u0131zlar\u0131 ve savas\u0131rken tankla girdigi sehirde kupa kald\u0131ran bir teknik direkt\u00f6r, finalde 4 penalt\u0131 kurtar\u0131p tak\u0131m\u0131na kupay\u0131 kazand\u0131ran ama sonra elindeki rahats\u0131zl\u0131k nedeniyle futbolu b\u0131rakan kaleci ve bunun gibi hi\u00e7 duymad\u0131g\u0131n\u0131z <\/p>\n","protected":false},"excerpt":{"rendered":"<p>\u201cSampiyonlar Ligi tarihini eglenerek \u00f6grenmek isteyenlere\u201dSampiyonlar Ligi heyecan\u0131 her sezon yeniden yasan\u0131yor. Acaba bu sene kim sampiyon olacak diye merak ediyor musunuz? Busorunun cevab\u0131 i\u00e7in sezonun<span class=\"excerpt-hellip\"> [\u2026]<\/span><\/p>\n","protected":false},"featured_media":0,"template":"","meta":{"_monsterinsights_skip_tracking":false,"_monsterinsights_sitenote_active":false,"_monsterinsights_sitenote_note":"","_monsterinsights_sitenote_category":0},"product_brand":[],"product_cat":[12477,12364],"product_tag":[],"class_list":{"0":"post-711190","1":"product","2":"type-product","3":"status-publish","5":"product_cat-eglence-mizah","6":"product_cat-genel-konular","7":"pa_cilt-ciltsiz","8":"pa_tur-kitap","9":"pa_yayinevi-eglenceli-bilgi-yayinlari","10":"pa_yazar-cagri-cobanoglu","12":"first","13":"instock","14":"sale","15":"shipping-taxable","16":"purchasable","17":"product-type-simple"},"_links":{"self":[{"href":"https:\/\/roveyayinevi.com.tr\/index.php\/wp-json\/wp\/v2\/product\/711190","targetHints":{"allow":["GET"]}}],"collection":[{"href":"https:\/\/roveyayinevi.com.tr\/index.php\/wp-json\/wp\/v2\/product"}],"about":[{"href":"https:\/\/roveyayinevi.com.tr\/index.php\/wp-json\/wp\/v2\/types\/product"}],"wp:attachment":[{"href":"https:\/\/roveyayinevi.com.tr\/index.php\/wp-json\/wp\/v2\/media?parent=711190"}],"wp:term":[{"taxonomy":"product_brand","embeddable":true,"href":"https:\/\/roveyayinevi.com.tr\/index.php\/wp-json\/wp\/v2\/product_brand?post=711190"},{"taxonomy":"product_cat","embeddable":true,"href":"https:\/\/roveyayinevi.com.tr\/index.php\/wp-json\/wp\/v2\/product_cat?post=711190"},{"taxonomy":"product_tag","embeddable":true,"href":"https:\/\/roveyayinevi.com.tr\/index.php\/wp-json\/wp\/v2\/product_tag?post=711190"}],"curies":[{"name":"wp","href":"https:\/\/api.w.org\/{rel}","templated":true}]}}