{"id":711189,"date":"2025-08-27T16:43:02","date_gmt":"2025-08-27T13:43:02","guid":{"rendered":"https:\/\/roveyayinevi.com.tr\/index.php\/urun\/yetis-ya-ali\/"},"modified":"2026-04-16T02:19:49","modified_gmt":"2026-04-15T23:19:49","slug":"yetis-ya-ali","status":"publish","type":"product","link":"https:\/\/roveyayinevi.com.tr\/index.php\/urun\/yetis-ya-ali\/","title":{"rendered":"Yeti\u015f Ya Ali"},"content":{"rendered":"<p>Hz. Ali&#8217;nin \u015fehid edilmesi, M\u00fcsl\u00fcman zihinde ciddi yaralar a\u00e7an ve as\u0131rlar sonras\u0131n\u0131 bile derinden etkileyen bir olayd\u0131r. Siyasi bir olay\u0131n din\u00ee tart\u0131\u015fmalar\u0131 da beraberinde getirmesi bir yana, olay\u0131n arka plan\u0131 dikkate de\u011fer \u00f6zellikler ta\u015f\u0131maktad\u0131r.Bu kitap, kinin, nefretin ve g\u00f6z\u00fc d\u00f6nm\u00fc\u015fl\u00fc\u011f\u00fcn bir \u00fcmmeti nas\u0131l par\u00e7alad\u0131\u011f\u0131n\u0131 g\u00f6stermesi a\u00e7\u0131s\u0131ndan sizi soluk solu\u011fa b\u0131rakacak bir eser. Yazar bu kitab\u0131nda, Hz. Osman d\u00f6neminde ba\u015flayan fitneyi, Hz. Ali&#8217;nin \u00f6ld\u00fcr\u00fclmesinin ayr\u0131nt\u0131lar\u0131n\u0131 tarihi roman ak\u0131c\u0131l\u0131\u011f\u0131nda ele almaktad\u0131r. <\/p>\n","protected":false},"excerpt":{"rendered":"<p>Hz. Ali&#8217;nin \u015fehid edilmesi, M\u00fcsl\u00fcman zihinde ciddi yaralar a\u00e7an ve as\u0131rlar sonras\u0131n\u0131 bile derinden etkileyen bir olayd\u0131r. Siyasi bir olay\u0131n din\u00ee tart\u0131\u015fmalar\u0131 da beraberinde getirmesi bir<span class=\"excerpt-hellip\"> [\u2026]<\/span><\/p>\n","protected":false},"featured_media":0,"template":"","meta":{"_monsterinsights_skip_tracking":false,"_monsterinsights_sitenote_active":false,"_monsterinsights_sitenote_note":"","_monsterinsights_sitenote_category":0},"product_brand":[],"product_cat":[12718,18102,12719],"product_tag":[],"class_list":{"0":"post-711189","1":"product","2":"type-product","3":"status-publish","5":"product_cat-din","6":"product_cat-edebiyat-roman","7":"product_cat-islam","8":"pa_cilt-ciltsiz","9":"pa_tur-kitap","10":"pa_yayinevi-otto-yayinlari","11":"pa_yazar-corci-zeydan","13":"first","14":"instock","15":"sale","16":"shipping-taxable","17":"purchasable","18":"product-type-simple"},"_links":{"self":[{"href":"https:\/\/roveyayinevi.com.tr\/index.php\/wp-json\/wp\/v2\/product\/711189","targetHints":{"allow":["GET"]}}],"collection":[{"href":"https:\/\/roveyayinevi.com.tr\/index.php\/wp-json\/wp\/v2\/product"}],"about":[{"href":"https:\/\/roveyayinevi.com.tr\/index.php\/wp-json\/wp\/v2\/types\/product"}],"wp:attachment":[{"href":"https:\/\/roveyayinevi.com.tr\/index.php\/wp-json\/wp\/v2\/media?parent=711189"}],"wp:term":[{"taxonomy":"product_brand","embeddable":true,"href":"https:\/\/roveyayinevi.com.tr\/index.php\/wp-json\/wp\/v2\/product_brand?post=711189"},{"taxonomy":"product_cat","embeddable":true,"href":"https:\/\/roveyayinevi.com.tr\/index.php\/wp-json\/wp\/v2\/product_cat?post=711189"},{"taxonomy":"product_tag","embeddable":true,"href":"https:\/\/roveyayinevi.com.tr\/index.php\/wp-json\/wp\/v2\/product_tag?post=711189"}],"curies":[{"name":"wp","href":"https:\/\/api.w.org\/{rel}","templated":true}]}}