{"id":711188,"date":"2025-08-27T16:43:01","date_gmt":"2025-08-27T13:43:01","guid":{"rendered":"https:\/\/roveyayinevi.com.tr\/index.php\/urun\/dini-anlama-kilavuzu\/"},"modified":"2026-04-16T02:19:49","modified_gmt":"2026-04-15T23:19:49","slug":"dini-anlama-kilavuzu","status":"publish","type":"product","link":"https:\/\/roveyayinevi.com.tr\/index.php\/urun\/dini-anlama-kilavuzu\/","title":{"rendered":"Dini Anlama K\u0131lavuzu"},"content":{"rendered":"<p>Din, insan\u0131 hayat\u0131n ger\u00e7ekleriyle y\u00fczle\u015ftirir ve bunun gere\u011fi olarak da ona hayat\u0131nda olmamas\u0131 gerekenleri kald\u0131r\u0131p atma cesareti verir. Allah\u2019\u0131n insana verdi\u011fi bu hakk\u0131n kullan\u0131lmas\u0131 onu ger\u00e7ek makam\u0131na, e\u015fref-i mahlukat seviyesine ula\u015ft\u0131r\u0131r. De\u011fi\u015fen d\u00fcnya ve i\u00e7inde bulundu\u011fumuz teknoloji \u00e7a\u011f\u0131 yeni problemleri de beraberinde getirmekte, bu problemler, di\u011fer alanlarda oldu\u011fu gibi din\u00ee alanda da kendini g\u00f6stermektedir. Bu kitap, din ile ilgili kafas\u0131 kar\u0131\u015fan, cevap arayan, sorular soran insanlara ak\u0131lc\u0131 \u00e7\u00f6z\u00fcmler sunmay\u0131 hedeflemektedir. Bu kitap, sorgulayan ve inan\u00e7 i\u00e7in kap\u0131 aralayan bireylerin \u00fczerinde durdu\u011fu konulara dinin do\u011fas\u0131ndan hareketle cevaplar vermektedir. <\/p>\n","protected":false},"excerpt":{"rendered":"<p>Din, insan\u0131 hayat\u0131n ger\u00e7ekleriyle y\u00fczle\u015ftirir ve bunun gere\u011fi olarak da ona hayat\u0131nda olmamas\u0131 gerekenleri kald\u0131r\u0131p atma cesareti verir. Allah\u2019\u0131n insana verdi\u011fi bu hakk\u0131n kullan\u0131lmas\u0131 onu ger\u00e7ek<span class=\"excerpt-hellip\"> [\u2026]<\/span><\/p>\n","protected":false},"featured_media":0,"template":"","meta":{"_monsterinsights_skip_tracking":false,"_monsterinsights_sitenote_active":false,"_monsterinsights_sitenote_note":"","_monsterinsights_sitenote_category":0},"product_brand":[],"product_cat":[12718,12719],"product_tag":[],"class_list":{"0":"post-711188","1":"product","2":"type-product","3":"status-publish","5":"product_cat-din","6":"product_cat-islam","7":"pa_cilt-ciltsiz","8":"pa_tur-kitap","9":"pa_yayinevi-otto-yayinlari","10":"pa_yazar-saban-ali-duzgun","12":"first","13":"instock","14":"sale","15":"shipping-taxable","16":"purchasable","17":"product-type-simple"},"_links":{"self":[{"href":"https:\/\/roveyayinevi.com.tr\/index.php\/wp-json\/wp\/v2\/product\/711188","targetHints":{"allow":["GET"]}}],"collection":[{"href":"https:\/\/roveyayinevi.com.tr\/index.php\/wp-json\/wp\/v2\/product"}],"about":[{"href":"https:\/\/roveyayinevi.com.tr\/index.php\/wp-json\/wp\/v2\/types\/product"}],"wp:attachment":[{"href":"https:\/\/roveyayinevi.com.tr\/index.php\/wp-json\/wp\/v2\/media?parent=711188"}],"wp:term":[{"taxonomy":"product_brand","embeddable":true,"href":"https:\/\/roveyayinevi.com.tr\/index.php\/wp-json\/wp\/v2\/product_brand?post=711188"},{"taxonomy":"product_cat","embeddable":true,"href":"https:\/\/roveyayinevi.com.tr\/index.php\/wp-json\/wp\/v2\/product_cat?post=711188"},{"taxonomy":"product_tag","embeddable":true,"href":"https:\/\/roveyayinevi.com.tr\/index.php\/wp-json\/wp\/v2\/product_tag?post=711188"}],"curies":[{"name":"wp","href":"https:\/\/api.w.org\/{rel}","templated":true}]}}