{"id":711187,"date":"2025-08-27T16:43:01","date_gmt":"2025-08-27T13:43:01","guid":{"rendered":"https:\/\/roveyayinevi.com.tr\/index.php\/urun\/husn-i-hat-ve-hadis\/"},"modified":"2026-04-16T02:19:49","modified_gmt":"2026-04-15T23:19:49","slug":"husn-i-hat-ve-hadis","status":"publish","type":"product","link":"https:\/\/roveyayinevi.com.tr\/index.php\/urun\/husn-i-hat-ve-hadis\/","title":{"rendered":"H\u00fcsn-i Hat ve Hadis"},"content":{"rendered":"<p>Hat sanat\u0131, kalem ve is m\u00fcrekkebinin y\u00fczy\u0131llar s\u00fcren ser\u00fcvenini anlat\u0131r. \u00c7izilen her bir \u00e7izgi, harfleri zarifle\u015ftirirken di\u011fer yandan da g\u00f6n\u00fclde olana i\u015faret eder. H\u00fcsn-i hat, kelimelerdeki zarafet ve inceli\u011fiyle camilerden k\u00fct\u00fcphanelere, mezar ta\u015flar\u0131ndan duvarlar\u0131 s\u00fcsleyen levhalara kadar ya\u015fam\u0131n her alan\u0131n\u0131 g\u00fczelli\u011fiyle bezemi\u015ftir. Bu kitap h\u00fcsn-i hatt\u0131n tarihine, hattatlar\u0131n \u00f6zelliklerine ve hattatlarla ilgili \u015fiirlere yer verilmesi bak\u0131m\u0131ndan m\u00fcstesna bir eserdir. Eserde hat sanat\u0131n\u0131n geli\u015fmesinde motive edici bir etkiye sahip hadis metinlerinin yer almas\u0131, eserin de\u011ferini artt\u0131rmaktad\u0131r. \u201cKur\u2019an Mekke\u2019de indi, Kahire\u2019de okundu, \u0130stanbul\u2019da yaz\u0131ld\u0131.\u201d s\u00f6z\u00fcne binaen hattatlar\u0131n, kelimelerin ruhuna dokundu\u011fu \u00e7al\u0131\u015fmalar\u0131, sergi havas\u0131yla sizlere sunulmaktad\u0131r. <\/p>\n","protected":false},"excerpt":{"rendered":"<p>Hat sanat\u0131, kalem ve is m\u00fcrekkebinin y\u00fczy\u0131llar s\u00fcren ser\u00fcvenini anlat\u0131r. \u00c7izilen her bir \u00e7izgi, harfleri zarifle\u015ftirirken di\u011fer yandan da g\u00f6n\u00fclde olana i\u015faret eder. H\u00fcsn-i hat, kelimelerdeki<span class=\"excerpt-hellip\"> [\u2026]<\/span><\/p>\n","protected":false},"featured_media":0,"template":"","meta":{"_monsterinsights_skip_tracking":false,"_monsterinsights_sitenote_active":false,"_monsterinsights_sitenote_note":"","_monsterinsights_sitenote_category":0},"product_brand":[],"product_cat":[12718,12719],"product_tag":[],"class_list":{"0":"post-711187","1":"product","2":"type-product","3":"status-publish","5":"product_cat-din","6":"product_cat-islam","7":"pa_cilt-ciltli","8":"pa_tur-kitap","9":"pa_yayinevi-otto-yayinlari","10":"pa_yazar-enbiya-yildirim","12":"first","13":"instock","14":"sale","15":"shipping-taxable","16":"purchasable","17":"product-type-simple"},"_links":{"self":[{"href":"https:\/\/roveyayinevi.com.tr\/index.php\/wp-json\/wp\/v2\/product\/711187","targetHints":{"allow":["GET"]}}],"collection":[{"href":"https:\/\/roveyayinevi.com.tr\/index.php\/wp-json\/wp\/v2\/product"}],"about":[{"href":"https:\/\/roveyayinevi.com.tr\/index.php\/wp-json\/wp\/v2\/types\/product"}],"wp:attachment":[{"href":"https:\/\/roveyayinevi.com.tr\/index.php\/wp-json\/wp\/v2\/media?parent=711187"}],"wp:term":[{"taxonomy":"product_brand","embeddable":true,"href":"https:\/\/roveyayinevi.com.tr\/index.php\/wp-json\/wp\/v2\/product_brand?post=711187"},{"taxonomy":"product_cat","embeddable":true,"href":"https:\/\/roveyayinevi.com.tr\/index.php\/wp-json\/wp\/v2\/product_cat?post=711187"},{"taxonomy":"product_tag","embeddable":true,"href":"https:\/\/roveyayinevi.com.tr\/index.php\/wp-json\/wp\/v2\/product_tag?post=711187"}],"curies":[{"name":"wp","href":"https:\/\/api.w.org\/{rel}","templated":true}]}}