{"id":711186,"date":"2025-08-27T16:43:01","date_gmt":"2025-08-27T13:43:01","guid":{"rendered":"https:\/\/roveyayinevi.com.tr\/index.php\/urun\/islam-tarihini-anlama-kilavuzu\/"},"modified":"2026-04-16T02:19:49","modified_gmt":"2026-04-15T23:19:49","slug":"islam-tarihini-anlama-kilavuzu","status":"publish","type":"product","link":"https:\/\/roveyayinevi.com.tr\/index.php\/urun\/islam-tarihini-anlama-kilavuzu\/","title":{"rendered":"\u0130slam Tarihini Anlama K\u0131lavuzu"},"content":{"rendered":"<p>Bu eser, \u0130slam tarihini bir d\u00f6neme hapseden standart bir tarih \u00e7al\u0131\u015fmas\u0131 de\u011fildir. Standart  \u0130slam tarihi kitaplar\u0131 Hz. Muhammed\u2019in (sas.) do\u011fumundan Abbasilerin sonuna kadarki zaman dilimini ele al\u0131r. Bu tarz bir tarih\u00e7ilik, okuyucuda \u0130slam\u2019\u0131n tarihte kald\u0131\u011f\u0131, tarihin konusu olabilece\u011fi, g\u00fcn\u00fcm\u00fcze veya gelece\u011fe dair bir anlam ifade etmedi\u011fi ve etkisinin kalmad\u0131\u011f\u0131 duygu ve d\u00fc\u015f\u00fcncesini olu\u015fturur. H\u00e2lbuki \u0130slam tarihi, d\u00fcnyan\u0131n bilinen ilk tarihinden bu yana devam eden bir tevhid m\u00fccadelesidir. Bu kitapta, Hz. \u00c2dem\u2019den itibaren, son peygamber Hz. Muhammed\u2019in  (sas.) tebli\u011f etmi\u015f oldu\u011fu \u0130slam dinine inanan M\u00fcsl\u00fcmanlar\u0131n g\u00fcn\u00fcm\u00fcze kadarki tarihleri k\u0131sa ve \u00f6z bi\u00e7imde anlat\u0131lmaktad\u0131r. <\/p>\n","protected":false},"excerpt":{"rendered":"<p>Bu eser, \u0130slam tarihini bir d\u00f6neme hapseden standart bir tarih \u00e7al\u0131\u015fmas\u0131 de\u011fildir. Standart \u0130slam tarihi kitaplar\u0131 Hz. Muhammed\u2019in (sas.) do\u011fumundan Abbasilerin sonuna kadarki zaman dilimini ele<span class=\"excerpt-hellip\"> [\u2026]<\/span><\/p>\n","protected":false},"featured_media":0,"template":"","meta":{"_monsterinsights_skip_tracking":false,"_monsterinsights_sitenote_active":false,"_monsterinsights_sitenote_note":"","_monsterinsights_sitenote_category":0},"product_brand":[],"product_cat":[12718,12719],"product_tag":[],"class_list":{"0":"post-711186","1":"product","2":"type-product","3":"status-publish","5":"product_cat-din","6":"product_cat-islam","7":"pa_cilt-ciltli","8":"pa_tur-kitap","9":"pa_yayinevi-otto-yayinlari","10":"pa_yazar-seyfettin-ersahin","12":"first","13":"instock","14":"sale","15":"shipping-taxable","16":"purchasable","17":"product-type-simple"},"_links":{"self":[{"href":"https:\/\/roveyayinevi.com.tr\/index.php\/wp-json\/wp\/v2\/product\/711186","targetHints":{"allow":["GET"]}}],"collection":[{"href":"https:\/\/roveyayinevi.com.tr\/index.php\/wp-json\/wp\/v2\/product"}],"about":[{"href":"https:\/\/roveyayinevi.com.tr\/index.php\/wp-json\/wp\/v2\/types\/product"}],"wp:attachment":[{"href":"https:\/\/roveyayinevi.com.tr\/index.php\/wp-json\/wp\/v2\/media?parent=711186"}],"wp:term":[{"taxonomy":"product_brand","embeddable":true,"href":"https:\/\/roveyayinevi.com.tr\/index.php\/wp-json\/wp\/v2\/product_brand?post=711186"},{"taxonomy":"product_cat","embeddable":true,"href":"https:\/\/roveyayinevi.com.tr\/index.php\/wp-json\/wp\/v2\/product_cat?post=711186"},{"taxonomy":"product_tag","embeddable":true,"href":"https:\/\/roveyayinevi.com.tr\/index.php\/wp-json\/wp\/v2\/product_tag?post=711186"}],"curies":[{"name":"wp","href":"https:\/\/api.w.org\/{rel}","templated":true}]}}