{"id":711185,"date":"2025-08-27T16:43:00","date_gmt":"2025-08-27T13:43:00","guid":{"rendered":"https:\/\/roveyayinevi.com.tr\/index.php\/urun\/mitler-ruyalar-ve-gizemler\/"},"modified":"2026-04-16T02:19:49","modified_gmt":"2026-04-15T23:19:49","slug":"mitler-ruyalar-ve-gizemler","status":"publish","type":"product","link":"https:\/\/roveyayinevi.com.tr\/index.php\/urun\/mitler-ruyalar-ve-gizemler\/","title":{"rendered":"Mitler R\u00fcyalar Ve Gizemler"},"content":{"rendered":"<p>\u0130nsan\u0131n evrendeki benzersiz varolu\u015funun s\u0131rr\u0131n\u0131 a\u00e7\u0131klayabilecek iki farkl\u0131 \u201cger\u00e7eklik\u201d oldu\u011funu s\u00f6yl\u00fcyor bize Eliade: Mitler ve R\u00fcyalar. \u0130ki farkl\u0131 d\u00fcnya bu\u2026 Mitler \u00c2lemi ve R\u00fcyalar \u00c2lemi. Peki, asl\u0131nda ikisi de bir yalana dayanm\u0131yor mu? Yani ger\u00e7ek-olmayana? Ger\u00e7e\u011fin aray\u0131\u015f\u0131nda ger\u00e7ek-olmayandan ne umabiliriz? Mitler, geleneksel, arkaik insan\u0131n, \u201cilkelin\u201d d\u00fcnyas\u0131na a\u00e7\u0131lan bir kap\u0131\u2026 R\u00fcyalarsa \u201cmodern\u201d insan\u0131n bir tak\u0131nt\u0131s\u0131. Meseleyi geleneksel ve modernden a\u00e7\u0131nca, belki de fark etmeksizin son y\u00fczy\u0131l\u0131n \u2013hatt\u00e2 son birka\u00e7 y\u00fczy\u0131l\u0131n\u2013 en \u00f6nemli olaylar\u0131ndan birine temas etmi\u015f oluyoruz: \u0130ki uygarl\u0131\u011f\u0131n \u2013bir tarafta gelene\u011fin temsilcisi Do\u011fu ile di\u011fer tarafta modernli\u011fin temsilcisi Bat\u0131\u2019n\u0131n\u2013 kar\u015f\u0131la\u015fmas\u0131 ve hesapla\u015fmas\u0131. Neyse ki etnoloji, oryantalizm, kar\u015f\u0131la\u015ft\u0131rmal\u0131 dinler tarihi, derinlik psikolojisi ve bilin\u00e7d\u0131\u015f\u0131n\u0131n ke\u015ffi, ger\u00e7ek\u00fcst\u00fcc\u00fcl\u00fck vb. sanattan bilime ve felsefeye kadar pek \u00e7ok alandaki yenilikler, \u201ctuhaf\u201d ve \u201cyabanc\u0131\u201d g\u00f6r\u00fcnen \u015feyi anlamay\u0131 nispeten kolayla\u015ft\u0131r\u0131yor. Asl\u0131nda dert hep ayn\u0131. \u0130nsan\u0131n d\u00fcnyadaki benzersiz varolu\u015funa bir a\u00e7\u0131klama getirmek, onu anlaml\u0131 k\u0131lmak. Mit Evren\u2019in, dolay\u0131s\u0131yla D\u00fcnya\u2019n\u0131n ve Ya\u015fam\u2019\u0131n, yani \u0130nsan\u2019\u0131n nas\u0131l var oldu\u011funu\u2026 yani \u201cger\u00e7ekten\u201d var olmu\u015f bir \u015feyi, meydana gelmi\u015f bir olay\u0131 anlat\u0131r\u2026 Di\u011fer bir deyi\u015fle, d\u00fcnyan\u0131n nas\u0131l meydana geldi\u011finin yorumundan ba\u015fka bir \u015fey de\u011fildir. Eliade bizi gene \u015fa\u015f\u0131rtm\u0131yor. Ba\u015flang\u0131\u00e7 zaman\u0131na, tanr\u0131sal varl\u0131klar\u0131n gizemli d\u00fcnyalar\u0131na her sayfas\u0131nda \u015fa\u015f\u0131rt\u0131c\u0131 d\u00fc\u015fsel bir yolculu\u011fa \u00e7\u0131kart\u0131yor. <\/p>\n","protected":false},"excerpt":{"rendered":"<p>\u0130nsan\u0131n evrendeki benzersiz varolu\u015funun s\u0131rr\u0131n\u0131 a\u00e7\u0131klayabilecek iki farkl\u0131 \u201cger\u00e7eklik\u201d oldu\u011funu s\u00f6yl\u00fcyor bize Eliade: Mitler ve R\u00fcyalar. \u0130ki farkl\u0131 d\u00fcnya bu\u2026 Mitler \u00c2lemi ve R\u00fcyalar \u00c2lemi. Peki,<span class=\"excerpt-hellip\"> [\u2026]<\/span><\/p>\n","protected":false},"featured_media":0,"template":"","meta":{"_monsterinsights_skip_tracking":false,"_monsterinsights_sitenote_active":false,"_monsterinsights_sitenote_note":"","_monsterinsights_sitenote_category":0},"product_brand":[],"product_cat":[12718,12858],"product_tag":[],"class_list":{"0":"post-711185","1":"product","2":"type-product","3":"status-publish","5":"product_cat-din","6":"product_cat-mitolojiler","7":"pa_cilt-ciltsiz","8":"pa_tur-kitap","9":"pa_yayinevi-dogu-bati-yayinlari","10":"pa_yazar-mircea-eliade","12":"first","13":"instock","14":"sale","15":"shipping-taxable","16":"purchasable","17":"product-type-simple"},"_links":{"self":[{"href":"https:\/\/roveyayinevi.com.tr\/index.php\/wp-json\/wp\/v2\/product\/711185","targetHints":{"allow":["GET"]}}],"collection":[{"href":"https:\/\/roveyayinevi.com.tr\/index.php\/wp-json\/wp\/v2\/product"}],"about":[{"href":"https:\/\/roveyayinevi.com.tr\/index.php\/wp-json\/wp\/v2\/types\/product"}],"wp:attachment":[{"href":"https:\/\/roveyayinevi.com.tr\/index.php\/wp-json\/wp\/v2\/media?parent=711185"}],"wp:term":[{"taxonomy":"product_brand","embeddable":true,"href":"https:\/\/roveyayinevi.com.tr\/index.php\/wp-json\/wp\/v2\/product_brand?post=711185"},{"taxonomy":"product_cat","embeddable":true,"href":"https:\/\/roveyayinevi.com.tr\/index.php\/wp-json\/wp\/v2\/product_cat?post=711185"},{"taxonomy":"product_tag","embeddable":true,"href":"https:\/\/roveyayinevi.com.tr\/index.php\/wp-json\/wp\/v2\/product_tag?post=711185"}],"curies":[{"name":"wp","href":"https:\/\/api.w.org\/{rel}","templated":true}]}}