{"id":711182,"date":"2025-08-27T16:42:58","date_gmt":"2025-08-27T13:42:58","guid":{"rendered":"https:\/\/roveyayinevi.com.tr\/index.php\/urun\/taynikma-5-kitap-gizli-arena-ve-6-kitap-klanlarin-savasi-ciltli\/"},"modified":"2026-04-16T02:19:49","modified_gmt":"2026-04-15T23:19:49","slug":"taynikma-5-kitap-gizli-arena-ve-6-kitap-klanlarin-savasi-ciltli","status":"publish","type":"product","link":"https:\/\/roveyayinevi.com.tr\/index.php\/urun\/taynikma-5-kitap-gizli-arena-ve-6-kitap-klanlarin-savasi-ciltli\/","title":{"rendered":"Taynikma &#8211; 5. Kitap Gizli Arena ve 6. Kitap Klanlar\u0131n Sava\u015f\u0131 (Ciltli)"},"content":{"rendered":"<p>Gizli Arena Kalanaka \u015fehrinin alt\u0131nda; \u00e7ok derinlerde y\u00fcz y\u0131l boyunca kimsenin girmeye cesaret edemedi\u011fi gizli bir arena vard\u0131r. Gekko, Koto, Monto ve Artan, tehlikeli bir maceraya at\u0131l\u0131rlar. Ancak m\u00fccadele, planlad\u0131klar\u0131 gibi gitmez. Yasakl\u0131 klanlar\u0131 birle\u015ftirebilmeleri i\u00e7in daha b\u00fcy\u00fck bir g\u00fcce ihtiya\u00e7 duyarlar. Klanlar\u0131n Sava\u015f\u0131 B\u00fcy\u00fck turnuva sonu\u00e7lan\u0131r. Efendi Gekko yeni planlar haz\u0131rlamaktad\u0131r. Deh\u015fet verici bir tehlike kap\u0131ya dayanm\u0131\u015ft\u0131r. Klanlar art\u0131k zafer kazanmak i\u00e7in de\u011fil, canlar\u0131n\u0131 kurtarmak i\u00e7in sava\u015f\u0131rlar. <\/p>\n","protected":false},"excerpt":{"rendered":"<p>Gizli Arena Kalanaka \u015fehrinin alt\u0131nda; \u00e7ok derinlerde y\u00fcz y\u0131l boyunca kimsenin girmeye cesaret edemedi\u011fi gizli bir arena vard\u0131r. Gekko, Koto, Monto ve Artan, tehlikeli bir maceraya<span class=\"excerpt-hellip\"> [\u2026]<\/span><\/p>\n","protected":false},"featured_media":0,"template":"","meta":{"_monsterinsights_skip_tracking":false,"_monsterinsights_sitenote_active":false,"_monsterinsights_sitenote_note":"","_monsterinsights_sitenote_category":0},"product_brand":[],"product_cat":[12275,12274],"product_tag":[],"class_list":{"0":"post-711182","1":"product","2":"type-product","3":"status-publish","5":"product_cat-6-12-yas-kitaplari","6":"product_cat-cocuk-ve-genclik-kitaplari","7":"pa_cilt-ciltsiz","8":"pa_tur-kitap","9":"pa_yayinevi-beyaz-balina-yayinlari","10":"pa_yazar-jan-kjaer-merlin-p-mann","12":"first","13":"instock","14":"sale","15":"shipping-taxable","16":"purchasable","17":"product-type-simple"},"_links":{"self":[{"href":"https:\/\/roveyayinevi.com.tr\/index.php\/wp-json\/wp\/v2\/product\/711182","targetHints":{"allow":["GET"]}}],"collection":[{"href":"https:\/\/roveyayinevi.com.tr\/index.php\/wp-json\/wp\/v2\/product"}],"about":[{"href":"https:\/\/roveyayinevi.com.tr\/index.php\/wp-json\/wp\/v2\/types\/product"}],"wp:attachment":[{"href":"https:\/\/roveyayinevi.com.tr\/index.php\/wp-json\/wp\/v2\/media?parent=711182"}],"wp:term":[{"taxonomy":"product_brand","embeddable":true,"href":"https:\/\/roveyayinevi.com.tr\/index.php\/wp-json\/wp\/v2\/product_brand?post=711182"},{"taxonomy":"product_cat","embeddable":true,"href":"https:\/\/roveyayinevi.com.tr\/index.php\/wp-json\/wp\/v2\/product_cat?post=711182"},{"taxonomy":"product_tag","embeddable":true,"href":"https:\/\/roveyayinevi.com.tr\/index.php\/wp-json\/wp\/v2\/product_tag?post=711182"}],"curies":[{"name":"wp","href":"https:\/\/api.w.org\/{rel}","templated":true}]}}