{"id":711180,"date":"2025-08-27T16:42:57","date_gmt":"2025-08-27T13:42:57","guid":{"rendered":"https:\/\/roveyayinevi.com.tr\/index.php\/urun\/taynikma-9-kitap-isik-kalesi-ve-10-kitap-son-savas-ciltli\/"},"modified":"2026-04-16T02:19:49","modified_gmt":"2026-04-15T23:19:49","slug":"taynikma-9-kitap-isik-kalesi-ve-10-kitap-son-savas-ciltli","status":"publish","type":"product","link":"https:\/\/roveyayinevi.com.tr\/index.php\/urun\/taynikma-9-kitap-isik-kalesi-ve-10-kitap-son-savas-ciltli\/","title":{"rendered":"Taynikma &#8211; 9. Kitap I\u015f\u0131k Kalesi ve 10. Kitap Son Sava\u015f (Ciltli)"},"content":{"rendered":"<p>I\u015f\u0131k Kalesi G\u00f6lgeler Orman\u0131&#8217;ndaki karanl\u0131k g\u00fc\u00e7ler, d\u00f6rt klan sava\u015f\u00e7\u0131s\u0131n\u0131 ayr\u0131 d\u00fc\u015f\u00fcr\u00fcr.Sarina, \u015fimdi kendi yolunu bulmak zorundad\u0131r. Onu, deh\u015fet verici bir kader beklemektedirama karanl\u0131kta de\u011fil ayd\u0131nl\u0131kta\u2026 Son Sava\u015f Koto, Monto, Artan ve Sarina, en sonunda \u0130mparatori\u00e7e&#8217;nin kalesine ula\u015f\u0131rlar.Ancak olaylar, hi\u00e7 de bekledikleri gibi geli\u015fmez. Kimin dost kimin d\u00fc\u015fman oldu\u011funu bilemezler. E\u015fsiz Taytan ger\u00e7ekten var m\u0131d\u0131r? Son m\u00fccadeleyi kim g\u00f6\u011f\u00fcsleyecektir? <\/p>\n","protected":false},"excerpt":{"rendered":"<p>I\u015f\u0131k Kalesi G\u00f6lgeler Orman\u0131&#8217;ndaki karanl\u0131k g\u00fc\u00e7ler, d\u00f6rt klan sava\u015f\u00e7\u0131s\u0131n\u0131 ayr\u0131 d\u00fc\u015f\u00fcr\u00fcr.Sarina, \u015fimdi kendi yolunu bulmak zorundad\u0131r. Onu, deh\u015fet verici bir kader beklemektedirama karanl\u0131kta de\u011fil ayd\u0131nl\u0131kta\u2026 Son<span class=\"excerpt-hellip\"> [\u2026]<\/span><\/p>\n","protected":false},"featured_media":0,"template":"","meta":{"_monsterinsights_skip_tracking":false,"_monsterinsights_sitenote_active":false,"_monsterinsights_sitenote_note":"","_monsterinsights_sitenote_category":0},"product_brand":[],"product_cat":[12275,12274],"product_tag":[],"class_list":{"0":"post-711180","1":"product","2":"type-product","3":"status-publish","5":"product_cat-6-12-yas-kitaplari","6":"product_cat-cocuk-ve-genclik-kitaplari","7":"pa_cilt-ciltsiz","8":"pa_tur-kitap","9":"pa_yayinevi-beyaz-balina-yayinlari","10":"pa_yazar-jan-kjaer-merlin-p-mann","12":"first","13":"instock","14":"sale","15":"shipping-taxable","16":"purchasable","17":"product-type-simple"},"_links":{"self":[{"href":"https:\/\/roveyayinevi.com.tr\/index.php\/wp-json\/wp\/v2\/product\/711180","targetHints":{"allow":["GET"]}}],"collection":[{"href":"https:\/\/roveyayinevi.com.tr\/index.php\/wp-json\/wp\/v2\/product"}],"about":[{"href":"https:\/\/roveyayinevi.com.tr\/index.php\/wp-json\/wp\/v2\/types\/product"}],"wp:attachment":[{"href":"https:\/\/roveyayinevi.com.tr\/index.php\/wp-json\/wp\/v2\/media?parent=711180"}],"wp:term":[{"taxonomy":"product_brand","embeddable":true,"href":"https:\/\/roveyayinevi.com.tr\/index.php\/wp-json\/wp\/v2\/product_brand?post=711180"},{"taxonomy":"product_cat","embeddable":true,"href":"https:\/\/roveyayinevi.com.tr\/index.php\/wp-json\/wp\/v2\/product_cat?post=711180"},{"taxonomy":"product_tag","embeddable":true,"href":"https:\/\/roveyayinevi.com.tr\/index.php\/wp-json\/wp\/v2\/product_tag?post=711180"}],"curies":[{"name":"wp","href":"https:\/\/api.w.org\/{rel}","templated":true}]}}