{"id":711177,"date":"2025-08-27T16:42:56","date_gmt":"2025-08-27T13:42:56","guid":{"rendered":"https:\/\/roveyayinevi.com.tr\/index.php\/urun\/hokkabaz\/"},"modified":"2026-04-16T02:19:49","modified_gmt":"2026-04-15T23:19:49","slug":"hokkabaz","status":"publish","type":"product","link":"https:\/\/roveyayinevi.com.tr\/index.php\/urun\/hokkabaz\/","title":{"rendered":"Hokkabaz"},"content":{"rendered":"<p>\u201cBu tasla\u011f\u0131, filmi hayata ge\u00e7irecek arkada\u015flar\u0131mla bir toplant\u0131da, b\u00f6yle bir olay olmu\u015f\u00e7as\u0131na anlatt\u0131m. Yalan olmas\u0131n, ekipten bir arkada\u015f\u0131m, kimdi unuttum, \u2018Nerde olmu\u015f bu?\u2019 deyince, \u2018Olmam\u0131\u015f, biz yap\u0131caz i\u015fte,\u2019 dedi\u011fimi hat\u0131rl\u0131yorum.\u201d Cem Y\u0131lmaz   HOKKABAZ   Hayalindeki i\u015fi yap\u0131p mutlu olurken ebeveyninin onu yeti\u015ftirirken kurdu\u011fu hayalleri y\u0131kmamak, bir yeti\u015fkin olarak ge\u00e7imini sa\u011flay\u0131p maddi sorumluluklar\u0131n\u0131 yerine getirirken \u00e2\u015f\u0131k olup ayaklar\u0131n\u0131n yerden kesilmesini, \u00e7\u0131lg\u0131nl\u0131k yapmay\u0131 g\u00f6ze almak&#8230; Sahnede biraz ill\u00fczyon biraz el \u00e7abuklu\u011fu marifetiyle sihirbazl\u0131k yapabilirsiniz; ama birey olarak hem kendi ama\u00e7lar\u0131n\u0131za ula\u015f\u0131p hem ba\u015fkalar\u0131n\u0131n beklentilerini kar\u015f\u0131lamak i\u00e7in sihirbazl\u0131ktan \u00f6te bir \u015fey gerekir. Hokkabaz\u2019\u0131n \u00f6z\u00fcnde bireyin bu bitmek bilmez m\u00fccadelesi yatar. \u0130skender\u2019in tutkusu sihirbazl\u0131k oldu\u011fu i\u00e7in s\u00fcprizlere a\u00e7\u0131k bir macera ya\u015far o! Babas\u0131 Sait\u2019in onu a\u015fa\u011f\u0131lamak i\u00e7in tercih etti\u011fi \u201chokkabaz\u201c s\u0131fat\u0131, \u0130skender\u2019i hayat\u0131n\u0131n \u00f6zeti olacak bir yolculu\u011fa s\u00fcr\u00fckler. \u00c7\u0131k\u0131lan fiziksel yolculuktan ziyade bireyin kat etti\u011fi i\u00e7sel mesafeyi simgeleyen yol  filmi format\u0131nda, baba ile o\u011ful, kad\u0131n ile erkek, iki sad\u0131k dost gibi insanl\u0131k tarihinin kutsal ikilikleri sineman\u0131n sihrine kar\u0131\u015f\u0131r. <\/p>\n","protected":false},"excerpt":{"rendered":"<p>\u201cBu tasla\u011f\u0131, filmi hayata ge\u00e7irecek arkada\u015flar\u0131mla bir toplant\u0131da, b\u00f6yle bir olay olmu\u015f\u00e7as\u0131na anlatt\u0131m. Yalan olmas\u0131n, ekipten bir arkada\u015f\u0131m, kimdi unuttum, \u2018Nerde olmu\u015f bu?\u2019 deyince, \u2018Olmam\u0131\u015f, biz<span class=\"excerpt-hellip\"> [\u2026]<\/span><\/p>\n","protected":false},"featured_media":0,"template":"","meta":{"_monsterinsights_skip_tracking":false,"_monsterinsights_sitenote_active":false,"_monsterinsights_sitenote_note":"","_monsterinsights_sitenote_category":0},"product_brand":[],"product_cat":[12409,12408],"product_tag":[],"class_list":{"0":"post-711177","1":"product","2":"type-product","3":"status-publish","5":"product_cat-fotograf-sinema-tiyatro","6":"product_cat-sanat","7":"pa_cilt-ciltsiz","8":"pa_tur-kitap","9":"pa_yayinevi-inkilap-kitabevi","10":"pa_yazar-cem-yilmaz","12":"first","13":"instock","14":"sale","15":"shipping-taxable","16":"purchasable","17":"product-type-simple"},"_links":{"self":[{"href":"https:\/\/roveyayinevi.com.tr\/index.php\/wp-json\/wp\/v2\/product\/711177","targetHints":{"allow":["GET"]}}],"collection":[{"href":"https:\/\/roveyayinevi.com.tr\/index.php\/wp-json\/wp\/v2\/product"}],"about":[{"href":"https:\/\/roveyayinevi.com.tr\/index.php\/wp-json\/wp\/v2\/types\/product"}],"wp:attachment":[{"href":"https:\/\/roveyayinevi.com.tr\/index.php\/wp-json\/wp\/v2\/media?parent=711177"}],"wp:term":[{"taxonomy":"product_brand","embeddable":true,"href":"https:\/\/roveyayinevi.com.tr\/index.php\/wp-json\/wp\/v2\/product_brand?post=711177"},{"taxonomy":"product_cat","embeddable":true,"href":"https:\/\/roveyayinevi.com.tr\/index.php\/wp-json\/wp\/v2\/product_cat?post=711177"},{"taxonomy":"product_tag","embeddable":true,"href":"https:\/\/roveyayinevi.com.tr\/index.php\/wp-json\/wp\/v2\/product_tag?post=711177"}],"curies":[{"name":"wp","href":"https:\/\/api.w.org\/{rel}","templated":true}]}}