{"id":711176,"date":"2025-08-27T16:42:56","date_gmt":"2025-08-27T13:42:56","guid":{"rendered":"https:\/\/roveyayinevi.com.tr\/index.php\/urun\/gora-2\/"},"modified":"2026-04-16T02:19:49","modified_gmt":"2026-04-15T23:19:49","slug":"gora-2","status":"publish","type":"product","link":"https:\/\/roveyayinevi.com.tr\/index.php\/urun\/gora-2\/","title":{"rendered":"Gora"},"content":{"rendered":"<p>\u201cSet yanarken Ozan\u2019\u0131n el kameras\u0131yla yang\u0131na do\u011fru y\u00fcr\u00fcy\u00fcp sanat grubunu kastederek \u2018Vay \u00e7ok g\u00fczel yapm\u0131\u015flar yang\u0131n\u0131,\u2019 dedi\u011fini hat\u0131rl\u0131yorum&#8230; O s\u0131rada set ger\u00e7ekten yan\u0131yordu.\u201d Cem Y\u0131lmaz   G.O.R.A.: Bir Uzay Filmi Eskiler bo\u015funa, \u201cMarifet, iltifata tabidir\u201d dememi\u015f. Uzay dedi\u011fimiz o s\u0131n\u0131rs\u0131z bo\u015flu\u011fu ancak bir T\u00fcrk b\u00f6yle doldurabilir&#8230; T\u00fcrkler beyazperdede daha \u00f6nce de uzaya gidip uzayl\u0131larla ha\u015f\u0131r ne\u015fir olmu\u015ftu ama G.O.R.A\u2019 daki yolculuk ilk kez ger\u00e7ek komedi kal\u0131plar\u0131 i\u00e7inde, d\u00f6rt d\u00f6rtl\u00fck bir anlat\u0131mla ger\u00e7ekle\u015ftiriliyor. Asla tarif gerektirmeyen vatanda\u015f\u0131m\u0131z Arif\u2019le birlikte Komutan Logar\u2019a da can veren Cem Y\u0131lmaz\u2019\u0131n oyunculuk performans\u0131 tek kelimeyle m\u00fckemmel. Her \u015feyin alt\u0131nda yatan senaryo ve diyalog yaz\u0131m\u0131 ise m\u00fckemmelden biraz daha iyi! Parodi sinemas\u0131n\u0131n son 10 y\u0131ldaki en ba\u015far\u0131l\u0131 \u00f6rneklerinden biri niteli\u011findeki G.O.R.A., ilmek ilmek \u00f6r\u00fclm\u00fc\u015f, sarkmayan, s\u00f6nmeyen ve \u015fi\u015fmeyen, dur durak bilmeyen bir senaryoya sahip ki \u201csalt okunur\u201d halinin bile insan\u0131 g\u00fclmekten k\u0131r\u0131p ge\u00e7irece\u011fine eminim. K\u0131ssadan hisse: \u201cAmerikan sinemas\u0131, s\u00f6z\u00fcm sana!\u201d diyen ve \u201csucuk a\u011fac\u0131\u201d kadar verimli, lezzetli, yol g\u00f6sterici bir senaryo var elimizde. \u0130ltifat\u0131n da marifetten kaynakland\u0131\u011f\u0131n\u0131 unutmadan, doya doya okuyun&#8230; Tunca Arslan <\/p>\n","protected":false},"excerpt":{"rendered":"<p>\u201cSet yanarken Ozan\u2019\u0131n el kameras\u0131yla yang\u0131na do\u011fru y\u00fcr\u00fcy\u00fcp sanat grubunu kastederek \u2018Vay \u00e7ok g\u00fczel yapm\u0131\u015flar yang\u0131n\u0131,\u2019 dedi\u011fini hat\u0131rl\u0131yorum&#8230; O s\u0131rada set ger\u00e7ekten yan\u0131yordu.\u201d Cem Y\u0131lmaz G.O.R.A.:<span class=\"excerpt-hellip\"> [\u2026]<\/span><\/p>\n","protected":false},"featured_media":0,"template":"","meta":{"_monsterinsights_skip_tracking":false,"_monsterinsights_sitenote_active":false,"_monsterinsights_sitenote_note":"","_monsterinsights_sitenote_category":0},"product_brand":[],"product_cat":[12408],"product_tag":[],"class_list":{"0":"post-711176","1":"product","2":"type-product","3":"status-publish","5":"product_cat-sanat","6":"pa_cilt-ciltsiz","7":"pa_tur-kitap","8":"pa_yayinevi-inkilap-kitabevi","9":"pa_yazar-cem-yilmaz","11":"first","12":"instock","13":"sale","14":"shipping-taxable","15":"purchasable","16":"product-type-simple"},"_links":{"self":[{"href":"https:\/\/roveyayinevi.com.tr\/index.php\/wp-json\/wp\/v2\/product\/711176","targetHints":{"allow":["GET"]}}],"collection":[{"href":"https:\/\/roveyayinevi.com.tr\/index.php\/wp-json\/wp\/v2\/product"}],"about":[{"href":"https:\/\/roveyayinevi.com.tr\/index.php\/wp-json\/wp\/v2\/types\/product"}],"wp:attachment":[{"href":"https:\/\/roveyayinevi.com.tr\/index.php\/wp-json\/wp\/v2\/media?parent=711176"}],"wp:term":[{"taxonomy":"product_brand","embeddable":true,"href":"https:\/\/roveyayinevi.com.tr\/index.php\/wp-json\/wp\/v2\/product_brand?post=711176"},{"taxonomy":"product_cat","embeddable":true,"href":"https:\/\/roveyayinevi.com.tr\/index.php\/wp-json\/wp\/v2\/product_cat?post=711176"},{"taxonomy":"product_tag","embeddable":true,"href":"https:\/\/roveyayinevi.com.tr\/index.php\/wp-json\/wp\/v2\/product_tag?post=711176"}],"curies":[{"name":"wp","href":"https:\/\/api.w.org\/{rel}","templated":true}]}}