{"id":711175,"date":"2025-08-27T16:42:55","date_gmt":"2025-08-27T13:42:55","guid":{"rendered":"https:\/\/roveyayinevi.com.tr\/index.php\/urun\/arog-2\/"},"modified":"2026-04-16T02:19:49","modified_gmt":"2026-04-15T23:19:49","slug":"arog-2","status":"publish","type":"product","link":"https:\/\/roveyayinevi.com.tr\/index.php\/urun\/arog-2\/","title":{"rendered":"Arog"},"content":{"rendered":"<p>\u201cE\u011flenceli bir an\u0131; Arif b\u00fcy\u00fck bir ar\u0131 taraf\u0131ndan kovaland\u0131\u011f\u0131 sahnede 3 farkl\u0131 \u015fehirde \u00e7ekilmi\u015f planlarla neredeyse 2000 km yapar. Sahne totalde 12 saniyedir ve asl\u0131nda 20 metre bile ko\u015fmam\u0131\u015ft\u0131r. Tuhaf do\u011frusu&#8230; Eh sinema i\u015fte.\u201d Cem Y\u0131lmaz   A.R.O.G: Bir Yontmata\u015f Filmi   G.O.R.A.\u2019da tan\u0131y\u0131p sevdi\u011fimiz \u201ccin fikirli\u201d Arif\u2019in ilkel \u00e7a\u011flara yapt\u0131\u011f\u0131 fantastik yolculuk, Cem Y\u0131lmaz\u2019\u0131n hik\u00e2ye anlat\u0131m\u0131nda kat etti\u011fi yolu g\u00f6stermesi a\u00e7\u0131s\u0131ndan son derece \u00f6nemli, hem sinemac\u0131n\u0131n kariyeri hem de T\u00fcrkiye sinemas\u0131n\u0131n \u201ck\u0131r\u0131lgan\u201d dinamikleri d\u00fc\u015f\u00fcn\u00fcld\u00fc\u011f\u00fcnde. Senaryonun ayr\u0131nt\u0131lar\u0131 \u00f6ne \u00e7\u0131karan yap\u0131s\u0131, karakter zenginli\u011fini y\u0131pratmayan g\u00f6r\u00fcnt\u00fcs\u00fc, pop\u00fcler k\u00fclt\u00fcr tarihimizin bir\u00e7ok unsurunu yamac\u0131m\u0131za getiren \u201cdurumlar\u201da a\u00e7t\u0131\u011f\u0131 kap\u0131 ve belki de en \u00f6nemlisi \u201cucuzluk\u201da prim vermeyen tavr\u0131, A.R.O.G\u2019umetinsel a\u00e7\u0131dan ayr\u0131 bir yere koymam\u0131z\u0131 sa\u011fl\u0131yor. Cem Y\u0131lmaz, bir\u00e7ok ku\u015fa\u011f\u0131 bulu\u015fturan \u201c\u015faka\u201d anlay\u0131\u015f\u0131n\u0131n en zengin uzant\u0131s\u0131n\u0131 bu filmle d\u0131\u015favuruyor diyebiliriz rahatl\u0131kla. Fantastik komedi yapman\u0131n, hem de bunu sineman\u0131n pek de denemek istemedi\u011fi ilkel \u00e7a\u011f atmosferi i\u00e7inde ger\u00e7ekle\u015ftirmeye \u00e7al\u0131\u015fman\u0131n zorluklar\u0131 alt\u0131nda ezilmiyor A.R.O.G\u2019un yarat\u0131c\u0131lar\u0131. <\/p>\n","protected":false},"excerpt":{"rendered":"<p>\u201cE\u011flenceli bir an\u0131; Arif b\u00fcy\u00fck bir ar\u0131 taraf\u0131ndan kovaland\u0131\u011f\u0131 sahnede 3 farkl\u0131 \u015fehirde \u00e7ekilmi\u015f planlarla neredeyse 2000 km yapar. Sahne totalde 12 saniyedir ve asl\u0131nda 20<span class=\"excerpt-hellip\"> [\u2026]<\/span><\/p>\n","protected":false},"featured_media":0,"template":"","meta":{"_monsterinsights_skip_tracking":false,"_monsterinsights_sitenote_active":false,"_monsterinsights_sitenote_note":"","_monsterinsights_sitenote_category":0},"product_brand":[],"product_cat":[12409,12408],"product_tag":[],"class_list":{"0":"post-711175","1":"product","2":"type-product","3":"status-publish","5":"product_cat-fotograf-sinema-tiyatro","6":"product_cat-sanat","7":"pa_cilt-ciltsiz","8":"pa_tur-kitap","9":"pa_yayinevi-inkilap-kitabevi","10":"pa_yazar-cem-yilmaz","12":"first","13":"instock","14":"sale","15":"shipping-taxable","16":"purchasable","17":"product-type-simple"},"_links":{"self":[{"href":"https:\/\/roveyayinevi.com.tr\/index.php\/wp-json\/wp\/v2\/product\/711175","targetHints":{"allow":["GET"]}}],"collection":[{"href":"https:\/\/roveyayinevi.com.tr\/index.php\/wp-json\/wp\/v2\/product"}],"about":[{"href":"https:\/\/roveyayinevi.com.tr\/index.php\/wp-json\/wp\/v2\/types\/product"}],"wp:attachment":[{"href":"https:\/\/roveyayinevi.com.tr\/index.php\/wp-json\/wp\/v2\/media?parent=711175"}],"wp:term":[{"taxonomy":"product_brand","embeddable":true,"href":"https:\/\/roveyayinevi.com.tr\/index.php\/wp-json\/wp\/v2\/product_brand?post=711175"},{"taxonomy":"product_cat","embeddable":true,"href":"https:\/\/roveyayinevi.com.tr\/index.php\/wp-json\/wp\/v2\/product_cat?post=711175"},{"taxonomy":"product_tag","embeddable":true,"href":"https:\/\/roveyayinevi.com.tr\/index.php\/wp-json\/wp\/v2\/product_tag?post=711175"}],"curies":[{"name":"wp","href":"https:\/\/api.w.org\/{rel}","templated":true}]}}