{"id":711174,"date":"2025-08-27T16:42:55","date_gmt":"2025-08-27T13:42:55","guid":{"rendered":"https:\/\/roveyayinevi.com.tr\/index.php\/urun\/ali-baba-ve-7-cuceler\/"},"modified":"2026-04-16T02:19:49","modified_gmt":"2026-04-15T23:19:49","slug":"ali-baba-ve-7-cuceler","status":"publish","type":"product","link":"https:\/\/roveyayinevi.com.tr\/index.php\/urun\/ali-baba-ve-7-cuceler\/","title":{"rendered":"Ali Baba Ve 7 C\u00fcceler"},"content":{"rendered":"<p>Ali Baba\u2019n\u0131n ben \u201cPek anlamad\u0131m abi\u201d tarz\u0131 ele\u015ftiriler ald\u0131\u011f\u0131n\u0131, \u201cHi\u00e7 sevmedim\u201d curcunas\u0131n\u0131 ya\u015fad\u0131\u011f\u0131n\u0131 hat\u0131rlamakla beraber, benim \u015fahsi kanaatim \u00e7ok e\u011flenceli ve sert g\u00f6r\u00fcn\u00fcm\u00fcn\u00fcn alt\u0131nda pamuk kalpli bir komedi oldu\u011fudur. Ne zaman a\u00e7\u0131p bir sahnesine baksam ak\u0131p gitmi\u015f, \u015fu da vard\u0131, dur onu da  izleyelim dedirtmi\u015ftir. Hafif, e\u011flenceli komedilerde biraz da aksiyon, biraz da resim olsun diye zorlamaya devam edece\u011fim. Bence \u00f6yle daha g\u00fczel her \u015fey. \u0130yi okumalar. Cem Y\u0131lmaz <\/p>\n","protected":false},"excerpt":{"rendered":"<p>Ali Baba\u2019n\u0131n ben \u201cPek anlamad\u0131m abi\u201d tarz\u0131 ele\u015ftiriler ald\u0131\u011f\u0131n\u0131, \u201cHi\u00e7 sevmedim\u201d curcunas\u0131n\u0131 ya\u015fad\u0131\u011f\u0131n\u0131 hat\u0131rlamakla beraber, benim \u015fahsi kanaatim \u00e7ok e\u011flenceli ve sert g\u00f6r\u00fcn\u00fcm\u00fcn\u00fcn alt\u0131nda pamuk kalpli<span class=\"excerpt-hellip\"> [\u2026]<\/span><\/p>\n","protected":false},"featured_media":0,"template":"","meta":{"_monsterinsights_skip_tracking":false,"_monsterinsights_sitenote_active":false,"_monsterinsights_sitenote_note":"","_monsterinsights_sitenote_category":0},"product_brand":[],"product_cat":[12409,12408],"product_tag":[],"class_list":{"0":"post-711174","1":"product","2":"type-product","3":"status-publish","5":"product_cat-fotograf-sinema-tiyatro","6":"product_cat-sanat","7":"pa_cilt-ciltsiz","8":"pa_tur-kitap","9":"pa_yayinevi-inkilap-kitabevi","10":"pa_yazar-cem-yilmaz","12":"first","13":"instock","14":"sale","15":"shipping-taxable","16":"purchasable","17":"product-type-simple"},"_links":{"self":[{"href":"https:\/\/roveyayinevi.com.tr\/index.php\/wp-json\/wp\/v2\/product\/711174","targetHints":{"allow":["GET"]}}],"collection":[{"href":"https:\/\/roveyayinevi.com.tr\/index.php\/wp-json\/wp\/v2\/product"}],"about":[{"href":"https:\/\/roveyayinevi.com.tr\/index.php\/wp-json\/wp\/v2\/types\/product"}],"wp:attachment":[{"href":"https:\/\/roveyayinevi.com.tr\/index.php\/wp-json\/wp\/v2\/media?parent=711174"}],"wp:term":[{"taxonomy":"product_brand","embeddable":true,"href":"https:\/\/roveyayinevi.com.tr\/index.php\/wp-json\/wp\/v2\/product_brand?post=711174"},{"taxonomy":"product_cat","embeddable":true,"href":"https:\/\/roveyayinevi.com.tr\/index.php\/wp-json\/wp\/v2\/product_cat?post=711174"},{"taxonomy":"product_tag","embeddable":true,"href":"https:\/\/roveyayinevi.com.tr\/index.php\/wp-json\/wp\/v2\/product_tag?post=711174"}],"curies":[{"name":"wp","href":"https:\/\/api.w.org\/{rel}","templated":true}]}}