{"id":711173,"date":"2025-08-27T16:42:54","date_gmt":"2025-08-27T13:42:54","guid":{"rendered":"https:\/\/roveyayinevi.com.tr\/index.php\/urun\/gerceklerin-pesinde-1-buyuk-yaris\/"},"modified":"2026-04-16T02:19:49","modified_gmt":"2026-04-15T23:19:49","slug":"gerceklerin-pesinde-1-buyuk-yaris","status":"publish","type":"product","link":"https:\/\/roveyayinevi.com.tr\/index.php\/urun\/gerceklerin-pesinde-1-buyuk-yaris\/","title":{"rendered":"Ger\u00e7eklerin Pe\u015finde &#8211; 1 B\u00fcy\u00fck Yar\u0131\u015f"},"content":{"rendered":"<p>Sanmam, kanmam, inanmam demeyin! B\u00fcsb\u00fcy\u00fck Haberler yaz\u0131yor! Sonton \u015fehrinin nefesini tutup bekledi\u011fi G\u00fc\u00e7l\u00fc Kula\u00e7 Yar\u0131\u015f\u0131\u2019n\u0131n galibi kim olacak? Birincili\u011fe kula\u00e7 atacak y\u00fcz\u00fcc\u00fc nas\u0131l bir te\u015fekk\u00fcr konu\u015fmas\u0131 yapacak? Trib\u00fcnleri dolduracak y\u00fczlerce sporsever, yar\u0131\u015fmac\u0131lar\u0131 nas\u0131l bir tezah\u00fcratla kar\u015f\u0131layacak? B\u00fcy\u00fck Yar\u0131\u015f kap\u0131da, heyecan dorukta. Peki ya \u015fehrin en \u00f6nemli gazetelerinden B\u00fcsb\u00fcy\u00fck Haberler&#8217;de durum ne? Gazetenin sahibi Kun\u2019un en b\u00fcy\u00fck hayali, B\u00fcsb\u00fcy\u00fck Haberler&#8217;i kentin en \u00e7ok satan gazetesi yapmak. Bu y\u0131l onuncu kez d\u00fczenlenecek olan B\u00fcy\u00fck Yar\u0131\u015f ise bu hedefine ula\u015fabilmesi i\u00e7in ka\u00e7\u0131r\u0131lmayacak bir f\u0131rsat. Yar\u0131\u015fma sonras\u0131 bas\u0131lacak ilk say\u0131da kazananlar\u0131 yazmal\u0131, habere biraz e\u011flence katmal\u0131, esprilerle s\u00fcslemeli. \u00dcstelik insanlar gazete okurken e\u011flenirse o gazete daha \u00e7ok satar!? Kun kararl\u0131, ama \u00f6nce k\u00fc\u00e7\u00fck bir sorunu halletmesi gerekiyor. Daima ger\u00e7eklerin pe\u015finde ko\u015fan, ciddi haberlere imza atan k\u0131demli muhabiri P\u0131r\u0131l\u2019\u0131 bu ne\u015feli (!) haberi yapmaya ikna etmeli\u2026 \u00c7i\u00e7e\u011fi burnunda yazar Dilek Sever, gen\u00e7 okurlar\u0131, skandallarla dolu bir \u015fehirde, h\u0131rsl\u0131 bir medya patronu ve ger\u00e7e\u011fin pe\u015finde ko\u015fturan g\u00f6z\u00fc pek muhabirler e\u015fli\u011finde, kula\u00e7larla, \u00e7atlaklarla, skandallarla ve s\u00fcrpriz partilerle ak\u0131p giden hareketli bir haber maratonuna \u00e7a\u011f\u0131r\u0131yor. Bas\u0131nda okuduklar\u0131m\u0131z\u0131n do\u011frulu\u011funu sorgulayan, bireysel h\u0131rslar\u0131n toplumsal de\u011ferlerin \u00f6n\u00fcne ge\u00e7i\u015fini ele\u015ftiren ve d\u00fcr\u00fcstl\u00fck kavram\u0131 \u00fczerine d\u00fc\u015f\u00fcnd\u00fcren B\u00fcy\u00fck Yar\u0131\u015f, yazar\u0131n kaleme almaya devam etti\u011fi heyecan dolu &#8220;Ger\u00e7eklerin Pe\u015finde&#8221; serisinin ilk kitab\u0131. Baz\u0131 yar\u0131\u015flar\u0131n sonucu ba\u015f\u0131ndan bellidir. Peki s\u00f6z konusu haberler oldu\u011funda hayaller mi \u00f6nemlidir, yoksa ger\u00e7ekler mi? <\/p>\n","protected":false},"excerpt":{"rendered":"<p>Sanmam, kanmam, inanmam demeyin! B\u00fcsb\u00fcy\u00fck Haberler yaz\u0131yor! Sonton \u015fehrinin nefesini tutup bekledi\u011fi G\u00fc\u00e7l\u00fc Kula\u00e7 Yar\u0131\u015f\u0131\u2019n\u0131n galibi kim olacak? Birincili\u011fe kula\u00e7 atacak y\u00fcz\u00fcc\u00fc nas\u0131l bir te\u015fekk\u00fcr konu\u015fmas\u0131<span class=\"excerpt-hellip\"> [\u2026]<\/span><\/p>\n","protected":false},"featured_media":0,"template":"","meta":{"_monsterinsights_skip_tracking":false,"_monsterinsights_sitenote_active":false,"_monsterinsights_sitenote_note":"","_monsterinsights_sitenote_category":0},"product_brand":[],"product_cat":[12275,12274],"product_tag":[],"class_list":{"0":"post-711173","1":"product","2":"type-product","3":"status-publish","5":"product_cat-6-12-yas-kitaplari","6":"product_cat-cocuk-ve-genclik-kitaplari","7":"pa_cilt-ciltsiz","8":"pa_tur-kitap","9":"pa_yayinevi-tudem-yayinlari","10":"pa_yazar-dilek-sever","12":"first","13":"instock","14":"sale","15":"shipping-taxable","16":"purchasable","17":"product-type-simple"},"_links":{"self":[{"href":"https:\/\/roveyayinevi.com.tr\/index.php\/wp-json\/wp\/v2\/product\/711173","targetHints":{"allow":["GET"]}}],"collection":[{"href":"https:\/\/roveyayinevi.com.tr\/index.php\/wp-json\/wp\/v2\/product"}],"about":[{"href":"https:\/\/roveyayinevi.com.tr\/index.php\/wp-json\/wp\/v2\/types\/product"}],"wp:attachment":[{"href":"https:\/\/roveyayinevi.com.tr\/index.php\/wp-json\/wp\/v2\/media?parent=711173"}],"wp:term":[{"taxonomy":"product_brand","embeddable":true,"href":"https:\/\/roveyayinevi.com.tr\/index.php\/wp-json\/wp\/v2\/product_brand?post=711173"},{"taxonomy":"product_cat","embeddable":true,"href":"https:\/\/roveyayinevi.com.tr\/index.php\/wp-json\/wp\/v2\/product_cat?post=711173"},{"taxonomy":"product_tag","embeddable":true,"href":"https:\/\/roveyayinevi.com.tr\/index.php\/wp-json\/wp\/v2\/product_tag?post=711173"}],"curies":[{"name":"wp","href":"https:\/\/api.w.org\/{rel}","templated":true}]}}