{"id":711172,"date":"2025-08-27T16:42:54","date_gmt":"2025-08-27T13:42:54","guid":{"rendered":"https:\/\/roveyayinevi.com.tr\/index.php\/urun\/baska-seylerin-siirleri\/"},"modified":"2026-04-08T02:26:02","modified_gmt":"2026-04-07T23:26:02","slug":"baska-seylerin-siirleri","status":"publish","type":"product","link":"https:\/\/roveyayinevi.com.tr\/index.php\/urun\/baska-seylerin-siirleri\/","title":{"rendered":"Ba\u015fka \u015eeylerin \u015eiirleri"},"content":{"rendered":"<p>Bu \u015fiirin \u015fairi a\u015fkt\u0131r Kalemi k\u00f6r\u00fcn sopas\u0131 Sesi Caminin hoparl\u00f6r\u00fcn\u00fc ele ge\u00e7irmi\u015f bir anar\u015fist Dilini e\u015fekar\u0131s\u0131 sokmu\u015ftur   A\u015fk, \u015fiirin \u015fairidir Eyleminiz illegaldir diye ba\u011f\u0131ran megafona Bang\u0131r bang\u0131r cevap verir A\u015fk konu\u015fuyor H\u00fck\u00fcmet sen aradan \u00e7\u0131k <\/p>\n","protected":false},"excerpt":{"rendered":"<p>Bu \u015fiirin \u015fairi a\u015fkt\u0131r Kalemi k\u00f6r\u00fcn sopas\u0131 Sesi Caminin hoparl\u00f6r\u00fcn\u00fc ele ge\u00e7irmi\u015f bir anar\u015fist Dilini e\u015fekar\u0131s\u0131 sokmu\u015ftur A\u015fk, \u015fiirin \u015fairidir Eyleminiz illegaldir diye ba\u011f\u0131ran megafona Bang\u0131r<span class=\"excerpt-hellip\"> [\u2026]<\/span><\/p>\n","protected":false},"featured_media":0,"template":"","meta":{"_monsterinsights_skip_tracking":false,"_monsterinsights_sitenote_active":false,"_monsterinsights_sitenote_note":"","_monsterinsights_sitenote_category":0},"product_brand":[],"product_cat":[12291,12509],"product_tag":[],"class_list":{"0":"post-711172","1":"product","2":"type-product","3":"status-publish","5":"product_cat-edebiyat","6":"product_cat-siir","7":"pa_cilt-ciltsiz","8":"pa_tur-kitap","9":"pa_yayinevi-bilgi-yayinevi","10":"pa_yazar-isa-kucuk","12":"first","13":"instock","14":"sale","15":"shipping-taxable","16":"purchasable","17":"product-type-simple"},"_links":{"self":[{"href":"https:\/\/roveyayinevi.com.tr\/index.php\/wp-json\/wp\/v2\/product\/711172","targetHints":{"allow":["GET"]}}],"collection":[{"href":"https:\/\/roveyayinevi.com.tr\/index.php\/wp-json\/wp\/v2\/product"}],"about":[{"href":"https:\/\/roveyayinevi.com.tr\/index.php\/wp-json\/wp\/v2\/types\/product"}],"wp:attachment":[{"href":"https:\/\/roveyayinevi.com.tr\/index.php\/wp-json\/wp\/v2\/media?parent=711172"}],"wp:term":[{"taxonomy":"product_brand","embeddable":true,"href":"https:\/\/roveyayinevi.com.tr\/index.php\/wp-json\/wp\/v2\/product_brand?post=711172"},{"taxonomy":"product_cat","embeddable":true,"href":"https:\/\/roveyayinevi.com.tr\/index.php\/wp-json\/wp\/v2\/product_cat?post=711172"},{"taxonomy":"product_tag","embeddable":true,"href":"https:\/\/roveyayinevi.com.tr\/index.php\/wp-json\/wp\/v2\/product_tag?post=711172"}],"curies":[{"name":"wp","href":"https:\/\/api.w.org\/{rel}","templated":true}]}}