{"id":711171,"date":"2025-08-27T16:42:53","date_gmt":"2025-08-27T13:42:53","guid":{"rendered":"https:\/\/roveyayinevi.com.tr\/index.php\/urun\/sokak-kapisi\/"},"modified":"2026-04-16T02:19:49","modified_gmt":"2026-04-15T23:19:49","slug":"sokak-kapisi","status":"publish","type":"product","link":"https:\/\/roveyayinevi.com.tr\/index.php\/urun\/sokak-kapisi\/","title":{"rendered":"Sokak Kap\u0131s\u0131"},"content":{"rendered":"<p>Eskiden nehirlere kurulurmu\u015f \u015fehirler bu y\u00fczden eski \u015fehirler nehirleri sever ve en g\u00fczel nehirler \u015fehirlerden ge\u00e7er *** Sevdi\u011fimiz topraklar memleket ba\u011f\u0131ms\u0131zl\u0131k bizim esenli\u011fimizdi \u015fu d\u00fcnya nas\u0131lm\u0131\u015f herkesler g\u00f6rd\u00fc \u00e7ocuk bah\u00e7elerimizdi yar\u0131nki aynam\u0131z benim a\u015fk\u0131 ve havas\u0131 g\u00fczel \u015fehrim arkada\u015flar\u0131md\u0131 yaz ya\u011fmuru, inceden susmaksa dilin krall\u0131\u011f\u0131, her s\u00f6zde <\/p>\n","protected":false},"excerpt":{"rendered":"<p>Eskiden nehirlere kurulurmu\u015f \u015fehirler bu y\u00fczden eski \u015fehirler nehirleri sever ve en g\u00fczel nehirler \u015fehirlerden ge\u00e7er *** Sevdi\u011fimiz topraklar memleket ba\u011f\u0131ms\u0131zl\u0131k bizim esenli\u011fimizdi \u015fu d\u00fcnya nas\u0131lm\u0131\u015f<span class=\"excerpt-hellip\"> [\u2026]<\/span><\/p>\n","protected":false},"featured_media":0,"template":"","meta":{"_monsterinsights_skip_tracking":false,"_monsterinsights_sitenote_active":false,"_monsterinsights_sitenote_note":"","_monsterinsights_sitenote_category":0},"product_brand":[],"product_cat":[12291,12509],"product_tag":[],"class_list":{"0":"post-711171","1":"product","2":"type-product","3":"status-publish","5":"product_cat-edebiyat","6":"product_cat-siir","7":"pa_cilt-ciltsiz","8":"pa_tur-kitap","9":"pa_yayinevi-bilgi-yayinevi","10":"pa_yazar-ertugrul-ozuaydin","12":"first","13":"instock","14":"sale","15":"shipping-taxable","16":"purchasable","17":"product-type-simple"},"_links":{"self":[{"href":"https:\/\/roveyayinevi.com.tr\/index.php\/wp-json\/wp\/v2\/product\/711171","targetHints":{"allow":["GET"]}}],"collection":[{"href":"https:\/\/roveyayinevi.com.tr\/index.php\/wp-json\/wp\/v2\/product"}],"about":[{"href":"https:\/\/roveyayinevi.com.tr\/index.php\/wp-json\/wp\/v2\/types\/product"}],"wp:attachment":[{"href":"https:\/\/roveyayinevi.com.tr\/index.php\/wp-json\/wp\/v2\/media?parent=711171"}],"wp:term":[{"taxonomy":"product_brand","embeddable":true,"href":"https:\/\/roveyayinevi.com.tr\/index.php\/wp-json\/wp\/v2\/product_brand?post=711171"},{"taxonomy":"product_cat","embeddable":true,"href":"https:\/\/roveyayinevi.com.tr\/index.php\/wp-json\/wp\/v2\/product_cat?post=711171"},{"taxonomy":"product_tag","embeddable":true,"href":"https:\/\/roveyayinevi.com.tr\/index.php\/wp-json\/wp\/v2\/product_tag?post=711171"}],"curies":[{"name":"wp","href":"https:\/\/api.w.org\/{rel}","templated":true}]}}