{"id":711170,"date":"2025-08-27T16:42:52","date_gmt":"2025-08-27T13:42:52","guid":{"rendered":"https:\/\/roveyayinevi.com.tr\/index.php\/urun\/gizli-ask-bir-iktisat-kulturu-ve-ask-romani\/"},"modified":"2026-04-16T02:19:49","modified_gmt":"2026-04-15T23:19:49","slug":"gizli-ask-bir-iktisat-kulturu-ve-ask-romani","status":"publish","type":"product","link":"https:\/\/roveyayinevi.com.tr\/index.php\/urun\/gizli-ask-bir-iktisat-kulturu-ve-ask-romani\/","title":{"rendered":"Gizli A\u015fk Bir \u0130ktisat K\u00fclt\u00fcr\u00fc ve A\u015fk Roman\u0131"},"content":{"rendered":"<p>Gizli A\u015fk, serbest piyasa iktisad\u0131n\u0131 a\u015fk hikayesi ile birlikte anlatan bir romand\u0131r.Fakirlik konusu Devrim\u2019in \u00e7ok ilgisini \u00e7ekmi\u015fti. Ahmet\u2019in nisp\u00ee fakirli\u011fin asla ortadan kalkmayaca\u011f\u0131 yolundaki s\u00f6zleri ho\u015funa gitmedi. \u0130tiraz etmeyi arzuluyordu ama \u00f6nce konunun tamamlanmas\u0131 gerekti\u011fini biliyor, hissediyordu. Bu y\u00fczden kestirmeden sordu:\u201cMutlak fakirlik nedir hocam?\u201d \u201cMutlak fakirlik bir kimsenin bekas\u0131, varl\u0131\u011f\u0131n\u0131 s\u00fcrd\u00fcrmesi i\u00e7in kar\u015f\u0131lanmas\u0131 gereken temel ihtiya\u00e7lar\u0131n\u0131 istikrarl\u0131 ve s\u00fcrekli bi\u00e7imde kar\u015f\u0131layamamas\u0131 durumudur.\u201d\u201c\u015eimdi size bir soru soray\u0131m: Fakir olmay\u0131, fakirlik i\u00e7inde ya\u015famay\u0131 ve fakir olarak \u00f6lmeyi mi, yoksa varl\u0131kl\u0131 olmay\u0131, refah i\u00e7inde ya\u015famay\u0131 ve yak\u0131nlar\u0131n\u0131za y\u00fckl\u00fc bir miras b\u0131rakarak hayat\u0131n\u0131z\u0131 tamamlamay\u0131 m\u0131 tercih edersiniz? \u00d6nce ilkini tercih edenler el kald\u0131rs\u0131n.\u201d <\/p>\n","protected":false},"excerpt":{"rendered":"<p>Gizli A\u015fk, serbest piyasa iktisad\u0131n\u0131 a\u015fk hikayesi ile birlikte anlatan bir romand\u0131r.Fakirlik konusu Devrim\u2019in \u00e7ok ilgisini \u00e7ekmi\u015fti. Ahmet\u2019in nisp\u00ee fakirli\u011fin asla ortadan kalkmayaca\u011f\u0131 yolundaki s\u00f6zleri ho\u015funa<span class=\"excerpt-hellip\"> [\u2026]<\/span><\/p>\n","protected":false},"featured_media":0,"template":"","meta":{"_monsterinsights_skip_tracking":false,"_monsterinsights_sitenote_active":false,"_monsterinsights_sitenote_note":"","_monsterinsights_sitenote_category":0},"product_brand":[],"product_cat":[12291,12711],"product_tag":[],"class_list":{"0":"post-711170","1":"product","2":"type-product","3":"status-publish","5":"product_cat-edebiyat","6":"product_cat-roman-oyku","7":"pa_cilt-ciltsiz","8":"pa_tur-kitap","9":"pa_yayinevi-liman-kitaplar","10":"pa_yazar-atilla-yayla","12":"first","13":"instock","14":"sale","15":"shipping-taxable","16":"purchasable","17":"product-type-simple"},"_links":{"self":[{"href":"https:\/\/roveyayinevi.com.tr\/index.php\/wp-json\/wp\/v2\/product\/711170","targetHints":{"allow":["GET"]}}],"collection":[{"href":"https:\/\/roveyayinevi.com.tr\/index.php\/wp-json\/wp\/v2\/product"}],"about":[{"href":"https:\/\/roveyayinevi.com.tr\/index.php\/wp-json\/wp\/v2\/types\/product"}],"wp:attachment":[{"href":"https:\/\/roveyayinevi.com.tr\/index.php\/wp-json\/wp\/v2\/media?parent=711170"}],"wp:term":[{"taxonomy":"product_brand","embeddable":true,"href":"https:\/\/roveyayinevi.com.tr\/index.php\/wp-json\/wp\/v2\/product_brand?post=711170"},{"taxonomy":"product_cat","embeddable":true,"href":"https:\/\/roveyayinevi.com.tr\/index.php\/wp-json\/wp\/v2\/product_cat?post=711170"},{"taxonomy":"product_tag","embeddable":true,"href":"https:\/\/roveyayinevi.com.tr\/index.php\/wp-json\/wp\/v2\/product_tag?post=711170"}],"curies":[{"name":"wp","href":"https:\/\/api.w.org\/{rel}","templated":true}]}}