{"id":711167,"date":"2025-08-27T16:42:51","date_gmt":"2025-08-27T13:42:51","guid":{"rendered":"https:\/\/roveyayinevi.com.tr\/index.php\/urun\/issiz-tepe-iblis-yolu-ikinci-kitap\/"},"modified":"2026-04-16T02:19:49","modified_gmt":"2026-04-15T23:19:49","slug":"issiz-tepe-iblis-yolu-ikinci-kitap","status":"publish","type":"product","link":"https:\/\/roveyayinevi.com.tr\/index.php\/urun\/issiz-tepe-iblis-yolu-ikinci-kitap\/","title":{"rendered":"Iss\u0131z Tepe &#8211; Iblis Yolu \u0130kinci Kitap"},"content":{"rendered":"<p>Tan\u0131nmak her zaman iyi de\u011fildir. \u00c7\u00fcnk\u00fc bu kasabada  en \u00e7ok oy ALAN \u00f6l\u00fcr&#8230; Iblis Yolu\u2019ndaki kanl\u0131 bulu\u015fmadan sonra Amber ve Milo \u00e7areyi kuzeye ka\u00e7makta buldu. Ama bu tehlikeli yolda elbette yaln\u0131z de\u011filler. Pe\u015flerindeki be\u015f \u015feytani motorcu  -Cehennem K\u00f6pekleri- ne olursa olsun onlar\u0131 yakalay\u0131p korkun\u00e7 sahiplerine teslim etmeye kararl\u0131.  Amber ve Milo\u2019nun tek umudu \u0130ss\u0131z Tepe\u2019de. Ancak dost canl\u0131s\u0131 olmayan bu esrarengiz kasabada b\u00fcy\u00fck bir s\u0131r, karanl\u0131klar\u0131n ard\u0131na gizlenen bir tehdit ve d\u00f6\u015femelerin alt\u0131nda uyuyan yarat\u0131klar var. Ve y\u0131lda tek bir gece bu s\u0131r sokaklara d\u00f6k\u00fcl\u00fcyor ve cehennemin kap\u0131lar\u0131 ard\u0131na kadar a\u00e7\u0131l\u0131yor. Tabii ki anlad\u0131n\u0131z.  O gece yakla\u015f\u0131yor&#8230; <\/p>\n","protected":false},"excerpt":{"rendered":"<p>Tan\u0131nmak her zaman iyi de\u011fildir. \u00c7\u00fcnk\u00fc bu kasabada en \u00e7ok oy ALAN \u00f6l\u00fcr&#8230; Iblis Yolu\u2019ndaki kanl\u0131 bulu\u015fmadan sonra Amber ve Milo \u00e7areyi kuzeye ka\u00e7makta buldu. Ama<span class=\"excerpt-hellip\"> [\u2026]<\/span><\/p>\n","protected":false},"featured_media":0,"template":"","meta":{"_monsterinsights_skip_tracking":false,"_monsterinsights_sitenote_active":false,"_monsterinsights_sitenote_note":"","_monsterinsights_sitenote_category":0},"product_brand":[],"product_cat":[12291,12711],"product_tag":[],"class_list":{"0":"post-711167","1":"product","2":"type-product","3":"status-publish","5":"product_cat-edebiyat","6":"product_cat-roman-oyku","7":"pa_cilt-ciltsiz","8":"pa_tur-kitap","9":"pa_yayinevi-artemis-yayinlari","10":"pa_yazar-derek-landy","12":"first","13":"instock","14":"sale","15":"shipping-taxable","16":"purchasable","17":"product-type-simple"},"_links":{"self":[{"href":"https:\/\/roveyayinevi.com.tr\/index.php\/wp-json\/wp\/v2\/product\/711167","targetHints":{"allow":["GET"]}}],"collection":[{"href":"https:\/\/roveyayinevi.com.tr\/index.php\/wp-json\/wp\/v2\/product"}],"about":[{"href":"https:\/\/roveyayinevi.com.tr\/index.php\/wp-json\/wp\/v2\/types\/product"}],"wp:attachment":[{"href":"https:\/\/roveyayinevi.com.tr\/index.php\/wp-json\/wp\/v2\/media?parent=711167"}],"wp:term":[{"taxonomy":"product_brand","embeddable":true,"href":"https:\/\/roveyayinevi.com.tr\/index.php\/wp-json\/wp\/v2\/product_brand?post=711167"},{"taxonomy":"product_cat","embeddable":true,"href":"https:\/\/roveyayinevi.com.tr\/index.php\/wp-json\/wp\/v2\/product_cat?post=711167"},{"taxonomy":"product_tag","embeddable":true,"href":"https:\/\/roveyayinevi.com.tr\/index.php\/wp-json\/wp\/v2\/product_tag?post=711167"}],"curies":[{"name":"wp","href":"https:\/\/api.w.org\/{rel}","templated":true}]}}