{"id":711165,"date":"2025-08-27T16:42:49","date_gmt":"2025-08-27T13:42:49","guid":{"rendered":"https:\/\/roveyayinevi.com.tr\/index.php\/urun\/acayip-seyler-dizisi-19-agaclar\/"},"modified":"2026-04-16T02:19:48","modified_gmt":"2026-04-15T23:19:48","slug":"acayip-seyler-dizisi-19-agaclar","status":"publish","type":"product","link":"https:\/\/roveyayinevi.com.tr\/index.php\/urun\/acayip-seyler-dizisi-19-agaclar\/","title":{"rendered":"Acayip \u015eeyler Dizisi 19 A\u011fa\u00e7lar"},"content":{"rendered":"<p>Kitap fuarlar\u0131nda yan\u0131ma gelen birtak\u0131m han\u0131mefendiler ve beyefendiler, \u201cBiz sizin kitaplar\u0131n\u0131zla b\u00fcy\u00fcd\u00fck!\u201d dediklerinde, \u00f6nce bir \u015fa\u015f\u0131r\u0131yorum. I\u00e7imden, \u201cHangi ara b\u00fcy\u00fcd\u00fcn\u00fcz ya?\u201d demek geliyor. Fakat, ilk Acayip \u015eeyler kitab\u0131 \u015eU ACAYIP HAYVANLAR\u2019\u0131n \u00fczerinden on sene ge\u00e7ti\u011fini d\u00fc\u015f\u00fcn\u00fcnce, \u015fa\u015f\u0131rmak i\u00e7in bir sebep olmad\u0131\u011f\u0131n\u0131 anl\u0131yorum. \u00c7\u00fcnk\u00fc ilk kitab\u0131 okudu\u011funda dokuz ya\u015f\u0131nda olanlar, bug\u00fcn on dokuz ya\u015f\u0131ndalar! Evet eski okuyucular\u0131m b\u00fcy\u00fcd\u00fcler, gen\u00e7 oldular. Aralar\u0131nda h\u00e2l\u00e2 daha yeni \u00e7\u0131kan kitaplar\u0131m\u0131 almaya devam edip keyifle okuyanlar var. Evet zaman ge\u00e7iyor. Acayip \u015eeyler dizisinin kitaplar\u0131 \u00e7o\u011fal\u0131yor. Ve dizinin ilk kitab\u0131 \u00e7\u0131kt\u0131\u011f\u0131nda, hen\u00fcz bir incir a\u011fac\u0131n\u0131n yapraklar\u0131ndaki kloroplastlar taraf\u0131ndan fotosentez ile pi\u015firilen bir karbonhidrat molek\u00fcl\u00fc olanlar da, b\u00fcy\u00fcy\u00fcp Acayip \u015eeyler okumaya ba\u015fl\u0131yor! Ya da bir portakal a\u011fac\u0131n\u0131n&#8230; Tabii bir elma a\u011fac\u0131 da olabilir&#8230; Mis kokulu bir \u0131hlamur da&#8230; Veya nar veya ayva&#8230; Han\u0131mefendiler, beyefendiler! On dokuzuncu Acayip \u015eeyler kitab\u0131nda, konumuz a\u011fa\u00e7lar! Daha do\u011frusu, \u015eU ACAYIP A\u011eA\u00c7LAR! Haydi buyrun! \u015eu a\u011fa\u00e7lar\u0131n tatl\u0131 serin g\u00f6lgeli\u011finde biraz oturup sohbet muhabbet edelim.Hangi a\u011fa\u00e7lar\u0131n m\u0131? Fark eder mi? O \u00e7ok zehirli manchineel olmas\u0131n da ne olursa olsun. Zeytin olsun, \u00e7\u0131nar olsun, \u00fczerimize e\u011filmi\u015f, g\u00fcne\u015fin tatl\u0131 \u0131l\u0131k \u0131\u015f\u0131klar\u0131n\u0131 \u00fczerimize para para g\u00f6lgeleyen bir salk\u0131m s\u00f6\u011f\u00fct olsun&#8230; Yeter ki, bir dikili a\u011fac\u0131n\u0131z olsun. \u2013Tar\u0131k Uslu (\u00d6zkan \u00d6ze) <\/p>\n","protected":false},"excerpt":{"rendered":"<p>Kitap fuarlar\u0131nda yan\u0131ma gelen birtak\u0131m han\u0131mefendiler ve beyefendiler, \u201cBiz sizin kitaplar\u0131n\u0131zla b\u00fcy\u00fcd\u00fck!\u201d dediklerinde, \u00f6nce bir \u015fa\u015f\u0131r\u0131yorum. I\u00e7imden, \u201cHangi ara b\u00fcy\u00fcd\u00fcn\u00fcz ya?\u201d demek geliyor. Fakat, ilk Acayip<span class=\"excerpt-hellip\"> [\u2026]<\/span><\/p>\n","protected":false},"featured_media":0,"template":"","meta":{"_monsterinsights_skip_tracking":false,"_monsterinsights_sitenote_active":false,"_monsterinsights_sitenote_note":"","_monsterinsights_sitenote_category":0},"product_brand":[],"product_cat":[12275,12274],"product_tag":[],"class_list":{"0":"post-711165","1":"product","2":"type-product","3":"status-publish","5":"product_cat-6-12-yas-kitaplari","6":"product_cat-cocuk-ve-genclik-kitaplari","7":"pa_cilt-ciltsiz","8":"pa_tur-kitap","9":"pa_yayinevi-ugurbocegi-yayinlari","10":"pa_yazar-tarik-uslu","12":"first","13":"instock","14":"sale","15":"shipping-taxable","16":"purchasable","17":"product-type-simple"},"_links":{"self":[{"href":"https:\/\/roveyayinevi.com.tr\/index.php\/wp-json\/wp\/v2\/product\/711165","targetHints":{"allow":["GET"]}}],"collection":[{"href":"https:\/\/roveyayinevi.com.tr\/index.php\/wp-json\/wp\/v2\/product"}],"about":[{"href":"https:\/\/roveyayinevi.com.tr\/index.php\/wp-json\/wp\/v2\/types\/product"}],"wp:attachment":[{"href":"https:\/\/roveyayinevi.com.tr\/index.php\/wp-json\/wp\/v2\/media?parent=711165"}],"wp:term":[{"taxonomy":"product_brand","embeddable":true,"href":"https:\/\/roveyayinevi.com.tr\/index.php\/wp-json\/wp\/v2\/product_brand?post=711165"},{"taxonomy":"product_cat","embeddable":true,"href":"https:\/\/roveyayinevi.com.tr\/index.php\/wp-json\/wp\/v2\/product_cat?post=711165"},{"taxonomy":"product_tag","embeddable":true,"href":"https:\/\/roveyayinevi.com.tr\/index.php\/wp-json\/wp\/v2\/product_tag?post=711165"}],"curies":[{"name":"wp","href":"https:\/\/api.w.org\/{rel}","templated":true}]}}