{"id":711163,"date":"2025-08-27T16:42:48","date_gmt":"2025-08-27T13:42:48","guid":{"rendered":"https:\/\/roveyayinevi.com.tr\/index.php\/urun\/patlak-zeka-cemcan-internette-basim-dertte\/"},"modified":"2025-08-27T16:42:48","modified_gmt":"2025-08-27T13:42:48","slug":"patlak-zeka-cemcan-internette-basim-dertte","status":"publish","type":"product","link":"https:\/\/roveyayinevi.com.tr\/index.php\/urun\/patlak-zeka-cemcan-internette-basim-dertte\/","title":{"rendered":"Patlak Zeka Cemcan &#8211; \u0130nternette Ba\u015f\u0131m Dertte"},"content":{"rendered":"<p>Patlak Zek\u00e2 Cemcan, arkadas\u0131 Ilayda\u2019n\u0131n bas\u0131n\u0131n b\u00fcy\u00fck birdertte oldugunu \u00f6grenir. \u00d6grenir \u00f6grenmez de her zamankigibi ilgin\u00e7 \u00e7\u00f6z\u00fcm yollar\u0131 aramaya baslar. Arkadaslar\u0131 ile internet\u00fczerinden sat\u0131slar yap\u0131p \u00f6zel dersler vererek para kazanman\u0131npesine d\u00fcserler. Ama baslar\u0131na gelmeyen de kalmaz\u2026Bakal\u0131m Cemcan t\u00fcm bu maceralar\u0131n sonunda k\u00e2rl\u0131\u00e7\u0131kabilecek, ger\u00e7ek bir internet fenomeni olabilecek mi? <\/p>\n","protected":false},"excerpt":{"rendered":"<p>Patlak Zek\u00e2 Cemcan, arkadas\u0131 Ilayda\u2019n\u0131n bas\u0131n\u0131n b\u00fcy\u00fck birdertte oldugunu \u00f6grenir. \u00d6grenir \u00f6grenmez de her zamankigibi ilgin\u00e7 \u00e7\u00f6z\u00fcm yollar\u0131 aramaya baslar. Arkadaslar\u0131 ile internet\u00fczerinden sat\u0131slar yap\u0131p \u00f6zel<span class=\"excerpt-hellip\"> [\u2026]<\/span><\/p>\n","protected":false},"featured_media":0,"template":"","meta":{"_monsterinsights_skip_tracking":false,"_monsterinsights_sitenote_active":false,"_monsterinsights_sitenote_note":"","_monsterinsights_sitenote_category":0},"product_brand":[],"product_cat":[12275,12274],"product_tag":[],"class_list":{"0":"post-711163","1":"product","2":"type-product","3":"status-publish","5":"product_cat-6-12-yas-kitaplari","6":"product_cat-cocuk-ve-genclik-kitaplari","7":"pa_cilt-ciltli","8":"pa_tur-kitap","9":"pa_yayinevi-timas-cocuk","10":"pa_yazar-birsen-ekim-ozen","12":"first","13":"instock","14":"sale","15":"shipping-taxable","16":"purchasable","17":"product-type-simple"},"_links":{"self":[{"href":"https:\/\/roveyayinevi.com.tr\/index.php\/wp-json\/wp\/v2\/product\/711163","targetHints":{"allow":["GET"]}}],"collection":[{"href":"https:\/\/roveyayinevi.com.tr\/index.php\/wp-json\/wp\/v2\/product"}],"about":[{"href":"https:\/\/roveyayinevi.com.tr\/index.php\/wp-json\/wp\/v2\/types\/product"}],"wp:attachment":[{"href":"https:\/\/roveyayinevi.com.tr\/index.php\/wp-json\/wp\/v2\/media?parent=711163"}],"wp:term":[{"taxonomy":"product_brand","embeddable":true,"href":"https:\/\/roveyayinevi.com.tr\/index.php\/wp-json\/wp\/v2\/product_brand?post=711163"},{"taxonomy":"product_cat","embeddable":true,"href":"https:\/\/roveyayinevi.com.tr\/index.php\/wp-json\/wp\/v2\/product_cat?post=711163"},{"taxonomy":"product_tag","embeddable":true,"href":"https:\/\/roveyayinevi.com.tr\/index.php\/wp-json\/wp\/v2\/product_tag?post=711163"}],"curies":[{"name":"wp","href":"https:\/\/api.w.org\/{rel}","templated":true}]}}