{"id":711162,"date":"2025-08-27T16:42:48","date_gmt":"2025-08-27T13:42:48","guid":{"rendered":"https:\/\/roveyayinevi.com.tr\/index.php\/urun\/28-subattan-15-temmuza\/"},"modified":"2026-04-16T02:19:48","modified_gmt":"2026-04-15T23:19:48","slug":"28-subattan-15-temmuza","status":"publish","type":"product","link":"https:\/\/roveyayinevi.com.tr\/index.php\/urun\/28-subattan-15-temmuza\/","title":{"rendered":"28 \u015eubat&#8217;tan 15 Temmuz&#8217;a"},"content":{"rendered":"<p>T\u00fcrkiye\u2019nin Son 20 Y\u0131l\u0131na Dair Siyasi NotlarSiyasetin neredeyse her on y\u0131lda bir darbelerle ve muht\u0131ralarlakesintiye u\u011frad\u0131\u011f\u0131 bir co\u011frafyada ya\u015f\u0131yoruz. Askeri vesayetin,adeta Demokles\u2019in k\u0131l\u0131c\u0131 gibi siyaset kurumunun tepesindedurdu\u011fu ve arada bir onu \u201chizaya \u00e7ekti\u011fi\u201d bir co\u011frafyada&#8230;E\u011fer T\u00fcrkiye\u2019nin son yirmi y\u0131ll\u0131k siyasi tarihini parantez i\u00e7inealacak olsak, muhtemelen iki \u00f6nemli tarih \u00f6n plana \u00e7\u0131kacakt\u0131r:28 \u015eubat 1997 ve 15 Temmuz 2016. Ba\u015flang\u0131\u00e7 noktas\u0131, literat\u00fcre\u201cpostmodern darbe\u201d diye ge\u00e7en 28 \u015eubat\u2019ta, d\u00f6nemin h\u00fck\u00fcmetiistifaya zorlanm\u0131\u015f ve \u201cirtica\u201d etiketiyle bir\u00e7ok insan bask\u0131 vezul\u00fcm g\u00f6rm\u00fc\u015ft\u00fc. Parantezin kapand\u0131\u011f\u0131 nokta olan 15 Temmuz2016 ise, askeri vesayetin de sona erdi\u011fi g\u00fcn olarak tarihege\u00e7mi\u015f oldu. Bir bak\u0131ma, iki parantez aras\u0131nda, T\u00fcrkiye kendiniyeniden in\u015faa etti ve sivil siyaseti h\u00e2kim k\u0131ld\u0131.Adnan Tanr\u0131verdi, 2000\u2019li y\u0131llar\u0131n ba\u015flar\u0131ndan itibaren, \u201caskerivesayet\u201din sona ermesi ad\u0131na, bizzat emekli bir asker olarak en\u00f6n s\u0131rada m\u00fccadele edenlerden biri. Yazar, son yirmi y\u0131l boyunca,T\u00fcrkiye\u2019deki i\u00e7 ve d\u0131\u015f siyasette ya\u015fanan geli\u015fmelere dair g\u00f6r\u00fc\u015fve \u00f6nerilerini kamuoyuyla s\u0131ca\u011f\u0131 s\u0131ca\u011f\u0131na payla\u015ft\u0131\u011f\u0131 bir\u00e7ok metinkaleme ald\u0131. Bu kitapta, bu metinler, tematik bir b\u00fct\u00fcnl\u00fck de g\u00f6z\u00f6n\u00fcnde bulundurularak bir araya getirildi. T\u00fcrkiye\u2019nin son yirmiy\u0131l\u0131na dair siyasi bir hat\u0131rat okumak isteyenlere&#8230;BU K\u0130TAP NEDEN \u00d6NEML\u0130?Yazar, emekli bir asker kimli\u011fiyle kaleme ald\u0131\u011f\u0131 bu kitapta, siyasetteaskeri vesayetin \u00f6n\u00fcne ge\u00e7ilmesi ad\u0131na bir\u00e7ok m\u00fccadelevermi\u015ftir. Kitap, T\u00fcrkiye\u2019nin son yirmi y\u0131ll\u0131k siyasi tarihini g\u00fcncelvakalar \u00fczerinden ele almas\u0131 a\u00e7\u0131s\u0131ndan \u00f6nemli. <\/p>\n","protected":false},"excerpt":{"rendered":"<p>T\u00fcrkiye\u2019nin Son 20 Y\u0131l\u0131na Dair Siyasi NotlarSiyasetin neredeyse her on y\u0131lda bir darbelerle ve muht\u0131ralarlakesintiye u\u011frad\u0131\u011f\u0131 bir co\u011frafyada ya\u015f\u0131yoruz. Askeri vesayetin,adeta Demokles\u2019in k\u0131l\u0131c\u0131 gibi siyaset kurumunun<span class=\"excerpt-hellip\"> [\u2026]<\/span><\/p>\n","protected":false},"featured_media":0,"template":"","meta":{"_monsterinsights_skip_tracking":false,"_monsterinsights_sitenote_active":false,"_monsterinsights_sitenote_note":"","_monsterinsights_sitenote_category":0},"product_brand":[],"product_cat":[12337,14543],"product_tag":[],"class_list":{"0":"post-711162","1":"product","2":"type-product","3":"status-publish","5":"product_cat-politika-siyaset","6":"product_cat-turkiye-siyaseti-ve-politikasi","7":"pa_cilt-ciltsiz","8":"pa_tur-kitap","9":"pa_yayinevi-timas-yayinlari","10":"pa_yazar-adnan-tanriverdi","12":"first","13":"instock","14":"sale","15":"shipping-taxable","16":"purchasable","17":"product-type-simple"},"_links":{"self":[{"href":"https:\/\/roveyayinevi.com.tr\/index.php\/wp-json\/wp\/v2\/product\/711162","targetHints":{"allow":["GET"]}}],"collection":[{"href":"https:\/\/roveyayinevi.com.tr\/index.php\/wp-json\/wp\/v2\/product"}],"about":[{"href":"https:\/\/roveyayinevi.com.tr\/index.php\/wp-json\/wp\/v2\/types\/product"}],"wp:attachment":[{"href":"https:\/\/roveyayinevi.com.tr\/index.php\/wp-json\/wp\/v2\/media?parent=711162"}],"wp:term":[{"taxonomy":"product_brand","embeddable":true,"href":"https:\/\/roveyayinevi.com.tr\/index.php\/wp-json\/wp\/v2\/product_brand?post=711162"},{"taxonomy":"product_cat","embeddable":true,"href":"https:\/\/roveyayinevi.com.tr\/index.php\/wp-json\/wp\/v2\/product_cat?post=711162"},{"taxonomy":"product_tag","embeddable":true,"href":"https:\/\/roveyayinevi.com.tr\/index.php\/wp-json\/wp\/v2\/product_tag?post=711162"}],"curies":[{"name":"wp","href":"https:\/\/api.w.org\/{rel}","templated":true}]}}