{"id":711159,"date":"2025-08-27T16:42:46","date_gmt":"2025-08-27T13:42:46","guid":{"rendered":"https:\/\/roveyayinevi.com.tr\/index.php\/urun\/resfebe-resimli-kelime-oyunlari\/"},"modified":"2026-04-16T02:19:48","modified_gmt":"2026-04-15T23:19:48","slug":"resfebe-resimli-kelime-oyunlari","status":"publish","type":"product","link":"https:\/\/roveyayinevi.com.tr\/index.php\/urun\/resfebe-resimli-kelime-oyunlari\/","title":{"rendered":"Resfebe Resimli Kelime Oyunlar\u0131"},"content":{"rendered":"<p>Resfebe; kelime veya kelime gruplar\u0131n\u0131n, harf, say\u0131 ve resimlerle temsil edilmesiyle olu\u015fturulan bir oyundur. Resfebe sadece bir oyun de\u011fil; sanat ve bilimin, hayal g\u00fcc\u00fc ve zek\u00e2n\u0131n bulu\u015fma noktas\u0131d\u0131r. Farkl\u0131 y\u00f6ntemler kullanarak size \u00e7\u00f6z\u00fcme ula\u015fmay\u0131 \u00f6\u011fretecek olan Resfebe \u00e7al\u0131\u015fmalar\u0131nda zamanla \u00e7\u00f6z\u00fcm yetene\u011finizin geli\u015fti\u011fine bizzat tan\u0131k olacaks\u0131n\u0131z.Haydi sayfalar\u0131 \u00e7evirin ve Resfebe sorular\u0131n\u0131 \u00e7\u00f6zmeye ba\u015flay\u0131n.<\/p>\n","protected":false},"excerpt":{"rendered":"<p>Resfebe; kelime veya kelime gruplar\u0131n\u0131n, harf, say\u0131 ve resimlerle temsil edilmesiyle olu\u015fturulan bir oyundur. Resfebe sadece bir oyun de\u011fil; sanat ve bilimin, hayal g\u00fcc\u00fc ve zek\u00e2n\u0131n<span class=\"excerpt-hellip\"> [\u2026]<\/span><\/p>\n","protected":false},"featured_media":0,"template":"","meta":{"_monsterinsights_skip_tracking":false,"_monsterinsights_sitenote_active":false,"_monsterinsights_sitenote_note":"","_monsterinsights_sitenote_category":0},"product_brand":[],"product_cat":[12274,12518],"product_tag":[],"class_list":{"0":"post-711159","1":"product","2":"type-product","3":"status-publish","5":"product_cat-cocuk-ve-genclik-kitaplari","6":"product_cat-okul-oncesi-kitaplar","7":"pa_cilt-ciltsiz","8":"pa_tur-kitap","9":"pa_yayinevi-genc-hayat","10":"pa_yazar-oguz-saygin-ekrem-saygin","12":"first","13":"instock","14":"sale","15":"shipping-taxable","16":"purchasable","17":"product-type-simple"},"_links":{"self":[{"href":"https:\/\/roveyayinevi.com.tr\/index.php\/wp-json\/wp\/v2\/product\/711159","targetHints":{"allow":["GET"]}}],"collection":[{"href":"https:\/\/roveyayinevi.com.tr\/index.php\/wp-json\/wp\/v2\/product"}],"about":[{"href":"https:\/\/roveyayinevi.com.tr\/index.php\/wp-json\/wp\/v2\/types\/product"}],"wp:attachment":[{"href":"https:\/\/roveyayinevi.com.tr\/index.php\/wp-json\/wp\/v2\/media?parent=711159"}],"wp:term":[{"taxonomy":"product_brand","embeddable":true,"href":"https:\/\/roveyayinevi.com.tr\/index.php\/wp-json\/wp\/v2\/product_brand?post=711159"},{"taxonomy":"product_cat","embeddable":true,"href":"https:\/\/roveyayinevi.com.tr\/index.php\/wp-json\/wp\/v2\/product_cat?post=711159"},{"taxonomy":"product_tag","embeddable":true,"href":"https:\/\/roveyayinevi.com.tr\/index.php\/wp-json\/wp\/v2\/product_tag?post=711159"}],"curies":[{"name":"wp","href":"https:\/\/api.w.org\/{rel}","templated":true}]}}