{"id":711158,"date":"2025-08-27T16:42:46","date_gmt":"2025-08-27T13:42:46","guid":{"rendered":"https:\/\/roveyayinevi.com.tr\/index.php\/urun\/seruven-pesinde-9-efsaneler-gezegeni\/"},"modified":"2026-04-16T02:19:48","modified_gmt":"2026-04-15T23:19:48","slug":"seruven-pesinde-9-efsaneler-gezegeni","status":"publish","type":"product","link":"https:\/\/roveyayinevi.com.tr\/index.php\/urun\/seruven-pesinde-9-efsaneler-gezegeni\/","title":{"rendered":"Ser\u00fcven Pe\u015finde 9 Efsaneler Gezegeni"},"content":{"rendered":"<p>Ufakl\u0131k\u2019la Gizem, Kara Y\u0131ld\u0131z\u2019daki arkada\u015flar\u0131ndan yard\u0131m \u00e7a\u011fr\u0131s\u0131 al\u0131rlar. G\u00f6nderdikleri uzay gemisi onlar\u0131, insanlar\u0131n ilk \u00e7a\u011f\u0131  ya\u015fad\u0131klar\u0131 bir gezegene getirir. Efsane bildikleri b\u00fct\u00fcn ola\u011fan\u00fcst\u00fc varl\u0131klar\u0131; devleri, ejderleri, sfenksleri, su perilerini, u\u00e7an atlar\u0131, y\u00fcr\u00fcyen a\u011fa\u00e7lar\u0131 burada, kar\u015f\u0131lar\u0131nda bulurlar. Arkada\u015flar\u0131 Kayra ile Bayca ise, bir sava\u015f \u00e7\u0131lg\u0131n\u0131 olan Ares\u2019in elindedir. Onlar\u0131 kurtarmak i\u00e7in zorlu bir ser\u00fcvene at\u0131l\u0131rlar. Tutsak d\u00fc\u015ft\u00fckleri kentte, \u00f6d\u00fcl\u00fcn ya\u015famak oldu\u011fu s\u0131navlardan ge\u00e7erler. K\u00f6lelikten yurtta\u015fl\u0131\u011fa, bilgeli\u011fe y\u00fckselirler.  Yine de, arkada\u015flar\u0131 u\u011fruna yollara d\u00fc\u015ferler. Yenilmez ejderi yenerek alt\u0131n posta ula\u015f\u0131rlar. Da\u011f Adamlar\u0131\u2019n\u0131n dostlu\u011funu kazan\u0131p Uluda\u011f\u2019a giden yolu bulurlar. Yan\u0131ts\u0131z sorular\u0131 yan\u0131tlay\u0131p sfenksleri a\u015farlar. Prometheus\u2019u \u00f6zg\u00fcrl\u00fc\u011fe kavu\u015ftururlar. Avc\u0131larla, \u00e7ift\u00e7ilerle birlikte insanlar\u0131n d\u00fc\u015fman\u0131 Ares\u2019e kar\u015f\u0131 sava\u015f\u0131rlar. Ba\u015far\u0131dan ba\u015far\u0131ya ko\u015farak onu alt etmeyi ba\u015far\u0131rlar. Arkada\u015flar\u0131n\u0131 kurtar\u0131p geri d\u00f6nerler.Siz de, tehlikelerle dolu bu ser\u00fcvende, Ufakl\u0131k ve Gizem\u2019le birlikte olmak istemez misiniz? O zaman;   HAYD\u0130 \u00c7OCUKLAR, SER\u00dcVEN PE\u015e\u0130NE&#8230; <\/p>\n","protected":false},"excerpt":{"rendered":"<p>Ufakl\u0131k\u2019la Gizem, Kara Y\u0131ld\u0131z\u2019daki arkada\u015flar\u0131ndan yard\u0131m \u00e7a\u011fr\u0131s\u0131 al\u0131rlar. G\u00f6nderdikleri uzay gemisi onlar\u0131, insanlar\u0131n ilk \u00e7a\u011f\u0131 ya\u015fad\u0131klar\u0131 bir gezegene getirir. Efsane bildikleri b\u00fct\u00fcn ola\u011fan\u00fcst\u00fc varl\u0131klar\u0131; devleri, ejderleri,<span class=\"excerpt-hellip\"> [\u2026]<\/span><\/p>\n","protected":false},"featured_media":0,"template":"","meta":{"_monsterinsights_skip_tracking":false,"_monsterinsights_sitenote_active":false,"_monsterinsights_sitenote_note":"","_monsterinsights_sitenote_category":0},"product_brand":[],"product_cat":[12275,12274],"product_tag":[],"class_list":{"0":"post-711158","1":"product","2":"type-product","3":"status-publish","5":"product_cat-6-12-yas-kitaplari","6":"product_cat-cocuk-ve-genclik-kitaplari","7":"pa_cilt-ciltsiz","8":"pa_tur-kitap","9":"pa_yayinevi-genc-hayat","10":"pa_yazar-tuncel-altinkopru","12":"first","13":"instock","14":"sale","15":"shipping-taxable","16":"purchasable","17":"product-type-simple"},"_links":{"self":[{"href":"https:\/\/roveyayinevi.com.tr\/index.php\/wp-json\/wp\/v2\/product\/711158","targetHints":{"allow":["GET"]}}],"collection":[{"href":"https:\/\/roveyayinevi.com.tr\/index.php\/wp-json\/wp\/v2\/product"}],"about":[{"href":"https:\/\/roveyayinevi.com.tr\/index.php\/wp-json\/wp\/v2\/types\/product"}],"wp:attachment":[{"href":"https:\/\/roveyayinevi.com.tr\/index.php\/wp-json\/wp\/v2\/media?parent=711158"}],"wp:term":[{"taxonomy":"product_brand","embeddable":true,"href":"https:\/\/roveyayinevi.com.tr\/index.php\/wp-json\/wp\/v2\/product_brand?post=711158"},{"taxonomy":"product_cat","embeddable":true,"href":"https:\/\/roveyayinevi.com.tr\/index.php\/wp-json\/wp\/v2\/product_cat?post=711158"},{"taxonomy":"product_tag","embeddable":true,"href":"https:\/\/roveyayinevi.com.tr\/index.php\/wp-json\/wp\/v2\/product_tag?post=711158"}],"curies":[{"name":"wp","href":"https:\/\/api.w.org\/{rel}","templated":true}]}}