{"id":711157,"date":"2025-08-27T16:42:45","date_gmt":"2025-08-27T13:42:45","guid":{"rendered":"https:\/\/roveyayinevi.com.tr\/index.php\/urun\/seruven-pesinde-11-istanbulda-tehlike\/"},"modified":"2026-04-16T02:19:48","modified_gmt":"2026-04-15T23:19:48","slug":"seruven-pesinde-11-istanbulda-tehlike","status":"publish","type":"product","link":"https:\/\/roveyayinevi.com.tr\/index.php\/urun\/seruven-pesinde-11-istanbulda-tehlike\/","title":{"rendered":"Ser\u00fcven Pe\u015finde 11 \u0130stanbul&#8217;da Tehlike"},"content":{"rendered":"<p>Ser\u00fcven, Ufakl\u0131k&#8217;a yanl\u0131\u015fl\u0131kla verilen bir cep telefonuyla ba\u015flar. \u00c7ocuklar kendilerini bir anda, \u0130stanbul&#8217;u kan g\u00f6l\u00fcne \u00e7evirmek isteyen ter\u00f6r \u00f6rg\u00fctlerinin ortas\u0131nda bulurlar. Ter\u00f6ristlerin as\u0131l hedefi, d\u00fcnyan\u0131n \u00f6nde gelen devlet ba\u015fkanlar\u0131n\u0131n da kat\u0131ld\u0131\u011f\u0131 D\u00fcnya G\u00fcvenlik \u00d6rg\u00fct\u00fc&#8217;n\u00fcn \u0130stanbul toplant\u0131s\u0131d\u0131r. Bu arada, \u00f6l\u00fcmc\u00fcl bir gaz\u0131n etkisindeki Ajan X i\u00e7in \u00f6l\u00fcm emri \u00e7\u0131kar\u0131lm\u0131\u015ft\u0131r. Kahramanlar\u0131m\u0131z, zor durumdaki bu ajana yard\u0131m ellerini uzat\u0131rlar. Hem onu i\u00e7ine d\u00fc\u015ft\u00fc\u011f\u00fc \u00f6l\u00fcm tuza\u011f\u0131ndan \u00e7ekip \u00e7\u0131kar\u0131rlar hem de \u0130stanbul&#8217;u ve t\u00fcm d\u00fcnyay\u0131 ter\u00f6ristlerin pen\u00e7esinden kurtar\u0131rlar. Bu soluk kesici maceray\u0131 Ufakl\u0131k <\/p>\n","protected":false},"excerpt":{"rendered":"<p>Ser\u00fcven, Ufakl\u0131k&#8217;a yanl\u0131\u015fl\u0131kla verilen bir cep telefonuyla ba\u015flar. \u00c7ocuklar kendilerini bir anda, \u0130stanbul&#8217;u kan g\u00f6l\u00fcne \u00e7evirmek isteyen ter\u00f6r \u00f6rg\u00fctlerinin ortas\u0131nda bulurlar. Ter\u00f6ristlerin as\u0131l hedefi, d\u00fcnyan\u0131n \u00f6nde<span class=\"excerpt-hellip\"> [\u2026]<\/span><\/p>\n","protected":false},"featured_media":0,"template":"","meta":{"_monsterinsights_skip_tracking":false,"_monsterinsights_sitenote_active":false,"_monsterinsights_sitenote_note":"","_monsterinsights_sitenote_category":0},"product_brand":[],"product_cat":[12275,12274],"product_tag":[],"class_list":{"0":"post-711157","1":"product","2":"type-product","3":"status-publish","5":"product_cat-6-12-yas-kitaplari","6":"product_cat-cocuk-ve-genclik-kitaplari","7":"pa_cilt-ciltsiz","8":"pa_tur-kitap","9":"pa_yayinevi-genc-hayat","10":"pa_yazar-tuncel-altinkopru","12":"first","13":"instock","14":"sale","15":"shipping-taxable","16":"purchasable","17":"product-type-simple"},"_links":{"self":[{"href":"https:\/\/roveyayinevi.com.tr\/index.php\/wp-json\/wp\/v2\/product\/711157","targetHints":{"allow":["GET"]}}],"collection":[{"href":"https:\/\/roveyayinevi.com.tr\/index.php\/wp-json\/wp\/v2\/product"}],"about":[{"href":"https:\/\/roveyayinevi.com.tr\/index.php\/wp-json\/wp\/v2\/types\/product"}],"wp:attachment":[{"href":"https:\/\/roveyayinevi.com.tr\/index.php\/wp-json\/wp\/v2\/media?parent=711157"}],"wp:term":[{"taxonomy":"product_brand","embeddable":true,"href":"https:\/\/roveyayinevi.com.tr\/index.php\/wp-json\/wp\/v2\/product_brand?post=711157"},{"taxonomy":"product_cat","embeddable":true,"href":"https:\/\/roveyayinevi.com.tr\/index.php\/wp-json\/wp\/v2\/product_cat?post=711157"},{"taxonomy":"product_tag","embeddable":true,"href":"https:\/\/roveyayinevi.com.tr\/index.php\/wp-json\/wp\/v2\/product_tag?post=711157"}],"curies":[{"name":"wp","href":"https:\/\/api.w.org\/{rel}","templated":true}]}}